{"id":21,"date":"2019-02-04T11:11:48","date_gmt":"2019-02-04T11:11:48","guid":{"rendered":"http:\/\/wordpress.andreas-pfeiffer.de\/?page_id=21"},"modified":"2025-10-13T17:53:41","modified_gmt":"2025-10-13T17:53:41","slug":"aktivitaeten-von-andreas-pfeiffer","status":"publish","type":"page","link":"https:\/\/andreas-pfeiffer.de\/?page_id=21","title":{"rendered":"Aktivit\u00e4ten"},"content":{"rendered":"\r\n<figure class=\"wp-block-image\"><img loading=\"lazy\" decoding=\"async\" width=\"1024\" height=\"293\" class=\"wp-image-314\" src=\"http:\/\/wordpress.andreas-pfeiffer.de\/wp-content\/uploads\/2019\/02\/electrocardiogram-16948_1920-1024x293.jpg\" alt=\"\" srcset=\"https:\/\/andreas-pfeiffer.de\/wp-content\/uploads\/2019\/02\/electrocardiogram-16948_1920-1024x293.jpg 1024w, https:\/\/andreas-pfeiffer.de\/wp-content\/uploads\/2019\/02\/electrocardiogram-16948_1920-300x86.jpg 300w, https:\/\/andreas-pfeiffer.de\/wp-content\/uploads\/2019\/02\/electrocardiogram-16948_1920-768x220.jpg 768w, https:\/\/andreas-pfeiffer.de\/wp-content\/uploads\/2019\/02\/electrocardiogram-16948_1920.jpg 1920w\" sizes=\"auto, (max-width: 1024px) 100vw, 1024px\" \/><\/figure>\r\n\r\n\r\n\r\n<p><span style=\"color: #000000;\">Auf den folgenden Unterseiten erfahren Sie mehr \u00fcber meine Aktivit\u00e4ten:<\/span><\/p>\r\n\r\n\r\n\r\n<ul class=\"wp-block-list\">\r\n<li><a href=\"https:\/\/andreas-pfeiffer.de\/?page_id=1033\">Podcast<\/a><\/li>\r\n<li><a href=\"http:\/\/wordpress.andreas-pfeiffer.de\/?page_id=24\">Seminare<\/a><\/li>\r\n<li><a href=\"http:\/\/wordpress.andreas-pfeiffer.de\/?page_id=27\">Ver\u00f6ffentlichungen<\/a><\/li>\r\n<li><a href=\"http:\/\/wordpress.andreas-pfeiffer.de\/?page_id=30\">Vortr\u00e4ge<\/a><\/li>\r\n<li><a href=\"http:\/\/wordpress.andreas-pfeiffer.de\/?page_id=33\">Vorlesungen<\/a><\/li>\r\n<li><a href=\"http:\/\/wordpress.andreas-pfeiffer.de\/?page_id=49\">Ausbildungsangebote<\/a><\/li>\r\n<li><a href=\"http:\/\/wordpress.andreas-pfeiffer.de\/?page_id=37\">beruflichen Schwerpunkte<\/a><\/li>\r\n<li><a href=\"http:\/\/wordpress.andreas-pfeiffer.de\/?page_id=40\">Leitlinien<\/a><\/li>\r\n<li><a href=\"http:\/\/wordpress.andreas-pfeiffer.de\/?page_id=43\">Studium<\/a><\/li>\r\n<li><a href=\"http:\/\/wordpress.andreas-pfeiffer.de\/?page_id=46\">Forschung<\/a><\/li>\r\n<\/ul>\r\n","protected":false},"excerpt":{"rendered":"<p>Auf den folgenden Unterseiten erfahren Sie mehr \u00fcber meine Aktivit\u00e4ten: Podcast Seminare Ver\u00f6ffentlichungen Vortr\u00e4ge Vorlesungen Ausbildungsangebote beruflichen Schwerpunkte Leitlinien Studium Forschung<\/p>\n","protected":false},"author":1,"featured_media":0,"parent":0,"menu_order":0,"comment_status":"closed","ping_status":"closed","template":"","meta":{"footnotes":""},"class_list":["post-21","page","type-page","status-publish","hentry"],"yoast_head":"<!-- This site is optimized with the Yoast SEO plugin v27.4 - https:\/\/yoast.com\/product\/yoast-seo-wordpress\/ -->\n<title>Aktivit\u00e4ten - Andreas Pfeiffer<\/title>\n<meta name=\"description\" content=\"Auf dieser Seite erfahren Sie mehr \u00fcber die Aktivit\u00e4ten von Andreas Pfeiffer und k\u00f6nnen gezielt die Themen-Unterseiten w\u00e4hlen.\" \/>\n<meta name=\"robots\" content=\"index, follow, max-snippet:-1, max-image-preview:large, max-video-preview:-1\" \/>\n<link rel=\"canonical\" href=\"https:\/\/andreas-pfeiffer.de\/?page_id=21\" \/>\n<meta property=\"og:locale\" content=\"de_DE\" \/>\n<meta property=\"og:type\" content=\"article\" \/>\n<meta property=\"og:title\" content=\"Aktivit\u00e4ten - Andreas Pfeiffer\" \/>\n<meta property=\"og:description\" content=\"Auf dieser Seite erfahren Sie mehr \u00fcber die Aktivit\u00e4ten von Andreas Pfeiffer und k\u00f6nnen gezielt die Themen-Unterseiten w\u00e4hlen.\" \/>\n<meta property=\"og:url\" content=\"https:\/\/andreas-pfeiffer.de\/?page_id=21\" \/>\n<meta property=\"og:site_name\" content=\"Andreas Pfeiffer\" \/>\n<meta property=\"article:modified_time\" content=\"2025-10-13T17:53:41+00:00\" \/>\n<meta property=\"og:image\" content=\"https:\/\/andreas-pfeiffer.de\/wp-content\/uploads\/2019\/02\/electrocardiogram-16948_1920.jpg\" \/>\n\t<meta property=\"og:image:width\" content=\"1920\" \/>\n\t<meta property=\"og:image:height\" content=\"550\" \/>\n\t<meta property=\"og:image:type\" content=\"image\/jpeg\" \/>\n<meta name=\"twitter:card\" content=\"summary_large_image\" \/>\n<meta name=\"twitter:label1\" content=\"Gesch\u00e4tzte Lesezeit\" \/>\n\t<meta name=\"twitter:data1\" content=\"1\u00a0Minute\" \/>\n<script type=\"application\/ld+json\" class=\"yoast-schema-graph\">{\"@context\":\"https:\\\/\\\/schema.org\",\"@graph\":[{\"@type\":\"WebPage\",\"@id\":\"https:\\\/\\\/andreas-pfeiffer.de\\\/?page_id=21\",\"url\":\"https:\\\/\\\/andreas-pfeiffer.de\\\/?page_id=21\",\"name\":\"Aktivit\u00e4ten - Andreas Pfeiffer\",\"isPartOf\":{\"@id\":\"https:\\\/\\\/andreas-pfeiffer.de\\\/#website\"},\"primaryImageOfPage\":{\"@id\":\"https:\\\/\\\/andreas-pfeiffer.de\\\/?page_id=21#primaryimage\"},\"image\":{\"@id\":\"https:\\\/\\\/andreas-pfeiffer.de\\\/?page_id=21#primaryimage\"},\"thumbnailUrl\":\"http:\\\/\\\/wordpress.andreas-pfeiffer.de\\\/wp-content\\\/uploads\\\/2019\\\/02\\\/electrocardiogram-16948_1920-1024x293.jpg\",\"datePublished\":\"2019-02-04T11:11:48+00:00\",\"dateModified\":\"2025-10-13T17:53:41+00:00\",\"description\":\"Auf dieser Seite erfahren Sie mehr \u00fcber die Aktivit\u00e4ten von Andreas Pfeiffer und k\u00f6nnen gezielt die Themen-Unterseiten w\u00e4hlen.\",\"breadcrumb\":{\"@id\":\"https:\\\/\\\/andreas-pfeiffer.de\\\/?page_id=21#breadcrumb\"},\"inLanguage\":\"de\",\"potentialAction\":[{\"@type\":\"ReadAction\",\"target\":[\"https:\\\/\\\/andreas-pfeiffer.de\\\/?page_id=21\"]}]},{\"@type\":\"ImageObject\",\"inLanguage\":\"de\",\"@id\":\"https:\\\/\\\/andreas-pfeiffer.de\\\/?page_id=21#primaryimage\",\"url\":\"http:\\\/\\\/wordpress.andreas-pfeiffer.de\\\/wp-content\\\/uploads\\\/2019\\\/02\\\/electrocardiogram-16948_1920-1024x293.jpg\",\"contentUrl\":\"http:\\\/\\\/wordpress.andreas-pfeiffer.de\\\/wp-content\\\/uploads\\\/2019\\\/02\\\/electrocardiogram-16948_1920-1024x293.jpg\"},{\"@type\":\"BreadcrumbList\",\"@id\":\"https:\\\/\\\/andreas-pfeiffer.de\\\/?page_id=21#breadcrumb\",\"itemListElement\":[{\"@type\":\"ListItem\",\"position\":1,\"name\":\"Startseite\",\"item\":\"https:\\\/\\\/andreas-pfeiffer.de\\\/\"},{\"@type\":\"ListItem\",\"position\":2,\"name\":\"Aktivit\u00e4ten\"}]},{\"@type\":\"WebSite\",\"@id\":\"https:\\\/\\\/andreas-pfeiffer.de\\\/#website\",\"url\":\"https:\\\/\\\/andreas-pfeiffer.de\\\/\",\"name\":\"Andreas Pfeiffer\",\"description\":\"Ergotherapeut\",\"publisher\":{\"@id\":\"https:\\\/\\\/andreas-pfeiffer.de\\\/#\\\/schema\\\/person\\\/faf4c19532443b2c6dab5f647e1e4a99\"},\"potentialAction\":[{\"@type\":\"SearchAction\",\"target\":{\"@type\":\"EntryPoint\",\"urlTemplate\":\"https:\\\/\\\/andreas-pfeiffer.de\\\/?s={search_term_string}\"},\"query-input\":{\"@type\":\"PropertyValueSpecification\",\"valueRequired\":true,\"valueName\":\"search_term_string\"}}],\"inLanguage\":\"de\"},{\"@type\":[\"Person\",\"Organization\"],\"@id\":\"https:\\\/\\\/andreas-pfeiffer.de\\\/#\\\/schema\\\/person\\\/faf4c19532443b2c6dab5f647e1e4a99\",\"name\":\"Andreas Pfeiffer\",\"image\":{\"@type\":\"ImageObject\",\"inLanguage\":\"de\",\"@id\":\"http:\\\/\\\/andreas-pfeiffer.de\\\/wp-content\\\/uploads\\\/2019\\\/02\\\/Bild2018.jpg\",\"url\":\"http:\\\/\\\/andreas-pfeiffer.de\\\/wp-content\\\/uploads\\\/2019\\\/02\\\/Bild2018.jpg\",\"contentUrl\":\"http:\\\/\\\/andreas-pfeiffer.de\\\/wp-content\\\/uploads\\\/2019\\\/02\\\/Bild2018.jpg\",\"width\":1072,\"height\":712,\"caption\":\"Andreas Pfeiffer\"},\"logo\":{\"@id\":\"http:\\\/\\\/andreas-pfeiffer.de\\\/wp-content\\\/uploads\\\/2019\\\/02\\\/Bild2018.jpg\"}}]}<\/script>\n<!-- \/ Yoast SEO plugin. -->","yoast_head_json":{"title":"Aktivit\u00e4ten - Andreas Pfeiffer","description":"Auf dieser Seite erfahren Sie mehr \u00fcber die Aktivit\u00e4ten von Andreas Pfeiffer und k\u00f6nnen gezielt die Themen-Unterseiten w\u00e4hlen.","robots":{"index":"index","follow":"follow","max-snippet":"max-snippet:-1","max-image-preview":"max-image-preview:large","max-video-preview":"max-video-preview:-1"},"canonical":"https:\/\/andreas-pfeiffer.de\/?page_id=21","og_locale":"de_DE","og_type":"article","og_title":"Aktivit\u00e4ten - Andreas Pfeiffer","og_description":"Auf dieser Seite erfahren Sie mehr \u00fcber die Aktivit\u00e4ten von Andreas Pfeiffer und k\u00f6nnen gezielt die Themen-Unterseiten w\u00e4hlen.","og_url":"https:\/\/andreas-pfeiffer.de\/?page_id=21","og_site_name":"Andreas Pfeiffer","article_modified_time":"2025-10-13T17:53:41+00:00","og_image":[{"width":1920,"height":550,"url":"https:\/\/andreas-pfeiffer.de\/wp-content\/uploads\/2019\/02\/electrocardiogram-16948_1920.jpg","type":"image\/jpeg"}],"twitter_card":"summary_large_image","twitter_misc":{"Gesch\u00e4tzte Lesezeit":"1\u00a0Minute"},"schema":{"@context":"https:\/\/schema.org","@graph":[{"@type":"WebPage","@id":"https:\/\/andreas-pfeiffer.de\/?page_id=21","url":"https:\/\/andreas-pfeiffer.de\/?page_id=21","name":"Aktivit\u00e4ten - Andreas Pfeiffer","isPartOf":{"@id":"https:\/\/andreas-pfeiffer.de\/#website"},"primaryImageOfPage":{"@id":"https:\/\/andreas-pfeiffer.de\/?page_id=21#primaryimage"},"image":{"@id":"https:\/\/andreas-pfeiffer.de\/?page_id=21#primaryimage"},"thumbnailUrl":"http:\/\/wordpress.andreas-pfeiffer.de\/wp-content\/uploads\/2019\/02\/electrocardiogram-16948_1920-1024x293.jpg","datePublished":"2019-02-04T11:11:48+00:00","dateModified":"2025-10-13T17:53:41+00:00","description":"Auf dieser Seite erfahren Sie mehr \u00fcber die Aktivit\u00e4ten von Andreas Pfeiffer und k\u00f6nnen gezielt die Themen-Unterseiten w\u00e4hlen.","breadcrumb":{"@id":"https:\/\/andreas-pfeiffer.de\/?page_id=21#breadcrumb"},"inLanguage":"de","potentialAction":[{"@type":"ReadAction","target":["https:\/\/andreas-pfeiffer.de\/?page_id=21"]}]},{"@type":"ImageObject","inLanguage":"de","@id":"https:\/\/andreas-pfeiffer.de\/?page_id=21#primaryimage","url":"http:\/\/wordpress.andreas-pfeiffer.de\/wp-content\/uploads\/2019\/02\/electrocardiogram-16948_1920-1024x293.jpg","contentUrl":"http:\/\/wordpress.andreas-pfeiffer.de\/wp-content\/uploads\/2019\/02\/electrocardiogram-16948_1920-1024x293.jpg"},{"@type":"BreadcrumbList","@id":"https:\/\/andreas-pfeiffer.de\/?page_id=21#breadcrumb","itemListElement":[{"@type":"ListItem","position":1,"name":"Startseite","item":"https:\/\/andreas-pfeiffer.de\/"},{"@type":"ListItem","position":2,"name":"Aktivit\u00e4ten"}]},{"@type":"WebSite","@id":"https:\/\/andreas-pfeiffer.de\/#website","url":"https:\/\/andreas-pfeiffer.de\/","name":"Andreas Pfeiffer","description":"Ergotherapeut","publisher":{"@id":"https:\/\/andreas-pfeiffer.de\/#\/schema\/person\/faf4c19532443b2c6dab5f647e1e4a99"},"potentialAction":[{"@type":"SearchAction","target":{"@type":"EntryPoint","urlTemplate":"https:\/\/andreas-pfeiffer.de\/?s={search_term_string}"},"query-input":{"@type":"PropertyValueSpecification","valueRequired":true,"valueName":"search_term_string"}}],"inLanguage":"de"},{"@type":["Person","Organization"],"@id":"https:\/\/andreas-pfeiffer.de\/#\/schema\/person\/faf4c19532443b2c6dab5f647e1e4a99","name":"Andreas Pfeiffer","image":{"@type":"ImageObject","inLanguage":"de","@id":"http:\/\/andreas-pfeiffer.de\/wp-content\/uploads\/2019\/02\/Bild2018.jpg","url":"http:\/\/andreas-pfeiffer.de\/wp-content\/uploads\/2019\/02\/Bild2018.jpg","contentUrl":"http:\/\/andreas-pfeiffer.de\/wp-content\/uploads\/2019\/02\/Bild2018.jpg","width":1072,"height":712,"caption":"Andreas Pfeiffer"},"logo":{"@id":"http:\/\/andreas-pfeiffer.de\/wp-content\/uploads\/2019\/02\/Bild2018.jpg"}}]}},"_links":{"self":[{"href":"https:\/\/andreas-pfeiffer.de\/index.php?rest_route=\/wp\/v2\/pages\/21","targetHints":{"allow":["GET"]}}],"collection":[{"href":"https:\/\/andreas-pfeiffer.de\/index.php?rest_route=\/wp\/v2\/pages"}],"about":[{"href":"https:\/\/andreas-pfeiffer.de\/index.php?rest_route=\/wp\/v2\/types\/page"}],"author":[{"embeddable":true,"href":"https:\/\/andreas-pfeiffer.de\/index.php?rest_route=\/wp\/v2\/users\/1"}],"replies":[{"embeddable":true,"href":"https:\/\/andreas-pfeiffer.de\/index.php?rest_route=%2Fwp%2Fv2%2Fcomments&post=21"}],"version-history":[{"count":10,"href":"https:\/\/andreas-pfeiffer.de\/index.php?rest_route=\/wp\/v2\/pages\/21\/revisions"}],"predecessor-version":[{"id":1991,"href":"https:\/\/andreas-pfeiffer.de\/index.php?rest_route=\/wp\/v2\/pages\/21\/revisions\/1991"}],"wp:attachment":[{"href":"https:\/\/andreas-pfeiffer.de\/index.php?rest_route=%2Fwp%2Fv2%2Fmedia&parent=21"}],"curies":[{"name":"wp","href":"https:\/\/api.w.org\/{rel}","templated":true}]}}