{"id":37,"date":"2019-02-04T11:16:55","date_gmt":"2019-02-04T11:16:55","guid":{"rendered":"http:\/\/wordpress.andreas-pfeiffer.de\/?page_id=37"},"modified":"2024-01-06T14:53:15","modified_gmt":"2024-01-06T14:53:15","slug":"beruflich","status":"publish","type":"page","link":"https:\/\/andreas-pfeiffer.de\/?page_id=37","title":{"rendered":"Beruflich"},"content":{"rendered":"\r\n<figure class=\"wp-block-image\"><img loading=\"lazy\" decoding=\"async\" width=\"671\" height=\"447\" class=\"wp-image-402\" src=\"http:\/\/wordpress.andreas-pfeiffer.de\/wp-content\/uploads\/2019\/02\/Polylooks_618354_beruflich_s.jpg\" alt=\"\" srcset=\"https:\/\/andreas-pfeiffer.de\/wp-content\/uploads\/2019\/02\/Polylooks_618354_beruflich_s.jpg 671w, https:\/\/andreas-pfeiffer.de\/wp-content\/uploads\/2019\/02\/Polylooks_618354_beruflich_s-300x200.jpg 300w, https:\/\/andreas-pfeiffer.de\/wp-content\/uploads\/2019\/02\/Polylooks_618354_beruflich_s-330x220.jpg 330w\" sizes=\"auto, (max-width: 671px) 100vw, 671px\" \/><\/figure>\r\n\r\n\r\n\r\n<p>Nach den ersten Berufsjahren in der sozialtherapeutischer Rehabilitation, dem Aufbau und der Leitung einer Fachschule f\u00fcr Ergotherapie, einer Weiterbildung, zwei berufsbegleitenden Studieng\u00e4ngen und fast 20 Jahren T\u00e4tigkeit in einer psychiatrischen Klinik wurde 2018 aus meinem Ehrenamt mein Hauptamt:<\/p>\r\n\r\n\r\n\r\n<p style=\"text-align: center;\"><strong>Seit Juli 2018 bin ich Vorsitzender des DVE<\/strong> \u00a0<\/p>\r\n\r\n\r\n\r\n<p>Ich bin sehr dankbar, dass ich f\u00fcr diese tolle Aufgabe gew\u00e4hlt worden zu sein!\u00a0<\/p>\r\n\r\n\r\n\r\n<p>Es ist sch\u00f6n, mit so vielen Menschen zusammenarbeiten zu d\u00fcrfen.\u00a0<\/p>\r\n\r\n\r\n\r\n<p>Vielen Dank!\u00a0<\/p>\r\n\r\n\r\n\r\n<h3 class=\"wp-block-heading\">Als Vorsitzender des <em>Deutschen Verbandes Ergotherapie<\/em> (DVE) besch\u00e4ftige ich mich unter anderem mit folgenden Themen:<strong><br \/><\/strong><\/h3>\r\n\r\n\r\n\r\n<ul class=\"wp-block-list\">\r\n<li>den Deutschen Verband Ergotherapie mit Kontinuit\u00e4t stabil zu f\u00fchren und in der Gesundheitspolitik zu vernetzen<\/li>\r\n<li>die Bekanntheit und die Anerkennung von Ergotherapeut:innen in der Gesellschaft zu erh\u00f6hen<\/li>\r\n<li>die wirtschaftliche Situation von Ergotherapeut:innen zu verbessern<\/li>\r\n<li>die Ausbildung auf ein zeitgem\u00e4\u00dfes Niveau zu verorten<\/li>\r\n<li>Ergotherapeut:innen in die Telematikinfrastruktur des Gesundheitswesens zu begleiten<\/li>\r\n<li>Menschen f\u00fcr Ergotherapie zu begeistern<\/li>\r\n<li>den Deutschen Verband Ergotherapie so zu f\u00fchren, dass die Ziele der Mitglieder erreicht werden<\/li>\r\n<li>Ergotherapeut:innen von der Notwendigkeit einer Mitgliedschaft im DVE zu \u00fcberzeugen<\/li>\r\n<li>Mitglieder f\u00fcr ehrenamtliches Engagement zu gewinnen<\/li>\r\n<li>und vieles vieles mehr&#8230;<\/li>\r\n<\/ul>\r\n","protected":false},"excerpt":{"rendered":"<p>Nach den ersten Berufsjahren in der sozialtherapeutischer Rehabilitation, dem Aufbau und der Leitung einer Fachschule f\u00fcr Ergotherapie, einer Weiterbildung, zwei berufsbegleitenden Studieng\u00e4ngen und fast 20 Jahren T\u00e4tigkeit in einer psychiatrischen Klinik wurde 2018 aus meinem Ehrenamt mein Hauptamt: Seit Juli 2018 bin ich Vorsitzender des DVE \u00a0 Ich bin sehr dankbar, dass ich f\u00fcr diese [&hellip;]<\/p>\n","protected":false},"author":1,"featured_media":0,"parent":0,"menu_order":0,"comment_status":"closed","ping_status":"closed","template":"","meta":{"footnotes":""},"class_list":["post-37","page","type-page","status-publish","hentry"],"yoast_head":"<!-- This site is optimized with the Yoast SEO plugin v27.4 - https:\/\/yoast.com\/product\/yoast-seo-wordpress\/ -->\n<title>Beruflich - Andreas Pfeiffer<\/title>\n<meta name=\"description\" content=\"Auf dieser Seite erfahren Sie mehr \u00fcber die aktuellen beruflichen Schwerpunkte von Andreas Pfeiffer als Vorsitzender des DVE\" \/>\n<meta name=\"robots\" content=\"index, follow, max-snippet:-1, max-image-preview:large, max-video-preview:-1\" \/>\n<link rel=\"canonical\" href=\"https:\/\/andreas-pfeiffer.de\/?page_id=37\" \/>\n<meta property=\"og:locale\" content=\"de_DE\" \/>\n<meta property=\"og:type\" content=\"article\" \/>\n<meta property=\"og:title\" content=\"Beruflich - Andreas Pfeiffer\" \/>\n<meta property=\"og:description\" content=\"Auf dieser Seite erfahren Sie mehr \u00fcber die aktuellen beruflichen Schwerpunkte von Andreas Pfeiffer als Vorsitzender des DVE\" \/>\n<meta property=\"og:url\" content=\"https:\/\/andreas-pfeiffer.de\/?page_id=37\" \/>\n<meta property=\"og:site_name\" content=\"Andreas Pfeiffer\" \/>\n<meta property=\"article:modified_time\" content=\"2024-01-06T14:53:15+00:00\" \/>\n<meta property=\"og:image\" content=\"http:\/\/wordpress.andreas-pfeiffer.de\/wp-content\/uploads\/2019\/02\/Polylooks_618354_beruflich_s.jpg\" \/>\n<meta name=\"twitter:card\" content=\"summary_large_image\" \/>\n<meta name=\"twitter:label1\" content=\"Gesch\u00e4tzte Lesezeit\" \/>\n\t<meta name=\"twitter:data1\" content=\"2\u00a0Minuten\" \/>\n<script type=\"application\/ld+json\" class=\"yoast-schema-graph\">{\"@context\":\"https:\\\/\\\/schema.org\",\"@graph\":[{\"@type\":\"WebPage\",\"@id\":\"https:\\\/\\\/andreas-pfeiffer.de\\\/?page_id=37\",\"url\":\"https:\\\/\\\/andreas-pfeiffer.de\\\/?page_id=37\",\"name\":\"Beruflich - Andreas Pfeiffer\",\"isPartOf\":{\"@id\":\"https:\\\/\\\/andreas-pfeiffer.de\\\/#website\"},\"primaryImageOfPage\":{\"@id\":\"https:\\\/\\\/andreas-pfeiffer.de\\\/?page_id=37#primaryimage\"},\"image\":{\"@id\":\"https:\\\/\\\/andreas-pfeiffer.de\\\/?page_id=37#primaryimage\"},\"thumbnailUrl\":\"http:\\\/\\\/wordpress.andreas-pfeiffer.de\\\/wp-content\\\/uploads\\\/2019\\\/02\\\/Polylooks_618354_beruflich_s.jpg\",\"datePublished\":\"2019-02-04T11:16:55+00:00\",\"dateModified\":\"2024-01-06T14:53:15+00:00\",\"description\":\"Auf dieser Seite erfahren Sie mehr \u00fcber die aktuellen beruflichen Schwerpunkte von Andreas Pfeiffer als Vorsitzender des DVE\",\"breadcrumb\":{\"@id\":\"https:\\\/\\\/andreas-pfeiffer.de\\\/?page_id=37#breadcrumb\"},\"inLanguage\":\"de\",\"potentialAction\":[{\"@type\":\"ReadAction\",\"target\":[\"https:\\\/\\\/andreas-pfeiffer.de\\\/?page_id=37\"]}]},{\"@type\":\"ImageObject\",\"inLanguage\":\"de\",\"@id\":\"https:\\\/\\\/andreas-pfeiffer.de\\\/?page_id=37#primaryimage\",\"url\":\"http:\\\/\\\/wordpress.andreas-pfeiffer.de\\\/wp-content\\\/uploads\\\/2019\\\/02\\\/Polylooks_618354_beruflich_s.jpg\",\"contentUrl\":\"http:\\\/\\\/wordpress.andreas-pfeiffer.de\\\/wp-content\\\/uploads\\\/2019\\\/02\\\/Polylooks_618354_beruflich_s.jpg\"},{\"@type\":\"BreadcrumbList\",\"@id\":\"https:\\\/\\\/andreas-pfeiffer.de\\\/?page_id=37#breadcrumb\",\"itemListElement\":[{\"@type\":\"ListItem\",\"position\":1,\"name\":\"Startseite\",\"item\":\"https:\\\/\\\/andreas-pfeiffer.de\\\/\"},{\"@type\":\"ListItem\",\"position\":2,\"name\":\"Beruflich\"}]},{\"@type\":\"WebSite\",\"@id\":\"https:\\\/\\\/andreas-pfeiffer.de\\\/#website\",\"url\":\"https:\\\/\\\/andreas-pfeiffer.de\\\/\",\"name\":\"Andreas Pfeiffer\",\"description\":\"Ergotherapeut\",\"publisher\":{\"@id\":\"https:\\\/\\\/andreas-pfeiffer.de\\\/#\\\/schema\\\/person\\\/faf4c19532443b2c6dab5f647e1e4a99\"},\"potentialAction\":[{\"@type\":\"SearchAction\",\"target\":{\"@type\":\"EntryPoint\",\"urlTemplate\":\"https:\\\/\\\/andreas-pfeiffer.de\\\/?s={search_term_string}\"},\"query-input\":{\"@type\":\"PropertyValueSpecification\",\"valueRequired\":true,\"valueName\":\"search_term_string\"}}],\"inLanguage\":\"de\"},{\"@type\":[\"Person\",\"Organization\"],\"@id\":\"https:\\\/\\\/andreas-pfeiffer.de\\\/#\\\/schema\\\/person\\\/faf4c19532443b2c6dab5f647e1e4a99\",\"name\":\"Andreas Pfeiffer\",\"image\":{\"@type\":\"ImageObject\",\"inLanguage\":\"de\",\"@id\":\"http:\\\/\\\/andreas-pfeiffer.de\\\/wp-content\\\/uploads\\\/2019\\\/02\\\/Bild2018.jpg\",\"url\":\"http:\\\/\\\/andreas-pfeiffer.de\\\/wp-content\\\/uploads\\\/2019\\\/02\\\/Bild2018.jpg\",\"contentUrl\":\"http:\\\/\\\/andreas-pfeiffer.de\\\/wp-content\\\/uploads\\\/2019\\\/02\\\/Bild2018.jpg\",\"width\":1072,\"height\":712,\"caption\":\"Andreas Pfeiffer\"},\"logo\":{\"@id\":\"http:\\\/\\\/andreas-pfeiffer.de\\\/wp-content\\\/uploads\\\/2019\\\/02\\\/Bild2018.jpg\"}}]}<\/script>\n<!-- \/ Yoast SEO plugin. -->","yoast_head_json":{"title":"Beruflich - Andreas Pfeiffer","description":"Auf dieser Seite erfahren Sie mehr \u00fcber die aktuellen beruflichen Schwerpunkte von Andreas Pfeiffer als Vorsitzender des DVE","robots":{"index":"index","follow":"follow","max-snippet":"max-snippet:-1","max-image-preview":"max-image-preview:large","max-video-preview":"max-video-preview:-1"},"canonical":"https:\/\/andreas-pfeiffer.de\/?page_id=37","og_locale":"de_DE","og_type":"article","og_title":"Beruflich - Andreas Pfeiffer","og_description":"Auf dieser Seite erfahren Sie mehr \u00fcber die aktuellen beruflichen Schwerpunkte von Andreas Pfeiffer als Vorsitzender des DVE","og_url":"https:\/\/andreas-pfeiffer.de\/?page_id=37","og_site_name":"Andreas Pfeiffer","article_modified_time":"2024-01-06T14:53:15+00:00","og_image":[{"url":"http:\/\/wordpress.andreas-pfeiffer.de\/wp-content\/uploads\/2019\/02\/Polylooks_618354_beruflich_s.jpg","type":"","width":"","height":""}],"twitter_card":"summary_large_image","twitter_misc":{"Gesch\u00e4tzte Lesezeit":"2\u00a0Minuten"},"schema":{"@context":"https:\/\/schema.org","@graph":[{"@type":"WebPage","@id":"https:\/\/andreas-pfeiffer.de\/?page_id=37","url":"https:\/\/andreas-pfeiffer.de\/?page_id=37","name":"Beruflich - Andreas Pfeiffer","isPartOf":{"@id":"https:\/\/andreas-pfeiffer.de\/#website"},"primaryImageOfPage":{"@id":"https:\/\/andreas-pfeiffer.de\/?page_id=37#primaryimage"},"image":{"@id":"https:\/\/andreas-pfeiffer.de\/?page_id=37#primaryimage"},"thumbnailUrl":"http:\/\/wordpress.andreas-pfeiffer.de\/wp-content\/uploads\/2019\/02\/Polylooks_618354_beruflich_s.jpg","datePublished":"2019-02-04T11:16:55+00:00","dateModified":"2024-01-06T14:53:15+00:00","description":"Auf dieser Seite erfahren Sie mehr \u00fcber die aktuellen beruflichen Schwerpunkte von Andreas Pfeiffer als Vorsitzender des DVE","breadcrumb":{"@id":"https:\/\/andreas-pfeiffer.de\/?page_id=37#breadcrumb"},"inLanguage":"de","potentialAction":[{"@type":"ReadAction","target":["https:\/\/andreas-pfeiffer.de\/?page_id=37"]}]},{"@type":"ImageObject","inLanguage":"de","@id":"https:\/\/andreas-pfeiffer.de\/?page_id=37#primaryimage","url":"http:\/\/wordpress.andreas-pfeiffer.de\/wp-content\/uploads\/2019\/02\/Polylooks_618354_beruflich_s.jpg","contentUrl":"http:\/\/wordpress.andreas-pfeiffer.de\/wp-content\/uploads\/2019\/02\/Polylooks_618354_beruflich_s.jpg"},{"@type":"BreadcrumbList","@id":"https:\/\/andreas-pfeiffer.de\/?page_id=37#breadcrumb","itemListElement":[{"@type":"ListItem","position":1,"name":"Startseite","item":"https:\/\/andreas-pfeiffer.de\/"},{"@type":"ListItem","position":2,"name":"Beruflich"}]},{"@type":"WebSite","@id":"https:\/\/andreas-pfeiffer.de\/#website","url":"https:\/\/andreas-pfeiffer.de\/","name":"Andreas Pfeiffer","description":"Ergotherapeut","publisher":{"@id":"https:\/\/andreas-pfeiffer.de\/#\/schema\/person\/faf4c19532443b2c6dab5f647e1e4a99"},"potentialAction":[{"@type":"SearchAction","target":{"@type":"EntryPoint","urlTemplate":"https:\/\/andreas-pfeiffer.de\/?s={search_term_string}"},"query-input":{"@type":"PropertyValueSpecification","valueRequired":true,"valueName":"search_term_string"}}],"inLanguage":"de"},{"@type":["Person","Organization"],"@id":"https:\/\/andreas-pfeiffer.de\/#\/schema\/person\/faf4c19532443b2c6dab5f647e1e4a99","name":"Andreas Pfeiffer","image":{"@type":"ImageObject","inLanguage":"de","@id":"http:\/\/andreas-pfeiffer.de\/wp-content\/uploads\/2019\/02\/Bild2018.jpg","url":"http:\/\/andreas-pfeiffer.de\/wp-content\/uploads\/2019\/02\/Bild2018.jpg","contentUrl":"http:\/\/andreas-pfeiffer.de\/wp-content\/uploads\/2019\/02\/Bild2018.jpg","width":1072,"height":712,"caption":"Andreas Pfeiffer"},"logo":{"@id":"http:\/\/andreas-pfeiffer.de\/wp-content\/uploads\/2019\/02\/Bild2018.jpg"}}]}},"_links":{"self":[{"href":"https:\/\/andreas-pfeiffer.de\/index.php?rest_route=\/wp\/v2\/pages\/37","targetHints":{"allow":["GET"]}}],"collection":[{"href":"https:\/\/andreas-pfeiffer.de\/index.php?rest_route=\/wp\/v2\/pages"}],"about":[{"href":"https:\/\/andreas-pfeiffer.de\/index.php?rest_route=\/wp\/v2\/types\/page"}],"author":[{"embeddable":true,"href":"https:\/\/andreas-pfeiffer.de\/index.php?rest_route=\/wp\/v2\/users\/1"}],"replies":[{"embeddable":true,"href":"https:\/\/andreas-pfeiffer.de\/index.php?rest_route=%2Fwp%2Fv2%2Fcomments&post=37"}],"version-history":[{"count":16,"href":"https:\/\/andreas-pfeiffer.de\/index.php?rest_route=\/wp\/v2\/pages\/37\/revisions"}],"predecessor-version":[{"id":1678,"href":"https:\/\/andreas-pfeiffer.de\/index.php?rest_route=\/wp\/v2\/pages\/37\/revisions\/1678"}],"wp:attachment":[{"href":"https:\/\/andreas-pfeiffer.de\/index.php?rest_route=%2Fwp%2Fv2%2Fmedia&parent=37"}],"curies":[{"name":"wp","href":"https:\/\/api.w.org\/{rel}","templated":true}]}}