{"id":43,"date":"2019-02-04T11:17:36","date_gmt":"2019-02-04T11:17:36","guid":{"rendered":"http:\/\/wordpress.andreas-pfeiffer.de\/?page_id=43"},"modified":"2019-02-25T18:53:04","modified_gmt":"2019-02-25T18:53:04","slug":"studium","status":"publish","type":"page","link":"https:\/\/andreas-pfeiffer.de\/?page_id=43","title":{"rendered":"Studium"},"content":{"rendered":"\r\n<figure class=\"wp-block-image\"><img loading=\"lazy\" decoding=\"async\" width=\"1024\" height=\"293\" class=\"wp-image-425\" src=\"http:\/\/wordpress.andreas-pfeiffer.de\/wp-content\/uploads\/2019\/02\/university-105709_1920-1024x293.jpg\" alt=\"\" srcset=\"https:\/\/andreas-pfeiffer.de\/wp-content\/uploads\/2019\/02\/university-105709_1920-1024x293.jpg 1024w, https:\/\/andreas-pfeiffer.de\/wp-content\/uploads\/2019\/02\/university-105709_1920-300x86.jpg 300w, https:\/\/andreas-pfeiffer.de\/wp-content\/uploads\/2019\/02\/university-105709_1920-768x220.jpg 768w, https:\/\/andreas-pfeiffer.de\/wp-content\/uploads\/2019\/02\/university-105709_1920.jpg 1920w\" sizes=\"auto, (max-width: 1024px) 100vw, 1024px\" \/><\/figure>\r\n\r\n\r\n\r\n<h2 class=\"wp-block-heading\"><br \/>Bachelorstudium<\/h2>\r\n\r\n\r\n\r\n<div class=\"wp-block-image\">\r\n<figure class=\"alignright is-resized\"><img loading=\"lazy\" decoding=\"async\" class=\"wp-image-443\" src=\"http:\/\/wordpress.andreas-pfeiffer.de\/wp-content\/uploads\/2019\/02\/hsz_logo-4-150x150.jpg\" alt=\"\" width=\"79\" height=\"79\" \/><\/figure>\r\n<\/div>\r\n\r\n\r\n\r\n<p>Vom April 2009 bis M\u00e4rz 2012 besuchte ich den berufsbegleitenden Kooperationsstudiengang D\u00f6pfer Akdamie\/Hogeschool Zuyd in K\u00f6ln\/Heerlen (NL).<\/p>\r\n\r\n\r\n\r\n<div class=\"wp-block-image\">\r\n<figure class=\"alignleft is-resized\"><img loading=\"lazy\" decoding=\"async\" class=\"wp-image-439\" src=\"http:\/\/wordpress.andreas-pfeiffer.de\/wp-content\/uploads\/2019\/02\/zuyd-2.jpg\" alt=\"\" width=\"77\" height=\"77\" \/><\/figure>\r\n<\/div>\r\n\r\n\r\n\r\n<p>2010\u00a0<strong>2. Platz im Hochschulranking\u00a0<\/strong>der Niederlande und<br \/>seit 2010 <strong>1. Platz f\u00fcr den besten Ergotherapie-Studiengang\u00a0<\/strong>der Niederlande (Bewertung durch die Studierenden!)<\/p>\r\n\r\n\r\n\r\n<p><br \/>Abgeschlossen habe ich diesen mit dem\u00a0<em>Bachelor of Health in Occupational Therapie\u00a0<\/em>nach dem niederl\u00e4ndischen Fachhochschulkonzept. Vor einigen Jahren wurde auf den Abschluss <em>Bachelor of Science in Occupational Therapie\u00a0<\/em>umgestellt.<\/p>\r\n\r\n\r\n\r\n<p>Inhaltlich wurden im Rahmen des\u00a0<strong>Grundsstudiums in K\u00f6ln\u00a0<\/strong>folgende Themen* behandelt:<\/p>\r\n\r\n\r\n\r\n<p>Paradigmen der Ergotherapie Lernen lernen Probleml\u00f6sungsprozess Fachterminologie<\/p>\r\n\r\n\r\n\r\n<ul class=\"wp-block-list\">\r\n<li>Bedeutung des Handelns<\/li>\r\n<li>Handlungstheorie<\/li>\r\n<li>Occupational Science<\/li>\r\n<li>Occupational Adaption in Practice (Schkade)<\/li>\r\n<li>Forschung: Grundlagen der Recherche<\/li>\r\n<li>Forschung: Definition, Merkmale von Forschung<\/li>\r\n<li>Forschung: Forschungsmethodik, Datenerhebungsverfahren<\/li>\r\n<li>Methodisches Handeln im Arbeitsfeld Neurologie (CMOP)<\/li>\r\n<li>Methodisches Handeln im Arbeitsfeld Psychiatrie (MOHO)<\/li>\r\n<li>Methodisches Handeln im Arbeitsfeld Arbeitstherapie (WRI)<\/li>\r\n<li>Methodisches Handeln im Arbeitsfeld Geriatrie (Mosey)<\/li>\r\n<li>Methodisches Handeln im Arbeitsfeld Orthop\u00e4die<\/li>\r\n<li>Methodisches Handeln bei adaptiven Verfahren<\/li>\r\n<li>Qualit\u00e4tsmanagement: Grundlagen von Qualit\u00e4t<\/li>\r\n<li>Qualit\u00e4tsmanagement: Konzepte in der Ergotherapie<\/li>\r\n<\/ul>\r\n\r\n\r\n\r\n<p>Das Studium zeichnete sich durch eine sehr gute Struktur und Organisation aus. Am ersten Tag erhielt man ein Modulbuch, dass alle Termine, Themen und Aufgaben der ersten 18 Module des Grundstudiums enth\u00e4lt. Man erhielt zus\u00e4tzlich einen Ordner in dem alle erforderlichen Artikel f\u00fcr Grundstudium enthalten waren und eine \u00fcberschaubare Literaturliste.<\/p>\r\n\r\n\r\n\r\n<p>Aktuelles Material wurde \u00fcber eine Lernplattform (moodle) im Internet immer 7 Tage vor jedem Pr\u00e4senztermin bereit gestellt. \u00dcber die Lernplattform war auch eine direkte Kommunikation mit den Dozenten und den anderen Studenten m\u00f6glich. Hier fanden sich auch s\u00e4mtliche Unterlagen zum Studium und auch Foren zu relevanten Themen. Zu jedem Modul musste innerhalb von 14 Tagen eine Hausaufgabe eingesendet werden. Einige Hausarbeiten wurden auch als Gruppenarbeiten erstellt. Hausarbeiten erh\u00edelt man von den Referenten pers\u00f6nlich kommentiert zur\u00fcck.<\/p>\r\n\r\n\r\n\r\n<p>Die Themen hatten aus meiner Sicht eine hohe Relevanz und einen hohen Praxisbezug. Sie wurden von gut ausgebildeten und meist auch praxiserfahrenen Referenten vermittelt. Es war ein sinnvoller Aufbau und Bezug der Module untereinander erkennbar. Auch bei Modulen mit Methoden-Bezug konnte ich immer f\u00fcr mein Arbeitsfeld profitieren.<\/p>\r\n\r\n\r\n\r\n<p>Das Grundstudium war damit geschafft und danach schlo\u00df das <strong>Hauptstudium in Heerlen (NL)\u00a0<\/strong>an:<\/p>\r\n\r\n\r\n\r\n<p>Auch hier beeindruckte eine sehr gute Organisation und eine sehr funktionale Lernplattform (Blackboard) f\u00fcr die Bereitstellung von Unterlagen und zur Kommunikation. Zus\u00e4tzlich stand die gesamte Infrastruktur der Hochschule zur Verf\u00fcgung (z. B. eine Bibliothek mit gutem Bestand an Fachliteratur und Online-M\u00f6glichkeiten).<\/p>\r\n\r\n\r\n\r\n<p>In den ersten drei Modulen lag der Schwerpunkt der Studiums im Bereich<strong>Forschung<\/strong>. Es ging bereits um die Entwicklung, Duchf\u00fchrung und Auswertung einer kleinen \u00dcbungsstudie, die Erstellung des Proposals f\u00fcr die Bachelor-Arbeit und die kritische Bewertung von wissenschaftlichen Artikeln und Studien.<\/p>\r\n\r\n\r\n\r\n<p>Die ersten beiden Pr\u00e4senzbl\u00f6cke waren ganz sch\u00f6n stressig. Im Gegensatz zum Grundstudium starteten parallel mehrere Prozesse, die eigenverantwortlich und \u00fcber l\u00e4ngere Zeitr\u00e4ume in Arbeitsgruppen<\/p>\r\n\r\n\r\n\r\n<p>bearbeitet wurden. Ab dem dritten Pr\u00e4senzblock entspannte es sich etwas, wobei ich schon erlebe, dass das Hauptstudium eine andere Intensit\u00e4t und Qualit\u00e4t (und Zeitaufwand) hat. Bis zur Abgabe der Bachelorarbeit im Dezember standen zunehmend arbeitsreiche Monate bevor.<\/p>\r\n\r\n\r\n\r\n<p>Im Modul\u00a0<strong>Konzeptionelle Modelle &amp; Methodisches Handeln<\/strong>wurden aufbauend auf das Grundstudium, ergotherapeutische Prozess- und Inhaltsmodelle vertieft, Assessments angewendet und Theorie und Praxis verkn\u00fcpft. Highlight waren dabei erfahrene Simulationsklienten.<\/p>\r\n\r\n\r\n\r\n<p>Danach folgten die Module\u00a0<strong>Beraten und Arbeit<\/strong>,\u00a0<strong>Qualit\u00e4t\u00a0<\/strong>und als letztes Modul\u00a0<strong>Diversit\u00e4t<\/strong>.<\/p>\r\n\r\n\r\n\r\n<p>Parallel lief die\u00a0<strong>Erstellung der\u00a0<\/strong><strong>Bachelorarbeit<\/strong>. Neben mehreren w\u00f6chentlichen Skype-Terminen, hat sich unsere Arbeistgruppe daf\u00fcr zus\u00e4tzlich an drei Wochenenden getroffen.<\/p>\r\n\r\n\r\n\r\n<p>Am Ende eines jeden Moduls musste eine\u00a0<strong>Pr\u00fcfung\u00a0<\/strong>abgelegt werden, deren Art von Modul zu Modul unterschiedlich ist.<\/p>\r\n\r\n\r\n\r\n<p>Das Studium selbst endete mit einem 30 min\u00fctigen Abschlu\u00dfgespr\u00e4ch (Pr\u00fcfung), das auf der Grundlage eines ausgearbeiteten Fallbeispiels, alle im Rahmen des Studiums erworbenen Kompetenzen \u00fcberpr\u00fcfte.<\/p>\r\n\r\n\r\n\r\n<p>Weitere Informationen zu meiner Bachelorarbeit: <a href=\"http:\/\/wordpress.andreas-pfeiffer.de\/?page_id=435\">Bachelorarbeit<\/a><\/p>\r\n\r\n\r\n\r\n<h3 class=\"wp-block-heading\">Fazit:<\/h3>\r\n\r\n\r\n\r\n<p>Ich kann das Studium uneingeschr\u00e4nkt empfehlen und freue mich, dass drei Kolleginnen und Kollegen aus meiner Klinik ebenfalls gestartet sind.<\/p>\r\n\r\n\r\n\r\n<p>Da ich oft danach gefragt werde:<\/p>\r\n\r\n\r\n\r\n<h3 class=\"wp-block-heading\">Zeitumfang:<\/h3>\r\n\r\n\r\n\r\n<p>Das Grundstudium lie\u00df sich f\u00fcr mich gut mit meiner Vollzeitstelle kombinieren.<\/p>\r\n\r\n\r\n\r\n<p>Das Hauptstudium erlebte ich als zeitlich anspruchsvoller. Ich bin fast jede freie Minute mit durchaus intressanten Aufgaben f\u00fcr das Studium besch\u00e4ftigt gewesen und h\u00e4tte gerne sogar noch etwas mehr Zeit daf\u00fcr gehabt. Anstrengend fand ich im Hauptstudium, dass immer mehrere Handlungsstr\u00e4nge paralell liefen. Dies erfordert gute organisatorische F\u00e4higkeiten und auch Kompromisse.<\/p>\r\n\r\n\r\n\r\n<h3 class=\"wp-block-heading\">Tipp:<\/h3>\r\n\r\n\r\n\r\n<p>Da Studium l\u00e4sst sich mit einer Vollzeitstelle kombinieren. Eine Teilzeitstelle ist sicher eine empfehlenswerte Entlastung.<\/p>\r\n\r\n\r\n\r\n<h3 class=\"wp-block-heading\">Video:<\/h3>\r\n\r\n\r\n\r\n<p>Die Studenten haben einen kurzen Video (5 Minuten) zum Vollzeitstudium auf Youtube ver\u00f6ffentlicht:\u00a0<a href=\"https:\/\/www.youtube.com\/watch?v=iqAZ3mQ8M6E\" target=\"_blank\" rel=\"noreferrer noopener\" aria-label=\"http:\/\/www.youtube.com\/watch? v=JzObxPqvbQ4&amp;feature=youtu.be (\u00f6ffnet in neuem Tab)\">http:\/\/www.youtube.com\/watch? v=JzObxPqvbQ4&amp;feature=youtu.be<\/a><\/p>\r\n\r\n\r\n\r\n<p>*) Das Studium wird j\u00e4hrlich optimiert &#8211; daher k\u00f6nnen sich auch die Themen ver\u00e4ndern<\/p>\r\n\r\n\r\n<hr class=\"wp-block-separator\" \/>\r\n\r\n\r\n<h2 class=\"wp-block-heading\"><br \/>Masterstudium<\/h2>\r\n\r\n\r\n\r\n<div class=\"wp-block-image\">\r\n<figure class=\"alignright is-resized\"><img loading=\"lazy\" decoding=\"async\" class=\"wp-image-441\" src=\"http:\/\/wordpress.andreas-pfeiffer.de\/wp-content\/uploads\/2019\/02\/DUK-2.tiff\" alt=\"\" width=\"79\" height=\"67\" \/><\/figure>\r\n<\/div>\r\n\r\n\r\n\r\n<p>Von M\u00e4rz 2014 bis November 2016 habe ich ein<br \/>berufsbegleitendes\u00a0Masterstudium Ergotherapie an der Donau-Universit\u00e4t Krems\u00a0absolviert und mit dem\u00a0<em>Master of science\u00a0<\/em>abgeschlossen.<\/p>\r\n\r\n\r\n\r\n<p>Die sechs Module waren sehr gut organsiert und hatten inspirierende Inhalte.<\/p>\r\n\r\n\r\n\r\n<p>Insgesamt umfasst das Studium sechs Module in f\u00fcnf Semestern. Die Module beginnen Montags und enden Samstags. Im ersten Jahr finden drei Module statt, im zweiten Jahr zwei Module und im letzten Jahr eins. Dies sorgt f\u00fcr eine gute Verteilung der Workload, da man in den letzten 18 Monaten auch die Masterarbeit schreibt.<\/p>\r\n\r\n\r\n\r\n<p>Als Lernplattform dient Moodle, was ich schon aus dem Bachelor- Grundstudium kannte und alle erforderlichen Funktionen bereit stellt.<\/p>\r\n\r\n\r\n\r\n<p>Das Studium ist verl\u00e4sslich strukturiert und gut aufgebaut. Die Begleitung ist ebenfalls verl\u00e4sslich und kompetent. Es bietet im Rahmen des Lehrplanes viele M\u00f6glichkeiten, die jedoch eigenverantwortlich gestaltet werden m\u00fcssen.<\/p>\r\n\r\n\r\n\r\n<p>Weitere Informationen zu meiner Masterarbeit:\u00a0<a href=\"http:\/\/wordpress.andreas-pfeiffer.de\/?page_id=433\">Masterarbeit<\/a><\/p>\r\n\r\n\r\n\r\n<h3 class=\"wp-block-heading\">Fazit:<\/h3>\r\n\r\n\r\n\r\n<p>Ich kann das Studium empfehlen, es erfordert von den Studenten aber die Kompetenz zum eigenverantwortlichen Arbeiten.<\/p>\r\n\r\n\r\n\r\n<h3 class=\"wp-block-heading\">Tipp:<\/h3>\r\n\r\n\r\n\r\n<p>Das Studium l\u00e4sst sich mit einer Vollzeitstelle kombinieren. Das Masterstudium beginnt in der Regel im M\u00e4rz.<br \/>Hier ein Werbevideo der DUK:\u00a0<a href=\"http:\/\/youtu.be\/RzlZU-GxeoM\">http:\/\/youtu.be\/RzlZU-GxeoM<\/a><\/p>\r\n\r\n\r\n\r\n<p style=\"text-align: right;\">Stand: November 2016<\/p>\r\n\r\n\r\n\r\n<h2 class=\"wp-block-heading\">Meine Tipps f\u00fcr berufsbegleitendes Studium<\/h2>\r\n\r\n\r\n\r\n<p>Hier habe ich einige pers\u00f6nliche Tipps zusammengestellt: <a href=\"https:\/\/andreas-pfeiffer.de\/?page_id=472\">Tipps<\/a><\/p>\r\n","protected":false},"excerpt":{"rendered":"<p>Bachelorstudium Vom April 2009 bis M\u00e4rz 2012 besuchte ich den berufsbegleitenden Kooperationsstudiengang D\u00f6pfer Akdamie\/Hogeschool Zuyd in K\u00f6ln\/Heerlen (NL). 2010\u00a02. Platz im Hochschulranking\u00a0der Niederlande undseit 2010 1. Platz f\u00fcr den besten Ergotherapie-Studiengang\u00a0der Niederlande (Bewertung durch die Studierenden!) Abgeschlossen habe ich diesen mit dem\u00a0Bachelor of Health in Occupational Therapie\u00a0nach dem niederl\u00e4ndischen Fachhochschulkonzept. Vor einigen Jahren wurde auf [&hellip;]<\/p>\n","protected":false},"author":1,"featured_media":0,"parent":0,"menu_order":0,"comment_status":"closed","ping_status":"closed","template":"","meta":{"footnotes":""},"class_list":["post-43","page","type-page","status-publish","hentry"],"yoast_head":"<!-- This site is optimized with the Yoast SEO plugin v27.4 - https:\/\/yoast.com\/product\/yoast-seo-wordpress\/ -->\n<title>Studium - Andreas Pfeiffer<\/title>\n<meta name=\"robots\" content=\"index, follow, max-snippet:-1, max-image-preview:large, max-video-preview:-1\" \/>\n<link rel=\"canonical\" href=\"https:\/\/andreas-pfeiffer.de\/?page_id=43\" \/>\n<meta property=\"og:locale\" content=\"de_DE\" \/>\n<meta property=\"og:type\" content=\"article\" \/>\n<meta property=\"og:title\" content=\"Studium - Andreas Pfeiffer\" \/>\n<meta property=\"og:description\" content=\"Bachelorstudium Vom April 2009 bis M\u00e4rz 2012 besuchte ich den berufsbegleitenden Kooperationsstudiengang D\u00f6pfer Akdamie\/Hogeschool Zuyd in K\u00f6ln\/Heerlen (NL). 2010\u00a02. Platz im Hochschulranking\u00a0der Niederlande undseit 2010 1. Platz f\u00fcr den besten Ergotherapie-Studiengang\u00a0der Niederlande (Bewertung durch die Studierenden!) Abgeschlossen habe ich diesen mit dem\u00a0Bachelor of Health in Occupational Therapie\u00a0nach dem niederl\u00e4ndischen Fachhochschulkonzept. Vor einigen Jahren wurde auf [&hellip;]\" \/>\n<meta property=\"og:url\" content=\"https:\/\/andreas-pfeiffer.de\/?page_id=43\" \/>\n<meta property=\"og:site_name\" content=\"Andreas Pfeiffer\" \/>\n<meta property=\"article:modified_time\" content=\"2019-02-25T18:53:04+00:00\" \/>\n<meta property=\"og:image\" content=\"http:\/\/wordpress.andreas-pfeiffer.de\/wp-content\/uploads\/2019\/02\/university-105709_1920-1024x293.jpg\" \/>\n<meta name=\"twitter:card\" content=\"summary_large_image\" \/>\n<meta name=\"twitter:label1\" content=\"Gesch\u00e4tzte Lesezeit\" \/>\n\t<meta name=\"twitter:data1\" content=\"5\u00a0Minuten\" \/>\n<script type=\"application\/ld+json\" class=\"yoast-schema-graph\">{\"@context\":\"https:\\\/\\\/schema.org\",\"@graph\":[{\"@type\":\"WebPage\",\"@id\":\"https:\\\/\\\/andreas-pfeiffer.de\\\/?page_id=43\",\"url\":\"https:\\\/\\\/andreas-pfeiffer.de\\\/?page_id=43\",\"name\":\"Studium - Andreas Pfeiffer\",\"isPartOf\":{\"@id\":\"https:\\\/\\\/andreas-pfeiffer.de\\\/#website\"},\"primaryImageOfPage\":{\"@id\":\"https:\\\/\\\/andreas-pfeiffer.de\\\/?page_id=43#primaryimage\"},\"image\":{\"@id\":\"https:\\\/\\\/andreas-pfeiffer.de\\\/?page_id=43#primaryimage\"},\"thumbnailUrl\":\"http:\\\/\\\/wordpress.andreas-pfeiffer.de\\\/wp-content\\\/uploads\\\/2019\\\/02\\\/university-105709_1920-1024x293.jpg\",\"datePublished\":\"2019-02-04T11:17:36+00:00\",\"dateModified\":\"2019-02-25T18:53:04+00:00\",\"breadcrumb\":{\"@id\":\"https:\\\/\\\/andreas-pfeiffer.de\\\/?page_id=43#breadcrumb\"},\"inLanguage\":\"de\",\"potentialAction\":[{\"@type\":\"ReadAction\",\"target\":[\"https:\\\/\\\/andreas-pfeiffer.de\\\/?page_id=43\"]}]},{\"@type\":\"ImageObject\",\"inLanguage\":\"de\",\"@id\":\"https:\\\/\\\/andreas-pfeiffer.de\\\/?page_id=43#primaryimage\",\"url\":\"http:\\\/\\\/wordpress.andreas-pfeiffer.de\\\/wp-content\\\/uploads\\\/2019\\\/02\\\/university-105709_1920-1024x293.jpg\",\"contentUrl\":\"http:\\\/\\\/wordpress.andreas-pfeiffer.de\\\/wp-content\\\/uploads\\\/2019\\\/02\\\/university-105709_1920-1024x293.jpg\"},{\"@type\":\"BreadcrumbList\",\"@id\":\"https:\\\/\\\/andreas-pfeiffer.de\\\/?page_id=43#breadcrumb\",\"itemListElement\":[{\"@type\":\"ListItem\",\"position\":1,\"name\":\"Startseite\",\"item\":\"https:\\\/\\\/andreas-pfeiffer.de\\\/\"},{\"@type\":\"ListItem\",\"position\":2,\"name\":\"Studium\"}]},{\"@type\":\"WebSite\",\"@id\":\"https:\\\/\\\/andreas-pfeiffer.de\\\/#website\",\"url\":\"https:\\\/\\\/andreas-pfeiffer.de\\\/\",\"name\":\"Andreas Pfeiffer\",\"description\":\"Ergotherapeut\",\"publisher\":{\"@id\":\"https:\\\/\\\/andreas-pfeiffer.de\\\/#\\\/schema\\\/person\\\/faf4c19532443b2c6dab5f647e1e4a99\"},\"potentialAction\":[{\"@type\":\"SearchAction\",\"target\":{\"@type\":\"EntryPoint\",\"urlTemplate\":\"https:\\\/\\\/andreas-pfeiffer.de\\\/?s={search_term_string}\"},\"query-input\":{\"@type\":\"PropertyValueSpecification\",\"valueRequired\":true,\"valueName\":\"search_term_string\"}}],\"inLanguage\":\"de\"},{\"@type\":[\"Person\",\"Organization\"],\"@id\":\"https:\\\/\\\/andreas-pfeiffer.de\\\/#\\\/schema\\\/person\\\/faf4c19532443b2c6dab5f647e1e4a99\",\"name\":\"Andreas Pfeiffer\",\"image\":{\"@type\":\"ImageObject\",\"inLanguage\":\"de\",\"@id\":\"http:\\\/\\\/andreas-pfeiffer.de\\\/wp-content\\\/uploads\\\/2019\\\/02\\\/Bild2018.jpg\",\"url\":\"http:\\\/\\\/andreas-pfeiffer.de\\\/wp-content\\\/uploads\\\/2019\\\/02\\\/Bild2018.jpg\",\"contentUrl\":\"http:\\\/\\\/andreas-pfeiffer.de\\\/wp-content\\\/uploads\\\/2019\\\/02\\\/Bild2018.jpg\",\"width\":1072,\"height\":712,\"caption\":\"Andreas Pfeiffer\"},\"logo\":{\"@id\":\"http:\\\/\\\/andreas-pfeiffer.de\\\/wp-content\\\/uploads\\\/2019\\\/02\\\/Bild2018.jpg\"}}]}<\/script>\n<!-- \/ Yoast SEO plugin. -->","yoast_head_json":{"title":"Studium - Andreas Pfeiffer","robots":{"index":"index","follow":"follow","max-snippet":"max-snippet:-1","max-image-preview":"max-image-preview:large","max-video-preview":"max-video-preview:-1"},"canonical":"https:\/\/andreas-pfeiffer.de\/?page_id=43","og_locale":"de_DE","og_type":"article","og_title":"Studium - Andreas Pfeiffer","og_description":"Bachelorstudium Vom April 2009 bis M\u00e4rz 2012 besuchte ich den berufsbegleitenden Kooperationsstudiengang D\u00f6pfer Akdamie\/Hogeschool Zuyd in K\u00f6ln\/Heerlen (NL). 2010\u00a02. Platz im Hochschulranking\u00a0der Niederlande undseit 2010 1. Platz f\u00fcr den besten Ergotherapie-Studiengang\u00a0der Niederlande (Bewertung durch die Studierenden!) Abgeschlossen habe ich diesen mit dem\u00a0Bachelor of Health in Occupational Therapie\u00a0nach dem niederl\u00e4ndischen Fachhochschulkonzept. Vor einigen Jahren wurde auf [&hellip;]","og_url":"https:\/\/andreas-pfeiffer.de\/?page_id=43","og_site_name":"Andreas Pfeiffer","article_modified_time":"2019-02-25T18:53:04+00:00","og_image":[{"url":"http:\/\/wordpress.andreas-pfeiffer.de\/wp-content\/uploads\/2019\/02\/university-105709_1920-1024x293.jpg","type":"","width":"","height":""}],"twitter_card":"summary_large_image","twitter_misc":{"Gesch\u00e4tzte Lesezeit":"5\u00a0Minuten"},"schema":{"@context":"https:\/\/schema.org","@graph":[{"@type":"WebPage","@id":"https:\/\/andreas-pfeiffer.de\/?page_id=43","url":"https:\/\/andreas-pfeiffer.de\/?page_id=43","name":"Studium - Andreas Pfeiffer","isPartOf":{"@id":"https:\/\/andreas-pfeiffer.de\/#website"},"primaryImageOfPage":{"@id":"https:\/\/andreas-pfeiffer.de\/?page_id=43#primaryimage"},"image":{"@id":"https:\/\/andreas-pfeiffer.de\/?page_id=43#primaryimage"},"thumbnailUrl":"http:\/\/wordpress.andreas-pfeiffer.de\/wp-content\/uploads\/2019\/02\/university-105709_1920-1024x293.jpg","datePublished":"2019-02-04T11:17:36+00:00","dateModified":"2019-02-25T18:53:04+00:00","breadcrumb":{"@id":"https:\/\/andreas-pfeiffer.de\/?page_id=43#breadcrumb"},"inLanguage":"de","potentialAction":[{"@type":"ReadAction","target":["https:\/\/andreas-pfeiffer.de\/?page_id=43"]}]},{"@type":"ImageObject","inLanguage":"de","@id":"https:\/\/andreas-pfeiffer.de\/?page_id=43#primaryimage","url":"http:\/\/wordpress.andreas-pfeiffer.de\/wp-content\/uploads\/2019\/02\/university-105709_1920-1024x293.jpg","contentUrl":"http:\/\/wordpress.andreas-pfeiffer.de\/wp-content\/uploads\/2019\/02\/university-105709_1920-1024x293.jpg"},{"@type":"BreadcrumbList","@id":"https:\/\/andreas-pfeiffer.de\/?page_id=43#breadcrumb","itemListElement":[{"@type":"ListItem","position":1,"name":"Startseite","item":"https:\/\/andreas-pfeiffer.de\/"},{"@type":"ListItem","position":2,"name":"Studium"}]},{"@type":"WebSite","@id":"https:\/\/andreas-pfeiffer.de\/#website","url":"https:\/\/andreas-pfeiffer.de\/","name":"Andreas Pfeiffer","description":"Ergotherapeut","publisher":{"@id":"https:\/\/andreas-pfeiffer.de\/#\/schema\/person\/faf4c19532443b2c6dab5f647e1e4a99"},"potentialAction":[{"@type":"SearchAction","target":{"@type":"EntryPoint","urlTemplate":"https:\/\/andreas-pfeiffer.de\/?s={search_term_string}"},"query-input":{"@type":"PropertyValueSpecification","valueRequired":true,"valueName":"search_term_string"}}],"inLanguage":"de"},{"@type":["Person","Organization"],"@id":"https:\/\/andreas-pfeiffer.de\/#\/schema\/person\/faf4c19532443b2c6dab5f647e1e4a99","name":"Andreas Pfeiffer","image":{"@type":"ImageObject","inLanguage":"de","@id":"http:\/\/andreas-pfeiffer.de\/wp-content\/uploads\/2019\/02\/Bild2018.jpg","url":"http:\/\/andreas-pfeiffer.de\/wp-content\/uploads\/2019\/02\/Bild2018.jpg","contentUrl":"http:\/\/andreas-pfeiffer.de\/wp-content\/uploads\/2019\/02\/Bild2018.jpg","width":1072,"height":712,"caption":"Andreas Pfeiffer"},"logo":{"@id":"http:\/\/andreas-pfeiffer.de\/wp-content\/uploads\/2019\/02\/Bild2018.jpg"}}]}},"_links":{"self":[{"href":"https:\/\/andreas-pfeiffer.de\/index.php?rest_route=\/wp\/v2\/pages\/43","targetHints":{"allow":["GET"]}}],"collection":[{"href":"https:\/\/andreas-pfeiffer.de\/index.php?rest_route=\/wp\/v2\/pages"}],"about":[{"href":"https:\/\/andreas-pfeiffer.de\/index.php?rest_route=\/wp\/v2\/types\/page"}],"author":[{"embeddable":true,"href":"https:\/\/andreas-pfeiffer.de\/index.php?rest_route=\/wp\/v2\/users\/1"}],"replies":[{"embeddable":true,"href":"https:\/\/andreas-pfeiffer.de\/index.php?rest_route=%2Fwp%2Fv2%2Fcomments&post=43"}],"version-history":[{"count":14,"href":"https:\/\/andreas-pfeiffer.de\/index.php?rest_route=\/wp\/v2\/pages\/43\/revisions"}],"predecessor-version":[{"id":842,"href":"https:\/\/andreas-pfeiffer.de\/index.php?rest_route=\/wp\/v2\/pages\/43\/revisions\/842"}],"wp:attachment":[{"href":"https:\/\/andreas-pfeiffer.de\/index.php?rest_route=%2Fwp%2Fv2%2Fmedia&parent=43"}],"curies":[{"name":"wp","href":"https:\/\/api.w.org\/{rel}","templated":true}]}}