{"id":433,"date":"2019-02-10T12:10:31","date_gmt":"2019-02-10T12:10:31","guid":{"rendered":"http:\/\/wordpress.andreas-pfeiffer.de\/?page_id=433"},"modified":"2019-02-10T13:56:28","modified_gmt":"2019-02-10T13:56:28","slug":"masterarbeit","status":"publish","type":"page","link":"https:\/\/andreas-pfeiffer.de\/?page_id=433","title":{"rendered":"Masterarbeit"},"content":{"rendered":"\n<div class=\"wp-block-image\"><figure class=\"alignright is-resized\"><img loading=\"lazy\" decoding=\"async\" src=\"http:\/\/wordpress.andreas-pfeiffer.de\/wp-content\/uploads\/2019\/02\/Fotolia_33973757_XS.jpg\" alt=\"\" class=\"wp-image-468\" width=\"142\" height=\"212\" srcset=\"https:\/\/andreas-pfeiffer.de\/wp-content\/uploads\/2019\/02\/Fotolia_33973757_XS.jpg 283w, https:\/\/andreas-pfeiffer.de\/wp-content\/uploads\/2019\/02\/Fotolia_33973757_XS-200x300.jpg 200w\" sizes=\"auto, (max-width: 142px) 100vw, 142px\" \/><figcaption><br><\/figcaption><\/figure><\/div>\n\n\n<hr>\n<h2 class=\"title\">Evaluation des ergotherapeutischen Therapiemanuals Handeln gegen Tr\u00e4gheit<\/h2>\n<p align=\"center\"><span lang=\"DE-AT\">Abstract (deutsch)<\/span><\/p>\n<p><b><span lang=\"DE-AT\">Titel:<\/span><\/b><span lang=\"DE-AT\"> Evaluation des ergotherapeutischen Therapiemanuals <i>Handeln gegen Tr\u00e4gheit<\/i><\/span><\/p>\n<p><b><span lang=\"DE-AT\">Hintergrund:<\/span><\/b><span lang=\"DE-AT\"> Als Folge einer schweren psychischen Erkrankung gestalten Menschen ihren Tag h\u00e4ufig mit weniger Aktivit\u00e4ten. Sie verbringen mehr Zeit passiv, mit Ruhen oder Schlafen und weniger Zeit mit Arbeiten, gemeinsam mit anderen Menschen oder au\u00dferhalb des eigenen Umfelds. Dies kann soweit f\u00fchren, dass die \u00fcberwiegende Zeit des Tages mit einer einzelnen Aktivit\u00e4t verbracht wird. Passivit\u00e4t und Bet\u00e4tigungseinseitigkeit ziehen einen Mangel an gesundheitsf\u00f6rdernden Aktivit\u00e4ten nach sich und wirken sich auf Gesundheit und Wohlbefinden aus.&nbsp; <\/span><\/p>\n<p><b><span lang=\"DE-AT\">Ziel:<\/span><\/b><span lang=\"DE-AT\"> Diese Studie \u00fcberpr\u00fcft einerseits, ob die manualisierte ergotherapeutische Intervention <i>Handeln gegen Tr\u00e4gheit<\/i> anwendbar ist und anderseits, ob sie Menschen mit schweren psychischen Erkrankungen dabei unterst\u00fctzen kann, Aktivit\u00e4t aufzubauen.<\/span><\/p>\n<p><b><span lang=\"DE-AT\">Design:<\/span><\/b><span lang=\"DE-AT\"> Es handelt sich um eine randomisierte kontrollierte Studie mit 22 Teilnehmern, die eine Diagnose aus dem Bereich der schweren psychischen Erkrankungen hatten. Der Global Assessment of Functioning-Wert der Teilnehmer musste unter 70 liegen. <\/span><\/p>\n<p><b><span lang=\"DE-AT\">Setting<\/span><\/b><span lang=\"DE-AT\">: LVR-Klinikum D\u00fcsseldorf, Kliniken der Heinrich-Heine-Universit\u00e4t D\u00fcsseldorf<\/span><\/p>\n<p><b><span lang=\"DE-AT\">Interventionen:<\/span><\/b><span lang=\"DE-AT\"> Alle Teilnehmer erhielten zw\u00f6lf Termine ambulante Ergotherapie zu je 60 Minuten als Einzeltherapie. In der Experimentalgruppe wurde die manualisierte Intervention <i>Handeln gegen Tr\u00e4gheit<\/i> eingesetzt, die Kontrollgruppe erhielt die ergotherapeutische Standardbehandlung. <\/span><\/p>\n<p><b><span lang=\"DE-AT\">Outcomeparameter:<\/span><\/b><span lang=\"DE-AT\"> Durch verblindete Rater wurde vor und nach der Intervention mit einem Zeit-Nutzungs-Protokoll erhoben, wie viel aktive Zeit die Teilnehmer an einem Tag verbringen. Durch eine Intention-to-treat-Analyse wurde gepr\u00fcft, ob nach der Intervention Unterschiede zwischen den Gruppen messbar waren. <\/span><\/p>\n<p><b><span lang=\"DE-AT\">Ergebnisse: <\/span><\/b><span lang=\"DE-AT\">Nach der Intervention konnte in beiden Gruppen ein Aktivit\u00e4tsaufbau gemessen werden. Dieser betrug in der Experimentalgruppe durchschnittlich 4,2 und in der Kontrollgruppe durchschnittlich 2,4 Stunden pro Tag. Dieser Unterschied ist mit einem p-Wert von 0,171 nicht signifikant. In dem f\u00fcr die Ergotherapie bedeutsamen Bet\u00e4tigungsbereich Selbstversorgung, konnte ein signifikanter Unterschied (p=0,002) zwischen der Interventions- und der Kontrollgruppe erhoben werden. Die Teilnehmer der Experimentalgruppe verbrachten nach der Intervention durchschnittlich 3,5 und die der Kontrollgruppe 0,5 <b>&nbsp;<\/b>Stunden mehr Zeit mit Aktivit\u00e4ten aus dem Bereich Selbstversorgung. R\u00fcckmeldungen von Therapeuten der Interventionsgruppe zeigen, dass die manualisierte Intervention <i>Handeln gegen Tr\u00e4gheit<\/i> leicht in der Ergotherapie einsetzbar ist. Auch erf\u00e4hrt sie eine hohe Akzeptanz durch die Teilnehmer, was sich in einer <\/span>st\u00e4rkeren<span lang=\"DE-AT\">Therapietreue zeigte. Die Ma\u00dfnahme <i>Handeln gegen Tr\u00e4gheit<\/i> hatte in dieser Studie eine hohe Effektst\u00e4rke von d=0,72. <\/span><\/p>\n<p><b><span lang=\"DE-AT\">Schlussfolgerung: <\/span><\/b><span lang=\"DE-AT\">Mit dieser kontrollierten Studie konnte gezeigt werden, dass die Intervention <i>Handeln gegen Tr\u00e4gheit<\/i> gut implementierbar ist. Diese Form der &nbsp;manualisierten psychiatrischen Ergotherapie ist in dieser Studie, der Standardbehandlung \u00fcberlegen. Eine Wirksamkeitsstudie mit mehr Teilnehmern ist notwendig. Zus\u00e4tzlich sollte die Anzahl der Therapieeinheiten moderat ausgeweitet und die Therapie optional im Umfeld des Patienten angeboten werden k\u00f6nnen. Eine Erweiterung um sekund\u00e4re Outcomes, beispielsweise die Erhebung der Lebensqualit\u00e4t, ist sinnvoll. Eine Follow-up-Erhebung nach sechs Monaten sollte ebenfalls eingeplant werden um feststellen zu k\u00f6nnen, ob die vermuteten positiven Effekte dauerhaft sind. <\/span><\/p>\n<p><b><span lang=\"DE-AT\">Stichworte: <\/span><\/b><\/p>\n<p><span lang=\"DE-AT\">Schwere psychische Erkrankung, Time-Use, Bet\u00e4tigungsbalance, Aktivit\u00e4t, Recovery<\/span><\/p>\n<p><span lang=\"DE-AT\">&nbsp;<\/span><\/p>\n<p><span lang=\"DE-AT\">&nbsp;<\/span>\n<\/p>\n<p align=\"center\"><span lang=\"DE-AT\">Abstract (English)<\/span><\/p>\n<p><b><span lang=\"EN-US\">Title:<\/span><\/b><span lang=\"EN-US\"> Evaluation of the Occupational Therapy manual Action Over Inertia<\/span><\/p>\n<p><b><span lang=\"EN-US\">Background:<\/span><\/b><span lang=\"EN-US\"> People with severe mental illness are often less active and spend more time resting or sleeping. They spend less time working, socializing with other people or outside their own environment. This can result in spending the majority of their time with one single activity. Passivity and an occupational imbalance leads to a lack of participation in health-promoting activities and ultimately influence health and well-being. <\/span><\/p>\n<p><b><span lang=\"EN-US\">Objective: <\/span><\/b><span lang=\"EN-US\">The aim of this study was to evaluate the feasibility of the manualized Occupational Therapy intervention, Action Over Inertia, and if the intervention can support people with severe mental illness in building participation in activities.<b><\/b><\/span><\/p>\n<p><b><span lang=\"EN-US\">Design: <\/span><\/b><span lang=\"EN-US\">A randomized, controlled trial was carried out involving 22 participants who had lived experience of severe mental illness. Participants were eligible when they had a Global Assessment of Function score below 70.<\/span><\/p>\n<p><b><span lang=\"DE-AT\">Setting<\/span><\/b><span lang=\"DE-AT\">: LVR-Klinikum D\u00fcsseldorf, Kliniken der Heinrich-Heine-Universit\u00e4t D\u00fcsseldorf <\/span><\/p>\n<p><b><span lang=\"EN-US\">Intervention: <\/span><\/b><span lang=\"EN-US\">All participants received twelve individual occupational therapy sessions which each lasted 60 minutes. In the experimental group the manualized intervention Action Over Inertia was used, the control group received the standard Occupational Therapy treatment.<\/span><\/p>\n<p><b><span lang=\"EN-US\">Outcome parameters: <\/span><\/b><span lang=\"EN-US\">Using a time usage log, raters blind to study conditions gathered pre and post intervention data on how much time the participants spend actively participation in activities during a day. Intention to treat analysis was used, to examine whether there were measurable differences between the groups after intervention.&nbsp;&nbsp; <\/span><\/p>\n<p><b><span lang=\"EN-US\">Results: <\/span><\/b><span lang=\"EN-US\">The results showed a change in both groups concerning in the amount of performed activities during a day, which was<b> <\/b>an average of 4.2 hours in the experimental group and 2.4 hours in the control group. This difference is not significant with a p value of 0.171. Meanwhile, there was a significant difference (p= 0,002) between the intervention- and control group within the area of participation in self care activities which is meaningful for Occupational Therapy. The participants in the experimental group spent on average 3.5 hours more on activities within the area of self care following the intervention while participants from the control group spent on average 0.5 hours more. The manualized intervention Action Over Inertia is easy to use in occupational therapy and experiences a high level of acceptance by the participants, which was reflected in a stronger adherence in treatment. In this study, the intervention Action Over Inertia had the high effect size of d = 0.72.<\/span><\/p>\n<p><b><span lang=\"EN-US\">Conclusion: <\/span><\/b><span lang=\"EN-US\">This randomized controlled study showed that the intervention Action Over Inertia is feasible. In this study, the manualized occupational therapy intervention in psychiatry is superior to the standard treatment for influencing heatlth promoting activity participation. An efficacy study with more participants is necessary while the number of therapy sessions should be extended. In addition the therapy should be offered as an option in the patient&#8217;s environment. An study of secondary outcomes, for example impact on quality of life, is appropriate. A follow-up after six months should also be included.<\/span><\/p>\n<p><b><span lang=\"EN-US\">Subjects:<\/span><\/b><span lang=\"EN-US\"> Severe Mental Illness, Time-Use, Occupational Balance, Occupation, Recovery<\/span><\/p>","protected":false},"excerpt":{"rendered":"<p>Evaluation des ergotherapeutischen Therapiemanuals Handeln gegen Tr\u00e4gheit Abstract (deutsch) Titel: Evaluation des ergotherapeutischen Therapiemanuals Handeln gegen Tr\u00e4gheit Hintergrund: Als Folge einer schweren psychischen Erkrankung gestalten Menschen ihren Tag h\u00e4ufig mit weniger Aktivit\u00e4ten. Sie verbringen mehr Zeit passiv, mit Ruhen oder Schlafen und weniger Zeit mit Arbeiten, gemeinsam mit anderen Menschen oder au\u00dferhalb des eigenen Umfelds. [&hellip;]<\/p>\n","protected":false},"author":1,"featured_media":0,"parent":0,"menu_order":0,"comment_status":"closed","ping_status":"closed","template":"","meta":{"footnotes":""},"class_list":["post-433","page","type-page","status-publish","hentry"],"yoast_head":"<!-- This site is optimized with the Yoast SEO plugin v27.4 - https:\/\/yoast.com\/product\/yoast-seo-wordpress\/ -->\n<title>Masterarbeit - Andreas Pfeiffer<\/title>\n<meta name=\"robots\" content=\"index, follow, max-snippet:-1, max-image-preview:large, max-video-preview:-1\" \/>\n<link rel=\"canonical\" href=\"https:\/\/andreas-pfeiffer.de\/?page_id=433\" \/>\n<meta property=\"og:locale\" content=\"de_DE\" \/>\n<meta property=\"og:type\" content=\"article\" \/>\n<meta property=\"og:title\" content=\"Masterarbeit - Andreas Pfeiffer\" \/>\n<meta property=\"og:description\" content=\"Evaluation des ergotherapeutischen Therapiemanuals Handeln gegen Tr\u00e4gheit Abstract (deutsch) Titel: Evaluation des ergotherapeutischen Therapiemanuals Handeln gegen Tr\u00e4gheit Hintergrund: Als Folge einer schweren psychischen Erkrankung gestalten Menschen ihren Tag h\u00e4ufig mit weniger Aktivit\u00e4ten. Sie verbringen mehr Zeit passiv, mit Ruhen oder Schlafen und weniger Zeit mit Arbeiten, gemeinsam mit anderen Menschen oder au\u00dferhalb des eigenen Umfelds. [&hellip;]\" \/>\n<meta property=\"og:url\" content=\"https:\/\/andreas-pfeiffer.de\/?page_id=433\" \/>\n<meta property=\"og:site_name\" content=\"Andreas Pfeiffer\" \/>\n<meta property=\"article:modified_time\" content=\"2019-02-10T13:56:28+00:00\" \/>\n<meta property=\"og:image\" content=\"http:\/\/wordpress.andreas-pfeiffer.de\/wp-content\/uploads\/2019\/02\/Fotolia_33973757_XS.jpg\" \/>\n<meta name=\"twitter:card\" content=\"summary_large_image\" \/>\n<meta name=\"twitter:label1\" content=\"Gesch\u00e4tzte Lesezeit\" \/>\n\t<meta name=\"twitter:data1\" content=\"5\u00a0Minuten\" \/>\n<script type=\"application\/ld+json\" class=\"yoast-schema-graph\">{\"@context\":\"https:\\\/\\\/schema.org\",\"@graph\":[{\"@type\":\"WebPage\",\"@id\":\"https:\\\/\\\/andreas-pfeiffer.de\\\/?page_id=433\",\"url\":\"https:\\\/\\\/andreas-pfeiffer.de\\\/?page_id=433\",\"name\":\"Masterarbeit - Andreas Pfeiffer\",\"isPartOf\":{\"@id\":\"https:\\\/\\\/andreas-pfeiffer.de\\\/#website\"},\"primaryImageOfPage\":{\"@id\":\"https:\\\/\\\/andreas-pfeiffer.de\\\/?page_id=433#primaryimage\"},\"image\":{\"@id\":\"https:\\\/\\\/andreas-pfeiffer.de\\\/?page_id=433#primaryimage\"},\"thumbnailUrl\":\"http:\\\/\\\/wordpress.andreas-pfeiffer.de\\\/wp-content\\\/uploads\\\/2019\\\/02\\\/Fotolia_33973757_XS.jpg\",\"datePublished\":\"2019-02-10T12:10:31+00:00\",\"dateModified\":\"2019-02-10T13:56:28+00:00\",\"breadcrumb\":{\"@id\":\"https:\\\/\\\/andreas-pfeiffer.de\\\/?page_id=433#breadcrumb\"},\"inLanguage\":\"de\",\"potentialAction\":[{\"@type\":\"ReadAction\",\"target\":[\"https:\\\/\\\/andreas-pfeiffer.de\\\/?page_id=433\"]}]},{\"@type\":\"ImageObject\",\"inLanguage\":\"de\",\"@id\":\"https:\\\/\\\/andreas-pfeiffer.de\\\/?page_id=433#primaryimage\",\"url\":\"http:\\\/\\\/wordpress.andreas-pfeiffer.de\\\/wp-content\\\/uploads\\\/2019\\\/02\\\/Fotolia_33973757_XS.jpg\",\"contentUrl\":\"http:\\\/\\\/wordpress.andreas-pfeiffer.de\\\/wp-content\\\/uploads\\\/2019\\\/02\\\/Fotolia_33973757_XS.jpg\"},{\"@type\":\"BreadcrumbList\",\"@id\":\"https:\\\/\\\/andreas-pfeiffer.de\\\/?page_id=433#breadcrumb\",\"itemListElement\":[{\"@type\":\"ListItem\",\"position\":1,\"name\":\"Startseite\",\"item\":\"https:\\\/\\\/andreas-pfeiffer.de\\\/\"},{\"@type\":\"ListItem\",\"position\":2,\"name\":\"Masterarbeit\"}]},{\"@type\":\"WebSite\",\"@id\":\"https:\\\/\\\/andreas-pfeiffer.de\\\/#website\",\"url\":\"https:\\\/\\\/andreas-pfeiffer.de\\\/\",\"name\":\"Andreas Pfeiffer\",\"description\":\"Ergotherapeut\",\"publisher\":{\"@id\":\"https:\\\/\\\/andreas-pfeiffer.de\\\/#\\\/schema\\\/person\\\/faf4c19532443b2c6dab5f647e1e4a99\"},\"potentialAction\":[{\"@type\":\"SearchAction\",\"target\":{\"@type\":\"EntryPoint\",\"urlTemplate\":\"https:\\\/\\\/andreas-pfeiffer.de\\\/?s={search_term_string}\"},\"query-input\":{\"@type\":\"PropertyValueSpecification\",\"valueRequired\":true,\"valueName\":\"search_term_string\"}}],\"inLanguage\":\"de\"},{\"@type\":[\"Person\",\"Organization\"],\"@id\":\"https:\\\/\\\/andreas-pfeiffer.de\\\/#\\\/schema\\\/person\\\/faf4c19532443b2c6dab5f647e1e4a99\",\"name\":\"Andreas Pfeiffer\",\"image\":{\"@type\":\"ImageObject\",\"inLanguage\":\"de\",\"@id\":\"http:\\\/\\\/andreas-pfeiffer.de\\\/wp-content\\\/uploads\\\/2019\\\/02\\\/Bild2018.jpg\",\"url\":\"http:\\\/\\\/andreas-pfeiffer.de\\\/wp-content\\\/uploads\\\/2019\\\/02\\\/Bild2018.jpg\",\"contentUrl\":\"http:\\\/\\\/andreas-pfeiffer.de\\\/wp-content\\\/uploads\\\/2019\\\/02\\\/Bild2018.jpg\",\"width\":1072,\"height\":712,\"caption\":\"Andreas Pfeiffer\"},\"logo\":{\"@id\":\"http:\\\/\\\/andreas-pfeiffer.de\\\/wp-content\\\/uploads\\\/2019\\\/02\\\/Bild2018.jpg\"}}]}<\/script>\n<!-- \/ Yoast SEO plugin. -->","yoast_head_json":{"title":"Masterarbeit - Andreas Pfeiffer","robots":{"index":"index","follow":"follow","max-snippet":"max-snippet:-1","max-image-preview":"max-image-preview:large","max-video-preview":"max-video-preview:-1"},"canonical":"https:\/\/andreas-pfeiffer.de\/?page_id=433","og_locale":"de_DE","og_type":"article","og_title":"Masterarbeit - Andreas Pfeiffer","og_description":"Evaluation des ergotherapeutischen Therapiemanuals Handeln gegen Tr\u00e4gheit Abstract (deutsch) Titel: Evaluation des ergotherapeutischen Therapiemanuals Handeln gegen Tr\u00e4gheit Hintergrund: Als Folge einer schweren psychischen Erkrankung gestalten Menschen ihren Tag h\u00e4ufig mit weniger Aktivit\u00e4ten. Sie verbringen mehr Zeit passiv, mit Ruhen oder Schlafen und weniger Zeit mit Arbeiten, gemeinsam mit anderen Menschen oder au\u00dferhalb des eigenen Umfelds. [&hellip;]","og_url":"https:\/\/andreas-pfeiffer.de\/?page_id=433","og_site_name":"Andreas Pfeiffer","article_modified_time":"2019-02-10T13:56:28+00:00","og_image":[{"url":"http:\/\/wordpress.andreas-pfeiffer.de\/wp-content\/uploads\/2019\/02\/Fotolia_33973757_XS.jpg","type":"","width":"","height":""}],"twitter_card":"summary_large_image","twitter_misc":{"Gesch\u00e4tzte Lesezeit":"5\u00a0Minuten"},"schema":{"@context":"https:\/\/schema.org","@graph":[{"@type":"WebPage","@id":"https:\/\/andreas-pfeiffer.de\/?page_id=433","url":"https:\/\/andreas-pfeiffer.de\/?page_id=433","name":"Masterarbeit - Andreas Pfeiffer","isPartOf":{"@id":"https:\/\/andreas-pfeiffer.de\/#website"},"primaryImageOfPage":{"@id":"https:\/\/andreas-pfeiffer.de\/?page_id=433#primaryimage"},"image":{"@id":"https:\/\/andreas-pfeiffer.de\/?page_id=433#primaryimage"},"thumbnailUrl":"http:\/\/wordpress.andreas-pfeiffer.de\/wp-content\/uploads\/2019\/02\/Fotolia_33973757_XS.jpg","datePublished":"2019-02-10T12:10:31+00:00","dateModified":"2019-02-10T13:56:28+00:00","breadcrumb":{"@id":"https:\/\/andreas-pfeiffer.de\/?page_id=433#breadcrumb"},"inLanguage":"de","potentialAction":[{"@type":"ReadAction","target":["https:\/\/andreas-pfeiffer.de\/?page_id=433"]}]},{"@type":"ImageObject","inLanguage":"de","@id":"https:\/\/andreas-pfeiffer.de\/?page_id=433#primaryimage","url":"http:\/\/wordpress.andreas-pfeiffer.de\/wp-content\/uploads\/2019\/02\/Fotolia_33973757_XS.jpg","contentUrl":"http:\/\/wordpress.andreas-pfeiffer.de\/wp-content\/uploads\/2019\/02\/Fotolia_33973757_XS.jpg"},{"@type":"BreadcrumbList","@id":"https:\/\/andreas-pfeiffer.de\/?page_id=433#breadcrumb","itemListElement":[{"@type":"ListItem","position":1,"name":"Startseite","item":"https:\/\/andreas-pfeiffer.de\/"},{"@type":"ListItem","position":2,"name":"Masterarbeit"}]},{"@type":"WebSite","@id":"https:\/\/andreas-pfeiffer.de\/#website","url":"https:\/\/andreas-pfeiffer.de\/","name":"Andreas Pfeiffer","description":"Ergotherapeut","publisher":{"@id":"https:\/\/andreas-pfeiffer.de\/#\/schema\/person\/faf4c19532443b2c6dab5f647e1e4a99"},"potentialAction":[{"@type":"SearchAction","target":{"@type":"EntryPoint","urlTemplate":"https:\/\/andreas-pfeiffer.de\/?s={search_term_string}"},"query-input":{"@type":"PropertyValueSpecification","valueRequired":true,"valueName":"search_term_string"}}],"inLanguage":"de"},{"@type":["Person","Organization"],"@id":"https:\/\/andreas-pfeiffer.de\/#\/schema\/person\/faf4c19532443b2c6dab5f647e1e4a99","name":"Andreas Pfeiffer","image":{"@type":"ImageObject","inLanguage":"de","@id":"http:\/\/andreas-pfeiffer.de\/wp-content\/uploads\/2019\/02\/Bild2018.jpg","url":"http:\/\/andreas-pfeiffer.de\/wp-content\/uploads\/2019\/02\/Bild2018.jpg","contentUrl":"http:\/\/andreas-pfeiffer.de\/wp-content\/uploads\/2019\/02\/Bild2018.jpg","width":1072,"height":712,"caption":"Andreas Pfeiffer"},"logo":{"@id":"http:\/\/andreas-pfeiffer.de\/wp-content\/uploads\/2019\/02\/Bild2018.jpg"}}]}},"_links":{"self":[{"href":"https:\/\/andreas-pfeiffer.de\/index.php?rest_route=\/wp\/v2\/pages\/433","targetHints":{"allow":["GET"]}}],"collection":[{"href":"https:\/\/andreas-pfeiffer.de\/index.php?rest_route=\/wp\/v2\/pages"}],"about":[{"href":"https:\/\/andreas-pfeiffer.de\/index.php?rest_route=\/wp\/v2\/types\/page"}],"author":[{"embeddable":true,"href":"https:\/\/andreas-pfeiffer.de\/index.php?rest_route=\/wp\/v2\/users\/1"}],"replies":[{"embeddable":true,"href":"https:\/\/andreas-pfeiffer.de\/index.php?rest_route=%2Fwp%2Fv2%2Fcomments&post=433"}],"version-history":[{"count":6,"href":"https:\/\/andreas-pfeiffer.de\/index.php?rest_route=\/wp\/v2\/pages\/433\/revisions"}],"predecessor-version":[{"id":471,"href":"https:\/\/andreas-pfeiffer.de\/index.php?rest_route=\/wp\/v2\/pages\/433\/revisions\/471"}],"wp:attachment":[{"href":"https:\/\/andreas-pfeiffer.de\/index.php?rest_route=%2Fwp%2Fv2%2Fmedia&parent=433"}],"curies":[{"name":"wp","href":"https:\/\/api.w.org\/{rel}","templated":true}]}}