{"id":435,"date":"2019-02-10T12:10:54","date_gmt":"2019-02-10T12:10:54","guid":{"rendered":"http:\/\/wordpress.andreas-pfeiffer.de\/?page_id=435"},"modified":"2019-02-10T13:47:51","modified_gmt":"2019-02-10T13:47:51","slug":"bachelorarbeit","status":"publish","type":"page","link":"https:\/\/andreas-pfeiffer.de\/?page_id=435","title":{"rendered":"Bachelorarbeit"},"content":{"rendered":"\n<figure class=\"wp-block-image\"><img loading=\"lazy\" decoding=\"async\" width=\"1024\" height=\"385\" src=\"http:\/\/wordpress.andreas-pfeiffer.de\/wp-content\/uploads\/2019\/02\/Bachelorarbeit-1024x385.png\" alt=\"\" class=\"wp-image-459\" srcset=\"https:\/\/andreas-pfeiffer.de\/wp-content\/uploads\/2019\/02\/Bachelorarbeit-1024x385.png 1024w, https:\/\/andreas-pfeiffer.de\/wp-content\/uploads\/2019\/02\/Bachelorarbeit-300x113.png 300w, https:\/\/andreas-pfeiffer.de\/wp-content\/uploads\/2019\/02\/Bachelorarbeit-768x289.png 768w\" sizes=\"auto, (max-width: 1024px) 100vw, 1024px\" \/><\/figure>\n\n\n<h2>Wie kann aus Sicht der Klienten, die eine psychische Krise bew\u00e4ltigt haben, Ergotherapie unterst\u00fctzen, um eigene Produktivit\u00e4t* zu erm\u00f6glichen?<\/h2>\n<p><em>Bachelorarbeit von Annika Carl, Andreas Pfeiffer und Judith Schreck<\/em><\/p>\n<p>Aktuell werden in der Gesellschaft vermehrt psychische Erkrankungen thematisiert. Sie haben Auswirkungen auf Produktivit\u00e4t, da Alltagsroutinen, Rollen und Werte in Folge oft-mals grundlegend ver\u00e4ndert sind. Die Teilhabe am gesellschaftlichen Leben, Wohlbefinden und Lebensqualit\u00e4t k\u00f6nnen in Folge reduziert sein.<\/p>\n<p>Diese Studie sucht nach dem Zusammenhang zwischen Produktivit\u00e4t, Wohlbefinden und\u00a0 Lebensqualit\u00e4t und wie diese durch Ergotherapie und Umwelt beeinflusst werden. Ziel war es zu erfahren, wie Ergotherapie aus Sicht der Klienten unterst\u00fctzen kann, um eigene Produktivit\u00e4t zu erm\u00f6glichen.<\/p>\n<p>Es werden die Ergebnisse einer qualitativen Studie dargestellt, bei der elf Teilnehmer mittels leitfadengest\u00fctzter Experteninterviews befragt wurden.<\/p>\n<p>Durch eine qualitative Inhaltsanalyse nach Gl\u00e4ser &amp; Laudel konnten folgende Kategorien identifiziert werden: Ergotherapeut, Klient, Umwelt, \u00a0Produktivit\u00e4t, Lebensqualit\u00e4t\/Wohlbefinden\/Teilhabe.<\/p>\n<p>Nach der Auswertung dieser Kategorien ergab sich, dass Angebote des Gesundheitssystems, auch Ergotherapie, neben dem sozialen Umfeld eine zentrale Unterst\u00fctzung darstellen, um Produktivit\u00e4t zu erm\u00f6glichen.<\/p>\n<p>Im Zusammengang mit Berentung und Arbeitslosigkeit berichten viele Teilnehmer von der gro\u00dfen Bedeutung, die Produktivit\u00e4t f\u00fcr sie hat.<\/p>\n<p>*Produktivit\u00e4t bezeichnet Aktivit\u00e4ten wie beispielsweise: Ausbildung, Arbeit, Ehrenamt, Erziehung und die Pflege von Angeh\u00f6rigen.<\/p>\n<h3>Literatur:<\/h3>\n<p>Gl\u00e4ser, J. &amp; Laudel, G. (2010). Experteninterviews und qualitative Inhaltsanalyse. Verlag f\u00fcr Sozialwissenschaften. 2. Auflage. Wiesbaden.<\/p>\n<h3>Download:<\/h3>\n<p><a href=\"http:\/\/wordpress.andreas-pfeiffer.de\/wp-content\/uploads\/2019\/02\/Poster_BC.pdf\">Poster_BC<\/a><\/p>\n\n\n<p><\/p>\n","protected":false},"excerpt":{"rendered":"<p>Wie kann aus Sicht der Klienten, die eine psychische Krise bew\u00e4ltigt haben, Ergotherapie unterst\u00fctzen, um eigene Produktivit\u00e4t* zu erm\u00f6glichen? Bachelorarbeit von Annika Carl, Andreas Pfeiffer und Judith Schreck Aktuell werden in der Gesellschaft vermehrt psychische Erkrankungen thematisiert. Sie haben Auswirkungen auf Produktivit\u00e4t, da Alltagsroutinen, Rollen und Werte in Folge oft-mals grundlegend ver\u00e4ndert sind. Die Teilhabe [&hellip;]<\/p>\n","protected":false},"author":1,"featured_media":0,"parent":0,"menu_order":0,"comment_status":"closed","ping_status":"closed","template":"","meta":{"footnotes":""},"class_list":["post-435","page","type-page","status-publish","hentry"],"yoast_head":"<!-- This site is optimized with the Yoast SEO plugin v27.4 - https:\/\/yoast.com\/product\/yoast-seo-wordpress\/ -->\n<title>Bachelorarbeit - Andreas Pfeiffer<\/title>\n<meta name=\"robots\" content=\"index, follow, max-snippet:-1, max-image-preview:large, max-video-preview:-1\" \/>\n<link rel=\"canonical\" href=\"https:\/\/andreas-pfeiffer.de\/?page_id=435\" \/>\n<meta property=\"og:locale\" content=\"de_DE\" \/>\n<meta property=\"og:type\" content=\"article\" \/>\n<meta property=\"og:title\" content=\"Bachelorarbeit - Andreas Pfeiffer\" \/>\n<meta property=\"og:description\" content=\"Wie kann aus Sicht der Klienten, die eine psychische Krise bew\u00e4ltigt haben, Ergotherapie unterst\u00fctzen, um eigene Produktivit\u00e4t* zu erm\u00f6glichen? Bachelorarbeit von Annika Carl, Andreas Pfeiffer und Judith Schreck Aktuell werden in der Gesellschaft vermehrt psychische Erkrankungen thematisiert. Sie haben Auswirkungen auf Produktivit\u00e4t, da Alltagsroutinen, Rollen und Werte in Folge oft-mals grundlegend ver\u00e4ndert sind. Die Teilhabe [&hellip;]\" \/>\n<meta property=\"og:url\" content=\"https:\/\/andreas-pfeiffer.de\/?page_id=435\" \/>\n<meta property=\"og:site_name\" content=\"Andreas Pfeiffer\" \/>\n<meta property=\"article:modified_time\" content=\"2019-02-10T13:47:51+00:00\" \/>\n<meta property=\"og:image\" content=\"http:\/\/wordpress.andreas-pfeiffer.de\/wp-content\/uploads\/2019\/02\/Bachelorarbeit-1024x385.png\" \/>\n<meta name=\"twitter:card\" content=\"summary_large_image\" \/>\n<meta name=\"twitter:label1\" content=\"Gesch\u00e4tzte Lesezeit\" \/>\n\t<meta name=\"twitter:data1\" content=\"1\u00a0Minute\" \/>\n<script type=\"application\/ld+json\" class=\"yoast-schema-graph\">{\"@context\":\"https:\\\/\\\/schema.org\",\"@graph\":[{\"@type\":\"WebPage\",\"@id\":\"https:\\\/\\\/andreas-pfeiffer.de\\\/?page_id=435\",\"url\":\"https:\\\/\\\/andreas-pfeiffer.de\\\/?page_id=435\",\"name\":\"Bachelorarbeit - Andreas Pfeiffer\",\"isPartOf\":{\"@id\":\"https:\\\/\\\/andreas-pfeiffer.de\\\/#website\"},\"primaryImageOfPage\":{\"@id\":\"https:\\\/\\\/andreas-pfeiffer.de\\\/?page_id=435#primaryimage\"},\"image\":{\"@id\":\"https:\\\/\\\/andreas-pfeiffer.de\\\/?page_id=435#primaryimage\"},\"thumbnailUrl\":\"http:\\\/\\\/wordpress.andreas-pfeiffer.de\\\/wp-content\\\/uploads\\\/2019\\\/02\\\/Bachelorarbeit-1024x385.png\",\"datePublished\":\"2019-02-10T12:10:54+00:00\",\"dateModified\":\"2019-02-10T13:47:51+00:00\",\"breadcrumb\":{\"@id\":\"https:\\\/\\\/andreas-pfeiffer.de\\\/?page_id=435#breadcrumb\"},\"inLanguage\":\"de\",\"potentialAction\":[{\"@type\":\"ReadAction\",\"target\":[\"https:\\\/\\\/andreas-pfeiffer.de\\\/?page_id=435\"]}]},{\"@type\":\"ImageObject\",\"inLanguage\":\"de\",\"@id\":\"https:\\\/\\\/andreas-pfeiffer.de\\\/?page_id=435#primaryimage\",\"url\":\"http:\\\/\\\/wordpress.andreas-pfeiffer.de\\\/wp-content\\\/uploads\\\/2019\\\/02\\\/Bachelorarbeit-1024x385.png\",\"contentUrl\":\"http:\\\/\\\/wordpress.andreas-pfeiffer.de\\\/wp-content\\\/uploads\\\/2019\\\/02\\\/Bachelorarbeit-1024x385.png\"},{\"@type\":\"BreadcrumbList\",\"@id\":\"https:\\\/\\\/andreas-pfeiffer.de\\\/?page_id=435#breadcrumb\",\"itemListElement\":[{\"@type\":\"ListItem\",\"position\":1,\"name\":\"Startseite\",\"item\":\"https:\\\/\\\/andreas-pfeiffer.de\\\/\"},{\"@type\":\"ListItem\",\"position\":2,\"name\":\"Bachelorarbeit\"}]},{\"@type\":\"WebSite\",\"@id\":\"https:\\\/\\\/andreas-pfeiffer.de\\\/#website\",\"url\":\"https:\\\/\\\/andreas-pfeiffer.de\\\/\",\"name\":\"Andreas Pfeiffer\",\"description\":\"Ergotherapeut\",\"publisher\":{\"@id\":\"https:\\\/\\\/andreas-pfeiffer.de\\\/#\\\/schema\\\/person\\\/faf4c19532443b2c6dab5f647e1e4a99\"},\"potentialAction\":[{\"@type\":\"SearchAction\",\"target\":{\"@type\":\"EntryPoint\",\"urlTemplate\":\"https:\\\/\\\/andreas-pfeiffer.de\\\/?s={search_term_string}\"},\"query-input\":{\"@type\":\"PropertyValueSpecification\",\"valueRequired\":true,\"valueName\":\"search_term_string\"}}],\"inLanguage\":\"de\"},{\"@type\":[\"Person\",\"Organization\"],\"@id\":\"https:\\\/\\\/andreas-pfeiffer.de\\\/#\\\/schema\\\/person\\\/faf4c19532443b2c6dab5f647e1e4a99\",\"name\":\"Andreas Pfeiffer\",\"image\":{\"@type\":\"ImageObject\",\"inLanguage\":\"de\",\"@id\":\"http:\\\/\\\/andreas-pfeiffer.de\\\/wp-content\\\/uploads\\\/2019\\\/02\\\/Bild2018.jpg\",\"url\":\"http:\\\/\\\/andreas-pfeiffer.de\\\/wp-content\\\/uploads\\\/2019\\\/02\\\/Bild2018.jpg\",\"contentUrl\":\"http:\\\/\\\/andreas-pfeiffer.de\\\/wp-content\\\/uploads\\\/2019\\\/02\\\/Bild2018.jpg\",\"width\":1072,\"height\":712,\"caption\":\"Andreas Pfeiffer\"},\"logo\":{\"@id\":\"http:\\\/\\\/andreas-pfeiffer.de\\\/wp-content\\\/uploads\\\/2019\\\/02\\\/Bild2018.jpg\"}}]}<\/script>\n<!-- \/ Yoast SEO plugin. -->","yoast_head_json":{"title":"Bachelorarbeit - Andreas Pfeiffer","robots":{"index":"index","follow":"follow","max-snippet":"max-snippet:-1","max-image-preview":"max-image-preview:large","max-video-preview":"max-video-preview:-1"},"canonical":"https:\/\/andreas-pfeiffer.de\/?page_id=435","og_locale":"de_DE","og_type":"article","og_title":"Bachelorarbeit - Andreas Pfeiffer","og_description":"Wie kann aus Sicht der Klienten, die eine psychische Krise bew\u00e4ltigt haben, Ergotherapie unterst\u00fctzen, um eigene Produktivit\u00e4t* zu erm\u00f6glichen? Bachelorarbeit von Annika Carl, Andreas Pfeiffer und Judith Schreck Aktuell werden in der Gesellschaft vermehrt psychische Erkrankungen thematisiert. Sie haben Auswirkungen auf Produktivit\u00e4t, da Alltagsroutinen, Rollen und Werte in Folge oft-mals grundlegend ver\u00e4ndert sind. Die Teilhabe [&hellip;]","og_url":"https:\/\/andreas-pfeiffer.de\/?page_id=435","og_site_name":"Andreas Pfeiffer","article_modified_time":"2019-02-10T13:47:51+00:00","og_image":[{"url":"http:\/\/wordpress.andreas-pfeiffer.de\/wp-content\/uploads\/2019\/02\/Bachelorarbeit-1024x385.png","type":"","width":"","height":""}],"twitter_card":"summary_large_image","twitter_misc":{"Gesch\u00e4tzte Lesezeit":"1\u00a0Minute"},"schema":{"@context":"https:\/\/schema.org","@graph":[{"@type":"WebPage","@id":"https:\/\/andreas-pfeiffer.de\/?page_id=435","url":"https:\/\/andreas-pfeiffer.de\/?page_id=435","name":"Bachelorarbeit - Andreas Pfeiffer","isPartOf":{"@id":"https:\/\/andreas-pfeiffer.de\/#website"},"primaryImageOfPage":{"@id":"https:\/\/andreas-pfeiffer.de\/?page_id=435#primaryimage"},"image":{"@id":"https:\/\/andreas-pfeiffer.de\/?page_id=435#primaryimage"},"thumbnailUrl":"http:\/\/wordpress.andreas-pfeiffer.de\/wp-content\/uploads\/2019\/02\/Bachelorarbeit-1024x385.png","datePublished":"2019-02-10T12:10:54+00:00","dateModified":"2019-02-10T13:47:51+00:00","breadcrumb":{"@id":"https:\/\/andreas-pfeiffer.de\/?page_id=435#breadcrumb"},"inLanguage":"de","potentialAction":[{"@type":"ReadAction","target":["https:\/\/andreas-pfeiffer.de\/?page_id=435"]}]},{"@type":"ImageObject","inLanguage":"de","@id":"https:\/\/andreas-pfeiffer.de\/?page_id=435#primaryimage","url":"http:\/\/wordpress.andreas-pfeiffer.de\/wp-content\/uploads\/2019\/02\/Bachelorarbeit-1024x385.png","contentUrl":"http:\/\/wordpress.andreas-pfeiffer.de\/wp-content\/uploads\/2019\/02\/Bachelorarbeit-1024x385.png"},{"@type":"BreadcrumbList","@id":"https:\/\/andreas-pfeiffer.de\/?page_id=435#breadcrumb","itemListElement":[{"@type":"ListItem","position":1,"name":"Startseite","item":"https:\/\/andreas-pfeiffer.de\/"},{"@type":"ListItem","position":2,"name":"Bachelorarbeit"}]},{"@type":"WebSite","@id":"https:\/\/andreas-pfeiffer.de\/#website","url":"https:\/\/andreas-pfeiffer.de\/","name":"Andreas Pfeiffer","description":"Ergotherapeut","publisher":{"@id":"https:\/\/andreas-pfeiffer.de\/#\/schema\/person\/faf4c19532443b2c6dab5f647e1e4a99"},"potentialAction":[{"@type":"SearchAction","target":{"@type":"EntryPoint","urlTemplate":"https:\/\/andreas-pfeiffer.de\/?s={search_term_string}"},"query-input":{"@type":"PropertyValueSpecification","valueRequired":true,"valueName":"search_term_string"}}],"inLanguage":"de"},{"@type":["Person","Organization"],"@id":"https:\/\/andreas-pfeiffer.de\/#\/schema\/person\/faf4c19532443b2c6dab5f647e1e4a99","name":"Andreas Pfeiffer","image":{"@type":"ImageObject","inLanguage":"de","@id":"http:\/\/andreas-pfeiffer.de\/wp-content\/uploads\/2019\/02\/Bild2018.jpg","url":"http:\/\/andreas-pfeiffer.de\/wp-content\/uploads\/2019\/02\/Bild2018.jpg","contentUrl":"http:\/\/andreas-pfeiffer.de\/wp-content\/uploads\/2019\/02\/Bild2018.jpg","width":1072,"height":712,"caption":"Andreas Pfeiffer"},"logo":{"@id":"http:\/\/andreas-pfeiffer.de\/wp-content\/uploads\/2019\/02\/Bild2018.jpg"}}]}},"_links":{"self":[{"href":"https:\/\/andreas-pfeiffer.de\/index.php?rest_route=\/wp\/v2\/pages\/435","targetHints":{"allow":["GET"]}}],"collection":[{"href":"https:\/\/andreas-pfeiffer.de\/index.php?rest_route=\/wp\/v2\/pages"}],"about":[{"href":"https:\/\/andreas-pfeiffer.de\/index.php?rest_route=\/wp\/v2\/types\/page"}],"author":[{"embeddable":true,"href":"https:\/\/andreas-pfeiffer.de\/index.php?rest_route=\/wp\/v2\/users\/1"}],"replies":[{"embeddable":true,"href":"https:\/\/andreas-pfeiffer.de\/index.php?rest_route=%2Fwp%2Fv2%2Fcomments&post=435"}],"version-history":[{"count":6,"href":"https:\/\/andreas-pfeiffer.de\/index.php?rest_route=\/wp\/v2\/pages\/435\/revisions"}],"predecessor-version":[{"id":463,"href":"https:\/\/andreas-pfeiffer.de\/index.php?rest_route=\/wp\/v2\/pages\/435\/revisions\/463"}],"wp:attachment":[{"href":"https:\/\/andreas-pfeiffer.de\/index.php?rest_route=%2Fwp%2Fv2%2Fmedia&parent=435"}],"curies":[{"name":"wp","href":"https:\/\/api.w.org\/{rel}","templated":true}]}}