{"id":46,"date":"2019-02-04T11:17:49","date_gmt":"2019-02-04T11:17:49","guid":{"rendered":"http:\/\/wordpress.andreas-pfeiffer.de\/?page_id=46"},"modified":"2019-03-03T15:38:46","modified_gmt":"2019-03-03T15:38:46","slug":"forschung","status":"publish","type":"page","link":"https:\/\/andreas-pfeiffer.de\/?page_id=46","title":{"rendered":"Forschung"},"content":{"rendered":"\r\n<figure class=\"wp-block-image\"><img loading=\"lazy\" decoding=\"async\" width=\"1024\" height=\"293\" class=\"wp-image-496\" src=\"http:\/\/wordpress.andreas-pfeiffer.de\/wp-content\/uploads\/2019\/02\/concept-1868728_1920-1024x293.jpg\" alt=\"\" srcset=\"https:\/\/andreas-pfeiffer.de\/wp-content\/uploads\/2019\/02\/concept-1868728_1920-1024x293.jpg 1024w, https:\/\/andreas-pfeiffer.de\/wp-content\/uploads\/2019\/02\/concept-1868728_1920-300x86.jpg 300w, https:\/\/andreas-pfeiffer.de\/wp-content\/uploads\/2019\/02\/concept-1868728_1920-768x220.jpg 768w, https:\/\/andreas-pfeiffer.de\/wp-content\/uploads\/2019\/02\/concept-1868728_1920.jpg 1920w\" sizes=\"auto, (max-width: 1024px) 100vw, 1024px\" \/><\/figure>\r\n\r\n<h2>Praxisbezogenes Forschungsnetzwerk (PBFN) zum Thema Time-Use (Zeitnutzung)<\/h2>\r\n<p>Werner H\u00f6hl und ich haben zwischen 2016 und 2018 ein praxisbezogenes Forschungsnetzwerk (PBFN) zum Thema Zeitnutzung (Time-use) von Menschen mit schweren psychischen Erkrankungen aufgebaut. Die Kooperation einer Versorgungseinrichtung und mehreren Hochschulen war f\u00fcr alle Beteiligten ein gro\u00dfer Erfolg.<\/p>\r\n<p>Da Werner H\u00f6hl und ich die Klinik verlassen haben, pausiert unser PBFN nun leider erst einmal. Aktuell f\u00fchren wir nur noch die begonnenen Begleitungen zu Ende.<\/p>\r\n<p>Das Poster zum PBFN zum Download:\u00a0<a href=\"http:\/\/wordpress.andreas-pfeiffer.de\/wp-content\/uploads\/2019\/02\/PosterLVR_PBFN.pdf\">PosterLVR_PBFN<\/a><\/p>\r\n\r\n<h3 class=\"wp-block-heading\"><br \/>Bachelor- und Masterarbeiten, die im Rahmen dieses PFBN erstellt wurden<\/h3>\r\n\r\n\r\n\r\n<p>Pfeiffer A. (2016)\u00a0<em>Kann die Intervention Action over inertia den Zeitanteil gesundheitsf\u00f6rdernder Aktivit\u00e4ten bei Menschen mit schweren psychischen Erkrankungen erh\u00f6hen?<\/em>\u00a0&#8211; Masterarbeit an der Donau-Universit\u00e4t-Krems<\/p>\r\n\r\n\r\n\r\n<p>M\u00fcller, L. (2016)\u00a0<em>Zeitnutzungsanalyse bei Menschen mit einer psychiatrischen Erkrankung<\/em>\u00a0&#8211; Masterarbeit im Studiengang Soziale Arbeit und Gesundheit im Kontext sozialer Koh\u00e4sion an der Hochschule Emden\/Leer\u00a0<\/p>\r\n\r\n\r\n\r\n<p>Simon S. &amp; Kisters L. (2017)\u00a0<em>Entwicklung und Evaluation einer deutschen Version der Smartphone-App \u201eOccubuzz\u201c<\/em>\u00a0&#8211; Bachelorarbeit an der Hogeschool Zuyd\u00a0<\/p>\r\n\r\n\r\n\r\n<p>Longr\u00e9e A. &amp; Queckenstedt G. (2017) \u00a0<em>Befragung von Menschen im Erwerbsalter mit psychiatrischen Er-krankungen, in wie weit aus deren Sicht ergotherapeutische Interventionen zum Thema \u201eZeitnutzung\u201c f\u00fcr sie relevant sind und woran sie den Erfolg einer solchen Intervention messen w\u00fcrden &#8211;<\/em>\u00a0Bachelorarbeit an der Hogeschool Zuyd<\/p>\r\n\r\n\r\n\r\n<p>Seitz E. &amp; Vetten G. (2017)\u00a0<em>Befragung von Menschen im Erwerbsalter mit psychiatrischen Erkrankungen, was aus deren Sicht bei der psychiatrischen Ergotherapie wichtig ist und woran Sie den Erfolg der Therapie messen w\u00fcrden<\/em>\u00a0&#8211; Bachelorarbeit an der Hogeschool Zuyd<\/p>\r\n\r\n\r\n\r\n<p>Kra\u00df, S.\u00a0Roozeboom, D.\u00a0Vorrink, A. (2017)\u00a0<em>L<\/em><em>ebe dein Leben gut! Eine qualitative Studie zur Anwendbarkeit des Do-Live-Well Frameworks in Deutschland<\/em>\u00a0&#8211;\u00a0Bachelorarbeit\u00a0an der Hogeschool Zuyd<\/p>\r\n\r\n\r\n\r\n<p>R\u00fcther V. (2018)\u00a0<em>Implementierung des Therapieprogramms Handeln gegen Tr\u00e4gheit<\/em>\u00a0&#8211; Bachelorarbeit\u00a0an der Hochschule Osnabr\u00fcck<\/p>\r\n\r\n\r\n\r\n<p>Darmann, R. (l\u00e4uft) <em>Erreichungsgrad klassischer Lebensstil-Gesundheitsma\u00dfnahmen bei Menschen im Erwerbsalter mit psychiatrischen Erkrankungen<\/em> an der Donau-Universit\u00e4t- Krems<\/p>\r\n<h3><br \/>Bachelor- und Masterarbeiten, die ich zus\u00e4tzlich betreut habe<\/h3>\r\n<div class=\"page\" title=\"Page 1\">\r\n<div class=\"layoutArea\">\r\n<div class=\"column\">\r\n<p>Binder, M. (l\u00e4uft) E<em>uthyme Therapie in der Neurorehabilitation, eine randomisierte, kontrollierte Pilotstudie<\/em> an der Donau-Universit\u00e4t- Krems<\/p>\r\n<\/div>\r\n<\/div>\r\n<\/div>\r\n","protected":false},"excerpt":{"rendered":"<p>Praxisbezogenes Forschungsnetzwerk (PBFN) zum Thema Time-Use (Zeitnutzung) Werner H\u00f6hl und ich haben zwischen 2016 und 2018 ein praxisbezogenes Forschungsnetzwerk (PBFN) zum Thema Zeitnutzung (Time-use) von Menschen mit schweren psychischen Erkrankungen aufgebaut. Die Kooperation einer Versorgungseinrichtung und mehreren Hochschulen war f\u00fcr alle Beteiligten ein gro\u00dfer Erfolg. Da Werner H\u00f6hl und ich die Klinik verlassen haben, pausiert [&hellip;]<\/p>\n","protected":false},"author":1,"featured_media":0,"parent":0,"menu_order":0,"comment_status":"closed","ping_status":"closed","template":"","meta":{"footnotes":""},"class_list":["post-46","page","type-page","status-publish","hentry"],"yoast_head":"<!-- This site is optimized with the Yoast SEO plugin v27.5 - https:\/\/yoast.com\/product\/yoast-seo-wordpress\/ -->\n<title>Forschung - Andreas Pfeiffer<\/title>\n<meta name=\"robots\" content=\"index, follow, max-snippet:-1, max-image-preview:large, max-video-preview:-1\" \/>\n<link rel=\"canonical\" href=\"https:\/\/andreas-pfeiffer.de\/?page_id=46\" \/>\n<meta property=\"og:locale\" content=\"de_DE\" \/>\n<meta property=\"og:type\" content=\"article\" \/>\n<meta property=\"og:title\" content=\"Forschung - Andreas Pfeiffer\" \/>\n<meta property=\"og:description\" content=\"Praxisbezogenes Forschungsnetzwerk (PBFN) zum Thema Time-Use (Zeitnutzung) Werner H\u00f6hl und ich haben zwischen 2016 und 2018 ein praxisbezogenes Forschungsnetzwerk (PBFN) zum Thema Zeitnutzung (Time-use) von Menschen mit schweren psychischen Erkrankungen aufgebaut. Die Kooperation einer Versorgungseinrichtung und mehreren Hochschulen war f\u00fcr alle Beteiligten ein gro\u00dfer Erfolg. Da Werner H\u00f6hl und ich die Klinik verlassen haben, pausiert [&hellip;]\" \/>\n<meta property=\"og:url\" content=\"https:\/\/andreas-pfeiffer.de\/?page_id=46\" \/>\n<meta property=\"og:site_name\" content=\"Andreas Pfeiffer\" \/>\n<meta property=\"article:modified_time\" content=\"2019-03-03T15:38:46+00:00\" \/>\n<meta property=\"og:image\" content=\"http:\/\/wordpress.andreas-pfeiffer.de\/wp-content\/uploads\/2019\/02\/concept-1868728_1920-1024x293.jpg\" \/>\n<meta name=\"twitter:card\" content=\"summary_large_image\" \/>\n<meta name=\"twitter:label1\" content=\"Gesch\u00e4tzte Lesezeit\" \/>\n\t<meta name=\"twitter:data1\" content=\"2\u00a0Minuten\" \/>\n<script type=\"application\/ld+json\" class=\"yoast-schema-graph\">{\"@context\":\"https:\\\/\\\/schema.org\",\"@graph\":[{\"@type\":\"WebPage\",\"@id\":\"https:\\\/\\\/andreas-pfeiffer.de\\\/?page_id=46\",\"url\":\"https:\\\/\\\/andreas-pfeiffer.de\\\/?page_id=46\",\"name\":\"Forschung - Andreas Pfeiffer\",\"isPartOf\":{\"@id\":\"https:\\\/\\\/andreas-pfeiffer.de\\\/#website\"},\"primaryImageOfPage\":{\"@id\":\"https:\\\/\\\/andreas-pfeiffer.de\\\/?page_id=46#primaryimage\"},\"image\":{\"@id\":\"https:\\\/\\\/andreas-pfeiffer.de\\\/?page_id=46#primaryimage\"},\"thumbnailUrl\":\"http:\\\/\\\/wordpress.andreas-pfeiffer.de\\\/wp-content\\\/uploads\\\/2019\\\/02\\\/concept-1868728_1920-1024x293.jpg\",\"datePublished\":\"2019-02-04T11:17:49+00:00\",\"dateModified\":\"2019-03-03T15:38:46+00:00\",\"breadcrumb\":{\"@id\":\"https:\\\/\\\/andreas-pfeiffer.de\\\/?page_id=46#breadcrumb\"},\"inLanguage\":\"de\",\"potentialAction\":[{\"@type\":\"ReadAction\",\"target\":[\"https:\\\/\\\/andreas-pfeiffer.de\\\/?page_id=46\"]}]},{\"@type\":\"ImageObject\",\"inLanguage\":\"de\",\"@id\":\"https:\\\/\\\/andreas-pfeiffer.de\\\/?page_id=46#primaryimage\",\"url\":\"http:\\\/\\\/wordpress.andreas-pfeiffer.de\\\/wp-content\\\/uploads\\\/2019\\\/02\\\/concept-1868728_1920-1024x293.jpg\",\"contentUrl\":\"http:\\\/\\\/wordpress.andreas-pfeiffer.de\\\/wp-content\\\/uploads\\\/2019\\\/02\\\/concept-1868728_1920-1024x293.jpg\"},{\"@type\":\"BreadcrumbList\",\"@id\":\"https:\\\/\\\/andreas-pfeiffer.de\\\/?page_id=46#breadcrumb\",\"itemListElement\":[{\"@type\":\"ListItem\",\"position\":1,\"name\":\"Startseite\",\"item\":\"https:\\\/\\\/andreas-pfeiffer.de\\\/\"},{\"@type\":\"ListItem\",\"position\":2,\"name\":\"Forschung\"}]},{\"@type\":\"WebSite\",\"@id\":\"https:\\\/\\\/andreas-pfeiffer.de\\\/#website\",\"url\":\"https:\\\/\\\/andreas-pfeiffer.de\\\/\",\"name\":\"Andreas Pfeiffer\",\"description\":\"Ergotherapeut\",\"publisher\":{\"@id\":\"https:\\\/\\\/andreas-pfeiffer.de\\\/#\\\/schema\\\/person\\\/faf4c19532443b2c6dab5f647e1e4a99\"},\"potentialAction\":[{\"@type\":\"SearchAction\",\"target\":{\"@type\":\"EntryPoint\",\"urlTemplate\":\"https:\\\/\\\/andreas-pfeiffer.de\\\/?s={search_term_string}\"},\"query-input\":{\"@type\":\"PropertyValueSpecification\",\"valueRequired\":true,\"valueName\":\"search_term_string\"}}],\"inLanguage\":\"de\"},{\"@type\":[\"Person\",\"Organization\"],\"@id\":\"https:\\\/\\\/andreas-pfeiffer.de\\\/#\\\/schema\\\/person\\\/faf4c19532443b2c6dab5f647e1e4a99\",\"name\":\"Andreas Pfeiffer\",\"image\":{\"@type\":\"ImageObject\",\"inLanguage\":\"de\",\"@id\":\"http:\\\/\\\/andreas-pfeiffer.de\\\/wp-content\\\/uploads\\\/2019\\\/02\\\/Bild2018.jpg\",\"url\":\"http:\\\/\\\/andreas-pfeiffer.de\\\/wp-content\\\/uploads\\\/2019\\\/02\\\/Bild2018.jpg\",\"contentUrl\":\"http:\\\/\\\/andreas-pfeiffer.de\\\/wp-content\\\/uploads\\\/2019\\\/02\\\/Bild2018.jpg\",\"width\":1072,\"height\":712,\"caption\":\"Andreas Pfeiffer\"},\"logo\":{\"@id\":\"http:\\\/\\\/andreas-pfeiffer.de\\\/wp-content\\\/uploads\\\/2019\\\/02\\\/Bild2018.jpg\"}}]}<\/script>\n<!-- \/ Yoast SEO plugin. -->","yoast_head_json":{"title":"Forschung - Andreas Pfeiffer","robots":{"index":"index","follow":"follow","max-snippet":"max-snippet:-1","max-image-preview":"max-image-preview:large","max-video-preview":"max-video-preview:-1"},"canonical":"https:\/\/andreas-pfeiffer.de\/?page_id=46","og_locale":"de_DE","og_type":"article","og_title":"Forschung - Andreas Pfeiffer","og_description":"Praxisbezogenes Forschungsnetzwerk (PBFN) zum Thema Time-Use (Zeitnutzung) Werner H\u00f6hl und ich haben zwischen 2016 und 2018 ein praxisbezogenes Forschungsnetzwerk (PBFN) zum Thema Zeitnutzung (Time-use) von Menschen mit schweren psychischen Erkrankungen aufgebaut. Die Kooperation einer Versorgungseinrichtung und mehreren Hochschulen war f\u00fcr alle Beteiligten ein gro\u00dfer Erfolg. Da Werner H\u00f6hl und ich die Klinik verlassen haben, pausiert [&hellip;]","og_url":"https:\/\/andreas-pfeiffer.de\/?page_id=46","og_site_name":"Andreas Pfeiffer","article_modified_time":"2019-03-03T15:38:46+00:00","og_image":[{"url":"http:\/\/wordpress.andreas-pfeiffer.de\/wp-content\/uploads\/2019\/02\/concept-1868728_1920-1024x293.jpg","type":"","width":"","height":""}],"twitter_card":"summary_large_image","twitter_misc":{"Gesch\u00e4tzte Lesezeit":"2\u00a0Minuten"},"schema":{"@context":"https:\/\/schema.org","@graph":[{"@type":"WebPage","@id":"https:\/\/andreas-pfeiffer.de\/?page_id=46","url":"https:\/\/andreas-pfeiffer.de\/?page_id=46","name":"Forschung - Andreas Pfeiffer","isPartOf":{"@id":"https:\/\/andreas-pfeiffer.de\/#website"},"primaryImageOfPage":{"@id":"https:\/\/andreas-pfeiffer.de\/?page_id=46#primaryimage"},"image":{"@id":"https:\/\/andreas-pfeiffer.de\/?page_id=46#primaryimage"},"thumbnailUrl":"http:\/\/wordpress.andreas-pfeiffer.de\/wp-content\/uploads\/2019\/02\/concept-1868728_1920-1024x293.jpg","datePublished":"2019-02-04T11:17:49+00:00","dateModified":"2019-03-03T15:38:46+00:00","breadcrumb":{"@id":"https:\/\/andreas-pfeiffer.de\/?page_id=46#breadcrumb"},"inLanguage":"de","potentialAction":[{"@type":"ReadAction","target":["https:\/\/andreas-pfeiffer.de\/?page_id=46"]}]},{"@type":"ImageObject","inLanguage":"de","@id":"https:\/\/andreas-pfeiffer.de\/?page_id=46#primaryimage","url":"http:\/\/wordpress.andreas-pfeiffer.de\/wp-content\/uploads\/2019\/02\/concept-1868728_1920-1024x293.jpg","contentUrl":"http:\/\/wordpress.andreas-pfeiffer.de\/wp-content\/uploads\/2019\/02\/concept-1868728_1920-1024x293.jpg"},{"@type":"BreadcrumbList","@id":"https:\/\/andreas-pfeiffer.de\/?page_id=46#breadcrumb","itemListElement":[{"@type":"ListItem","position":1,"name":"Startseite","item":"https:\/\/andreas-pfeiffer.de\/"},{"@type":"ListItem","position":2,"name":"Forschung"}]},{"@type":"WebSite","@id":"https:\/\/andreas-pfeiffer.de\/#website","url":"https:\/\/andreas-pfeiffer.de\/","name":"Andreas Pfeiffer","description":"Ergotherapeut","publisher":{"@id":"https:\/\/andreas-pfeiffer.de\/#\/schema\/person\/faf4c19532443b2c6dab5f647e1e4a99"},"potentialAction":[{"@type":"SearchAction","target":{"@type":"EntryPoint","urlTemplate":"https:\/\/andreas-pfeiffer.de\/?s={search_term_string}"},"query-input":{"@type":"PropertyValueSpecification","valueRequired":true,"valueName":"search_term_string"}}],"inLanguage":"de"},{"@type":["Person","Organization"],"@id":"https:\/\/andreas-pfeiffer.de\/#\/schema\/person\/faf4c19532443b2c6dab5f647e1e4a99","name":"Andreas Pfeiffer","image":{"@type":"ImageObject","inLanguage":"de","@id":"http:\/\/andreas-pfeiffer.de\/wp-content\/uploads\/2019\/02\/Bild2018.jpg","url":"http:\/\/andreas-pfeiffer.de\/wp-content\/uploads\/2019\/02\/Bild2018.jpg","contentUrl":"http:\/\/andreas-pfeiffer.de\/wp-content\/uploads\/2019\/02\/Bild2018.jpg","width":1072,"height":712,"caption":"Andreas Pfeiffer"},"logo":{"@id":"http:\/\/andreas-pfeiffer.de\/wp-content\/uploads\/2019\/02\/Bild2018.jpg"}}]}},"_links":{"self":[{"href":"https:\/\/andreas-pfeiffer.de\/index.php?rest_route=\/wp\/v2\/pages\/46","targetHints":{"allow":["GET"]}}],"collection":[{"href":"https:\/\/andreas-pfeiffer.de\/index.php?rest_route=\/wp\/v2\/pages"}],"about":[{"href":"https:\/\/andreas-pfeiffer.de\/index.php?rest_route=\/wp\/v2\/types\/page"}],"author":[{"embeddable":true,"href":"https:\/\/andreas-pfeiffer.de\/index.php?rest_route=\/wp\/v2\/users\/1"}],"replies":[{"embeddable":true,"href":"https:\/\/andreas-pfeiffer.de\/index.php?rest_route=%2Fwp%2Fv2%2Fcomments&post=46"}],"version-history":[{"count":9,"href":"https:\/\/andreas-pfeiffer.de\/index.php?rest_route=\/wp\/v2\/pages\/46\/revisions"}],"predecessor-version":[{"id":854,"href":"https:\/\/andreas-pfeiffer.de\/index.php?rest_route=\/wp\/v2\/pages\/46\/revisions\/854"}],"wp:attachment":[{"href":"https:\/\/andreas-pfeiffer.de\/index.php?rest_route=%2Fwp%2Fv2%2Fmedia&parent=46"}],"curies":[{"name":"wp","href":"https:\/\/api.w.org\/{rel}","templated":true}]}}