{"id":49,"date":"2019-02-04T11:20:17","date_gmt":"2019-02-04T11:20:17","guid":{"rendered":"http:\/\/wordpress.andreas-pfeiffer.de\/?page_id=49"},"modified":"2019-02-07T19:48:10","modified_gmt":"2019-02-07T19:48:10","slug":"ausbildung","status":"publish","type":"page","link":"https:\/\/andreas-pfeiffer.de\/?page_id=49","title":{"rendered":"Ausbildung"},"content":{"rendered":"\n<figure class=\"wp-block-image\"><img loading=\"lazy\" decoding=\"async\" width=\"1024\" height=\"293\" src=\"http:\/\/wordpress.andreas-pfeiffer.de\/wp-content\/uploads\/2019\/02\/classroom-1910014_1920-1024x293.jpg\" alt=\"\" class=\"wp-image-397\" srcset=\"https:\/\/andreas-pfeiffer.de\/wp-content\/uploads\/2019\/02\/classroom-1910014_1920-1024x293.jpg 1024w, https:\/\/andreas-pfeiffer.de\/wp-content\/uploads\/2019\/02\/classroom-1910014_1920-300x86.jpg 300w, https:\/\/andreas-pfeiffer.de\/wp-content\/uploads\/2019\/02\/classroom-1910014_1920-768x220.jpg 768w, https:\/\/andreas-pfeiffer.de\/wp-content\/uploads\/2019\/02\/classroom-1910014_1920.jpg 1920w\" sizes=\"auto, (max-width: 1024px) 100vw, 1024px\" \/><\/figure>\n\n\n\n<h2 class=\"wp-block-heading\">Unterricht<\/h2>\n\n\n\n<h3 class=\"wp-block-heading\"><br>1992-1998 DRK Fachschule f\u00fcr Ergotherapie, D\u00fcsseldorf<\/h3>\n\n\n\n<ul class=\"wp-block-list\"><li>Computeranwendungen in der Ergotherapie<\/li><li>Papier\/Pappe\/Buchbinden<\/li><\/ul>\n\n\n\n<h3 class=\"wp-block-heading\"><br>1998-2001 Tertia Fachschule f\u00fcr Ergotherapie, Krefeld<\/h3>\n\n\n\n<ul class=\"wp-block-list\"><li>Papier\/Pappe\/Buchbinden<\/li><li>Computeranwendungen in der Ergotherapie<\/li><li>Sprache &amp; Schrifttum<\/li><li>Einf\u00fchrung in die Arbeitswelt<\/li><li>Marionettenbau<\/li><li>technisches Zeichnen<\/li><li>Holz<\/li><li>Metall<\/li><li>Grundlagen psychicher und intellektueller Schwerpunkt<\/li><li>fachspezifische Behandlungstechniken Psychiatrie<\/li><li>Praktikumsbegleitung Betriebspraktikum<\/li><li>Praktikumsbetreuung des Fachbereiches Psychiatrie<\/li><\/ul>\n\n\n\n<h3 class=\"wp-block-heading\"><br>2003-2015 LVR Fachschule f\u00fcr Ergotherapie, Essen<\/h3>\n\n\n\n<ul class=\"wp-block-list\"><li>Technische Medien und Mittel (anteilig)<\/li><\/ul>\n\n\n\n<p><strong>Im Lernfeldkonzept seit 2010<\/strong><\/p>\n\n\n\n<ul class=\"wp-block-list\"><li>Lebensbereich Produktivit\u00e4t gestalten -\u200btechnische Medien und ihr therapeutischer Einsatz<\/li><li>EDV- gest\u00fctzte Darstellung der Prozessdokumentation und &#8211; evaluation im Krankenhausinformationssystem (KIS)<\/li><\/ul>\n\n\n\n<p><strong>ab 2011<\/strong><\/p>\n\n\n\n<ul class=\"wp-block-list\"><li>EBP Leitlinien<\/li><\/ul>\n\n\n\n<h3 class=\"wp-block-heading\"><br>2012 -2018 Krankenpflegeschule der LVR Kliniken D\u00fcsseldorf, Kliniken der Heinrich-Heine Universit\u00e4t D\u00fcsseldorf<\/h3>\n\n\n\n<ul class=\"wp-block-list\"><li>Mit anderen Berufsgruppen zusammenarbeiten &#8211; Ergotherapie<\/li><\/ul>\n\n\n\n<h2 class=\"wp-block-heading\"><br>Praktische Ausbildung<\/h2>\n\n\n\n<p>von 1992 bis 2018 habe ich \u00fcber 35 Ausbildungs- und Vorpraktikanten f\u00fcr Ergotherapie begleitet<\/p>\n\n\n\n<h2 class=\"wp-block-heading\"><br>Hochschulische Ausbildung<\/h2>\n\n\n\n<p>siehe <a href=\"http:\/\/wordpress.andreas-pfeiffer.de\/?page_id=33\">Vorlesungen<\/a><\/p>\n","protected":false},"excerpt":{"rendered":"<p>Unterricht 1992-1998 DRK Fachschule f\u00fcr Ergotherapie, D\u00fcsseldorf Computeranwendungen in der Ergotherapie Papier\/Pappe\/Buchbinden 1998-2001 Tertia Fachschule f\u00fcr Ergotherapie, Krefeld Papier\/Pappe\/Buchbinden Computeranwendungen in der Ergotherapie Sprache &amp; Schrifttum Einf\u00fchrung in die Arbeitswelt Marionettenbau technisches Zeichnen Holz Metall Grundlagen psychicher und intellektueller Schwerpunkt fachspezifische Behandlungstechniken Psychiatrie Praktikumsbegleitung Betriebspraktikum Praktikumsbetreuung des Fachbereiches Psychiatrie 2003-2015 LVR Fachschule f\u00fcr Ergotherapie, Essen [&hellip;]<\/p>\n","protected":false},"author":1,"featured_media":0,"parent":0,"menu_order":0,"comment_status":"closed","ping_status":"closed","template":"","meta":{"footnotes":""},"class_list":["post-49","page","type-page","status-publish","hentry"],"yoast_head":"<!-- This site is optimized with the Yoast SEO plugin v27.4 - https:\/\/yoast.com\/product\/yoast-seo-wordpress\/ -->\n<title>Ausbildung - Andreas Pfeiffer<\/title>\n<meta name=\"robots\" content=\"index, follow, max-snippet:-1, max-image-preview:large, max-video-preview:-1\" \/>\n<link rel=\"canonical\" href=\"https:\/\/andreas-pfeiffer.de\/?page_id=49\" \/>\n<meta property=\"og:locale\" content=\"de_DE\" \/>\n<meta property=\"og:type\" content=\"article\" \/>\n<meta property=\"og:title\" content=\"Ausbildung - Andreas Pfeiffer\" \/>\n<meta property=\"og:description\" content=\"Unterricht 1992-1998 DRK Fachschule f\u00fcr Ergotherapie, D\u00fcsseldorf Computeranwendungen in der Ergotherapie Papier\/Pappe\/Buchbinden 1998-2001 Tertia Fachschule f\u00fcr Ergotherapie, Krefeld Papier\/Pappe\/Buchbinden Computeranwendungen in der Ergotherapie Sprache &amp; Schrifttum Einf\u00fchrung in die Arbeitswelt Marionettenbau technisches Zeichnen Holz Metall Grundlagen psychicher und intellektueller Schwerpunkt fachspezifische Behandlungstechniken Psychiatrie Praktikumsbegleitung Betriebspraktikum Praktikumsbetreuung des Fachbereiches Psychiatrie 2003-2015 LVR Fachschule f\u00fcr Ergotherapie, Essen [&hellip;]\" \/>\n<meta property=\"og:url\" content=\"https:\/\/andreas-pfeiffer.de\/?page_id=49\" \/>\n<meta property=\"og:site_name\" content=\"Andreas Pfeiffer\" \/>\n<meta property=\"article:modified_time\" content=\"2019-02-07T19:48:10+00:00\" \/>\n<meta property=\"og:image\" content=\"http:\/\/wordpress.andreas-pfeiffer.de\/wp-content\/uploads\/2019\/02\/classroom-1910014_1920-1024x293.jpg\" \/>\n<meta name=\"twitter:card\" content=\"summary_large_image\" \/>\n<meta name=\"twitter:label1\" content=\"Gesch\u00e4tzte Lesezeit\" \/>\n\t<meta name=\"twitter:data1\" content=\"1\u00a0Minute\" \/>\n<script type=\"application\/ld+json\" class=\"yoast-schema-graph\">{\"@context\":\"https:\\\/\\\/schema.org\",\"@graph\":[{\"@type\":\"WebPage\",\"@id\":\"https:\\\/\\\/andreas-pfeiffer.de\\\/?page_id=49\",\"url\":\"https:\\\/\\\/andreas-pfeiffer.de\\\/?page_id=49\",\"name\":\"Ausbildung - Andreas Pfeiffer\",\"isPartOf\":{\"@id\":\"https:\\\/\\\/andreas-pfeiffer.de\\\/#website\"},\"primaryImageOfPage\":{\"@id\":\"https:\\\/\\\/andreas-pfeiffer.de\\\/?page_id=49#primaryimage\"},\"image\":{\"@id\":\"https:\\\/\\\/andreas-pfeiffer.de\\\/?page_id=49#primaryimage\"},\"thumbnailUrl\":\"http:\\\/\\\/wordpress.andreas-pfeiffer.de\\\/wp-content\\\/uploads\\\/2019\\\/02\\\/classroom-1910014_1920-1024x293.jpg\",\"datePublished\":\"2019-02-04T11:20:17+00:00\",\"dateModified\":\"2019-02-07T19:48:10+00:00\",\"breadcrumb\":{\"@id\":\"https:\\\/\\\/andreas-pfeiffer.de\\\/?page_id=49#breadcrumb\"},\"inLanguage\":\"de\",\"potentialAction\":[{\"@type\":\"ReadAction\",\"target\":[\"https:\\\/\\\/andreas-pfeiffer.de\\\/?page_id=49\"]}]},{\"@type\":\"ImageObject\",\"inLanguage\":\"de\",\"@id\":\"https:\\\/\\\/andreas-pfeiffer.de\\\/?page_id=49#primaryimage\",\"url\":\"http:\\\/\\\/wordpress.andreas-pfeiffer.de\\\/wp-content\\\/uploads\\\/2019\\\/02\\\/classroom-1910014_1920-1024x293.jpg\",\"contentUrl\":\"http:\\\/\\\/wordpress.andreas-pfeiffer.de\\\/wp-content\\\/uploads\\\/2019\\\/02\\\/classroom-1910014_1920-1024x293.jpg\"},{\"@type\":\"BreadcrumbList\",\"@id\":\"https:\\\/\\\/andreas-pfeiffer.de\\\/?page_id=49#breadcrumb\",\"itemListElement\":[{\"@type\":\"ListItem\",\"position\":1,\"name\":\"Startseite\",\"item\":\"https:\\\/\\\/andreas-pfeiffer.de\\\/\"},{\"@type\":\"ListItem\",\"position\":2,\"name\":\"Ausbildung\"}]},{\"@type\":\"WebSite\",\"@id\":\"https:\\\/\\\/andreas-pfeiffer.de\\\/#website\",\"url\":\"https:\\\/\\\/andreas-pfeiffer.de\\\/\",\"name\":\"Andreas Pfeiffer\",\"description\":\"Ergotherapeut\",\"publisher\":{\"@id\":\"https:\\\/\\\/andreas-pfeiffer.de\\\/#\\\/schema\\\/person\\\/faf4c19532443b2c6dab5f647e1e4a99\"},\"potentialAction\":[{\"@type\":\"SearchAction\",\"target\":{\"@type\":\"EntryPoint\",\"urlTemplate\":\"https:\\\/\\\/andreas-pfeiffer.de\\\/?s={search_term_string}\"},\"query-input\":{\"@type\":\"PropertyValueSpecification\",\"valueRequired\":true,\"valueName\":\"search_term_string\"}}],\"inLanguage\":\"de\"},{\"@type\":[\"Person\",\"Organization\"],\"@id\":\"https:\\\/\\\/andreas-pfeiffer.de\\\/#\\\/schema\\\/person\\\/faf4c19532443b2c6dab5f647e1e4a99\",\"name\":\"Andreas Pfeiffer\",\"image\":{\"@type\":\"ImageObject\",\"inLanguage\":\"de\",\"@id\":\"http:\\\/\\\/andreas-pfeiffer.de\\\/wp-content\\\/uploads\\\/2019\\\/02\\\/Bild2018.jpg\",\"url\":\"http:\\\/\\\/andreas-pfeiffer.de\\\/wp-content\\\/uploads\\\/2019\\\/02\\\/Bild2018.jpg\",\"contentUrl\":\"http:\\\/\\\/andreas-pfeiffer.de\\\/wp-content\\\/uploads\\\/2019\\\/02\\\/Bild2018.jpg\",\"width\":1072,\"height\":712,\"caption\":\"Andreas Pfeiffer\"},\"logo\":{\"@id\":\"http:\\\/\\\/andreas-pfeiffer.de\\\/wp-content\\\/uploads\\\/2019\\\/02\\\/Bild2018.jpg\"}}]}<\/script>\n<!-- \/ Yoast SEO plugin. -->","yoast_head_json":{"title":"Ausbildung - Andreas Pfeiffer","robots":{"index":"index","follow":"follow","max-snippet":"max-snippet:-1","max-image-preview":"max-image-preview:large","max-video-preview":"max-video-preview:-1"},"canonical":"https:\/\/andreas-pfeiffer.de\/?page_id=49","og_locale":"de_DE","og_type":"article","og_title":"Ausbildung - Andreas Pfeiffer","og_description":"Unterricht 1992-1998 DRK Fachschule f\u00fcr Ergotherapie, D\u00fcsseldorf Computeranwendungen in der Ergotherapie Papier\/Pappe\/Buchbinden 1998-2001 Tertia Fachschule f\u00fcr Ergotherapie, Krefeld Papier\/Pappe\/Buchbinden Computeranwendungen in der Ergotherapie Sprache &amp; Schrifttum Einf\u00fchrung in die Arbeitswelt Marionettenbau technisches Zeichnen Holz Metall Grundlagen psychicher und intellektueller Schwerpunkt fachspezifische Behandlungstechniken Psychiatrie Praktikumsbegleitung Betriebspraktikum Praktikumsbetreuung des Fachbereiches Psychiatrie 2003-2015 LVR Fachschule f\u00fcr Ergotherapie, Essen [&hellip;]","og_url":"https:\/\/andreas-pfeiffer.de\/?page_id=49","og_site_name":"Andreas Pfeiffer","article_modified_time":"2019-02-07T19:48:10+00:00","og_image":[{"url":"http:\/\/wordpress.andreas-pfeiffer.de\/wp-content\/uploads\/2019\/02\/classroom-1910014_1920-1024x293.jpg","type":"","width":"","height":""}],"twitter_card":"summary_large_image","twitter_misc":{"Gesch\u00e4tzte Lesezeit":"1\u00a0Minute"},"schema":{"@context":"https:\/\/schema.org","@graph":[{"@type":"WebPage","@id":"https:\/\/andreas-pfeiffer.de\/?page_id=49","url":"https:\/\/andreas-pfeiffer.de\/?page_id=49","name":"Ausbildung - Andreas Pfeiffer","isPartOf":{"@id":"https:\/\/andreas-pfeiffer.de\/#website"},"primaryImageOfPage":{"@id":"https:\/\/andreas-pfeiffer.de\/?page_id=49#primaryimage"},"image":{"@id":"https:\/\/andreas-pfeiffer.de\/?page_id=49#primaryimage"},"thumbnailUrl":"http:\/\/wordpress.andreas-pfeiffer.de\/wp-content\/uploads\/2019\/02\/classroom-1910014_1920-1024x293.jpg","datePublished":"2019-02-04T11:20:17+00:00","dateModified":"2019-02-07T19:48:10+00:00","breadcrumb":{"@id":"https:\/\/andreas-pfeiffer.de\/?page_id=49#breadcrumb"},"inLanguage":"de","potentialAction":[{"@type":"ReadAction","target":["https:\/\/andreas-pfeiffer.de\/?page_id=49"]}]},{"@type":"ImageObject","inLanguage":"de","@id":"https:\/\/andreas-pfeiffer.de\/?page_id=49#primaryimage","url":"http:\/\/wordpress.andreas-pfeiffer.de\/wp-content\/uploads\/2019\/02\/classroom-1910014_1920-1024x293.jpg","contentUrl":"http:\/\/wordpress.andreas-pfeiffer.de\/wp-content\/uploads\/2019\/02\/classroom-1910014_1920-1024x293.jpg"},{"@type":"BreadcrumbList","@id":"https:\/\/andreas-pfeiffer.de\/?page_id=49#breadcrumb","itemListElement":[{"@type":"ListItem","position":1,"name":"Startseite","item":"https:\/\/andreas-pfeiffer.de\/"},{"@type":"ListItem","position":2,"name":"Ausbildung"}]},{"@type":"WebSite","@id":"https:\/\/andreas-pfeiffer.de\/#website","url":"https:\/\/andreas-pfeiffer.de\/","name":"Andreas Pfeiffer","description":"Ergotherapeut","publisher":{"@id":"https:\/\/andreas-pfeiffer.de\/#\/schema\/person\/faf4c19532443b2c6dab5f647e1e4a99"},"potentialAction":[{"@type":"SearchAction","target":{"@type":"EntryPoint","urlTemplate":"https:\/\/andreas-pfeiffer.de\/?s={search_term_string}"},"query-input":{"@type":"PropertyValueSpecification","valueRequired":true,"valueName":"search_term_string"}}],"inLanguage":"de"},{"@type":["Person","Organization"],"@id":"https:\/\/andreas-pfeiffer.de\/#\/schema\/person\/faf4c19532443b2c6dab5f647e1e4a99","name":"Andreas Pfeiffer","image":{"@type":"ImageObject","inLanguage":"de","@id":"http:\/\/andreas-pfeiffer.de\/wp-content\/uploads\/2019\/02\/Bild2018.jpg","url":"http:\/\/andreas-pfeiffer.de\/wp-content\/uploads\/2019\/02\/Bild2018.jpg","contentUrl":"http:\/\/andreas-pfeiffer.de\/wp-content\/uploads\/2019\/02\/Bild2018.jpg","width":1072,"height":712,"caption":"Andreas Pfeiffer"},"logo":{"@id":"http:\/\/andreas-pfeiffer.de\/wp-content\/uploads\/2019\/02\/Bild2018.jpg"}}]}},"_links":{"self":[{"href":"https:\/\/andreas-pfeiffer.de\/index.php?rest_route=\/wp\/v2\/pages\/49","targetHints":{"allow":["GET"]}}],"collection":[{"href":"https:\/\/andreas-pfeiffer.de\/index.php?rest_route=\/wp\/v2\/pages"}],"about":[{"href":"https:\/\/andreas-pfeiffer.de\/index.php?rest_route=\/wp\/v2\/types\/page"}],"author":[{"embeddable":true,"href":"https:\/\/andreas-pfeiffer.de\/index.php?rest_route=\/wp\/v2\/users\/1"}],"replies":[{"embeddable":true,"href":"https:\/\/andreas-pfeiffer.de\/index.php?rest_route=%2Fwp%2Fv2%2Fcomments&post=49"}],"version-history":[{"count":4,"href":"https:\/\/andreas-pfeiffer.de\/index.php?rest_route=\/wp\/v2\/pages\/49\/revisions"}],"predecessor-version":[{"id":399,"href":"https:\/\/andreas-pfeiffer.de\/index.php?rest_route=\/wp\/v2\/pages\/49\/revisions\/399"}],"wp:attachment":[{"href":"https:\/\/andreas-pfeiffer.de\/index.php?rest_route=%2Fwp%2Fv2%2Fmedia&parent=49"}],"curies":[{"name":"wp","href":"https:\/\/api.w.org\/{rel}","templated":true}]}}