{"id":5,"date":"2019-02-04T09:26:41","date_gmt":"2019-02-04T09:26:41","guid":{"rendered":"http:\/\/wordpress.andreas-pfeiffer.de\/?page_id=5"},"modified":"2025-12-15T15:39:43","modified_gmt":"2025-12-15T15:39:43","slug":"willkommen","status":"publish","type":"page","link":"https:\/\/andreas-pfeiffer.de\/","title":{"rendered":"Willkommen"},"content":{"rendered":"\r\n<style id=\"wp_carousel_dynamic_css379\">.sp-wp-carousel-free-id-379.wpcf-fancybox-wrapper .fancybox-bg{background: #0b0b0b;opacity: 0.8;}.sp-wp-carousel-free-id-379.wpcf-fancybox-wrapper .fancybox-navigation .fancybox-button .wpcp-fancybox-nav-arrow i {color: #ccc;}.sp-wp-carousel-free-id-379.wpcf-fancybox-wrapper .fancybox-navigation .fancybox-button .wpcp-fancybox-nav-arrow i:hover {color: #fff;}.sp-wp-carousel-free-id-379.wpcf-fancybox-wrapper .fancybox-navigation .fancybox-button {background: #1e1e1e;}.sp-wp-carousel-free-id-379.wpcf-fancybox-wrapper .fancybox-navigation .fancybox-button:hover {background: #1e1e1e;}#sp-wp-carousel-free-id-379 .wpcp-swiper-dots {margin: 40px 0px 0px 0px;}.wpcp-wrapper-379 .swiper-wrapper .swiper-slide-kenburn, .wpcp-wrapper-379 .swiper-wrapper, .wpcp-wrapper-379 .wpcpro-row{align-items: center;}#sp-wp-carousel-free-id-379 .wpcp-single-item {box-shadow: 0px 0px 0px 0px #dddddd;transition: all .3s;margin: 0px;}#sp-wp-carousel-free-id-379.swiper-flip .wpcp-single-item{margin: 0!important;}#sp-wp-carousel-free-id-379 .wpcp-single-item:hover {box-shadow: 0px 0px 0px 0px #dddddd;}#sp-wp-carousel-free-id-379.sp-wpcp-379 .wpcp-single-item {border: 1px solid #dddddd;} #sp-wp-carousel-free-id-379.sp-wpcp-379.wpcp-image-carousel .wpcp-single-item:hover img, #sp-wp-carousel-free-id-379.sp-wpcp-379.wpcp-post-carousel .wpcp-single-item:hover img, #sp-wp-carousel-free-id-379.sp-wpcp-379.wpcp-product-carousel .wpcp-single-item:hover img{-webkit-transform: scale(1.2);-moz-transform: scale(1.2);transform: scale(1.2);}#sp-wp-carousel-free-id-379.nav-vertical-center {padding: 0;margin:0;}#sp-wp-carousel-free-id-379 .wpcpro-row>[class*=\"wpcpro-col-\"] { padding: 0 10px; padding-bottom: 20px;} #sp-wp-carousel-free-id-379 .swiper-slide .single-item-fade:not(:last-child) { margin-right: 20px;}@media (min-width: 480px) { .wpcpro-row .wpcpro-col-sm-1 { flex: 0 0 100%; max-width: 100%; } .wpcpro-row .wpcpro-col-sm-2 { flex: 0 0 50%; max-width: 50%; } .wpcpro-row .wpcpro-col-sm-2-5 { flex: 0 0 75%; max-width: 75%; } .wpcpro-row .wpcpro-col-sm-3 { flex: 0 0 33.333%; max-width: 33.333%; } .wpcpro-row .wpcpro-col-sm-4 { flex: 0 0 25%; max-width: 25%; } .wpcpro-row .wpcpro-col-sm-5 { flex: 0 0 20%; max-width: 20%; } .wpcpro-row .wpcpro-col-sm-6 { flex: 0 0 16.66666666666667%; max-width: 16.66666666666667%; } .wpcpro-row .wpcpro-col-sm-7 { flex: 0 0 14.28571428%; max-width: 14.28571428%; } .wpcpro-row .wpcpro-col-sm-8 { flex: 0 0 12.5%; max-width: 12.5%; } } @media (max-width: 480px) { .wpcpro-row .wpcpro-col-xs-1 { flex: 0 0 100%; max-width: 100%; } .wpcpro-row .wpcpro-col-xs-2 { flex: 0 0 50%; max-width: 50%; } .wpcpro-row .wpcpro-col-xs-3 { flex: 0 0 33.222%; max-width: 33.222%; } .wpcpro-row .wpcpro-col-xs-4 { flex: 0 0 25%; max-width: 25%; } .wpcpro-row .wpcpro-col-xs-5 { flex: 0 0 20%; max-width: 20%; } .wpcpro-row .wpcpro-col-xs-6 { flex: 0 0 16.6667%; max-width: 16.6667%; } .wpcpro-row .wpcpro-col-xs-7 { flex: 0 0 14.28571428%; max-width: 14.28571428%; } .wpcpro-row .wpcpro-col-xs-8 { flex: 0 0 12.5%; max-width: 12.5%; } } @media (min-width: 736px) { .wpcpro-row .wpcpro-col-md-1 { flex: 0 0 100%; max-width: 100%; } .wpcpro-row .wpcpro-col-md-2 { flex: 0 0 50%; max-width: 50%; } .wpcpro-row .wpcpro-col-md-2-5 { flex: 0 0 75%; max-width: 75%; } .wpcpro-row .wpcpro-col-md-3 { flex: 0 0 33.333%; max-width: 33.333%; } .wpcpro-row .wpcpro-col-md-4 { flex: 0 0 25%; max-width: 25%; } .wpcpro-row .wpcpro-col-md-5 { flex: 0 0 20%; max-width: 20%; } .wpcpro-row .wpcpro-col-md-6 { flex: 0 0 16.66666666666667%; max-width: 16.66666666666667%; } .wpcpro-row .wpcpro-col-md-7 { flex: 0 0 14.28571428%; max-width: 14.28571428%; } .wpcpro-row .wpcpro-col-md-8 { flex: 0 0 12.5%; max-width: 12.5%; } } @media (min-width: 980px) { .wpcpro-row .wpcpro-col-lg-1 { flex: 0 0 100%; max-width: 100%; } .wpcpro-row .wpcpro-col-lg-2 { flex: 0 0 50%; max-width: 50%; } .wpcpro-row .wpcpro-col-lg-3 { flex: 0 0 33.222%; max-width: 33.222%; } .wpcpro-row .wpcpro-col-lg-4 { flex: 0 0 25%; max-width: 25%; } .wpcpro-row .wpcpro-col-lg-5 { flex: 0 0 20%; max-width: 20%; } .wpcpro-row .wpcpro-col-lg-6 { flex: 0 0 16.6667%; max-width: 16.6667%; } .wpcpro-row .wpcpro-col-lg-7 { flex: 0 0 14.28571428%; max-width: 14.28571428%; } .wpcpro-row .wpcpro-col-lg-8 { flex: 0 0 12.5%; max-width: 12.5%; } } @media (min-width: 1200px) { .wpcpro-row .wpcpro-col-xl-1 { flex: 0 0 100%; max-width: 100%; } .wpcpro-row .wpcpro-col-xl-2 { flex: 0 0 50%; max-width: 50%; } .wpcpro-row .wpcpro-col-xl-3 { flex: 0 0 33.22222222%; max-width: 33.22222222%; } .wpcpro-row .wpcpro-col-xl-4 { flex: 0 0 25%; max-width: 25%; } .wpcpro-row .wpcpro-col-xl-5 { flex: 0 0 20%; max-width: 20%; } .wpcpro-row .wpcpro-col-xl-6 { flex: 0 0 16.66667%; max-width: 16.66667%; } .wpcpro-row .wpcpro-col-xl-7 { flex: 0 0 14.28571428%; max-width: 14.28571428%; } .wpcpro-row .wpcpro-col-xl-8 { flex: 0 0 12.5%; max-width: 12.5%; } }<\/style><div class=\"wpcp-carousel-wrapper wpcp-wrapper-379\">\n\t<div id=\"wpcp-preloader-379\" class=\"wpcp-carousel-preloader\"><img decoding=\"async\" src=\"https:\/\/andreas-pfeiffer.de\/wp-content\/plugins\/wp-carousel-free\/public\/css\/spinner.svg\" alt=\"Preloader Image\" \/><\/div>\t<div class=\"wpcp-carousel-content-wrapper\">\n\t<div id=\"sp-wp-carousel-free-id-379\" class=\"wpcp-carousel-section sp-wpcp-379  nav-vertical-center wpcp-image-carousel wpcp-preloader wpcp-standard\" data-swiper='{ &quot;pagination_type&quot;: &quot;dots&quot;,&quot;accessibility&quot;:true, &quot;spaceBetween&quot;:20, &quot;arrows&quot;:false, &quot;freeMode&quot;: false, &quot;autoplay&quot;:true, &quot;effect&quot;: &quot;slide&quot;, &quot;centerMode&quot;: false, &quot;autoplaySpeed&quot;:3500, &quot;dots&quot;:false, &quot;infinite&quot;:true, &quot;speed&quot;:600, &quot;pauseOnHover&quot;:true,\n\t\t\t&quot;slidesToShow&quot;:{&quot;lg_desktop&quot;:1, &quot;desktop&quot;: 1, &quot;laptop&quot;: 1, &quot;tablet&quot;: 1, &quot;mobile&quot;: 1}, &quot;responsive&quot;:{&quot;desktop&quot;:1200, &quot;laptop&quot;: 980, &quot;tablet&quot;: 736, &quot;mobile&quot;: 480}, &quot;rtl&quot;:false, &quot;lazyLoad&quot;: &quot;false&quot;, &quot;swipe&quot;: true, &quot;draggable&quot;: true, &quot;swipeToSlide&quot;:true }' dir=\"ltr\">\n\t\t<div class=\"swiper-wrapper\">\n\t\t<div class=\"swiper-slide\">\n\t<div class=\"wpcp-single-item\">\n\t\t\t<a class=\"wcp-light-box\" data-buttons='[\"close\"]' data-wpc_url='https:\/\/andreas-pfeiffer.de\/wp-content\/uploads\/2019\/02\/Fotolia_215852742_1920_550-1.jpg' href=\"https:\/\/andreas-pfeiffer.de\/wp-content\/uploads\/2019\/02\/Fotolia_215852742_1920_550-1.jpg\" data-fancybox=\"wpcp_view\">\n\t\t<figure>\n\t\t\t<img loading=\"lazy\" decoding=\"async\" class=\"skip-lazy\" src=\"https:\/\/andreas-pfeiffer.de\/wp-content\/uploads\/2019\/02\/Fotolia_215852742_1920_550-1.jpg\" alt=\"gesicht3107c\" width=\"1920\" height=\"550\">\t\t<\/figure>\n\t<\/a>\n\t\t<\/div>\n<\/div>\n\t<div class=\"swiper-slide\">\n\t<div class=\"wpcp-single-item\">\n\t\t\t<a class=\"wcp-light-box\" data-buttons='[\"close\"]' data-wpc_url='https:\/\/andreas-pfeiffer.de\/wp-content\/uploads\/2019\/02\/IMG_1312.jpeg' href=\"https:\/\/andreas-pfeiffer.de\/wp-content\/uploads\/2019\/02\/IMG_1312.jpeg\" data-fancybox=\"wpcp_view\">\n\t\t<figure>\n\t\t\t<img loading=\"lazy\" decoding=\"async\" class=\"skip-lazy\" src=\"https:\/\/andreas-pfeiffer.de\/wp-content\/uploads\/2019\/02\/IMG_1312.jpeg\" alt=\"IMG_1312\" width=\"1907\" height=\"550\">\t\t<\/figure>\n\t<\/a>\n\t\t<\/div>\n<\/div>\n\t<div class=\"swiper-slide\">\n\t<div class=\"wpcp-single-item\">\n\t\t\t<a class=\"wcp-light-box\" data-buttons='[\"close\"]' data-wpc_url='https:\/\/andreas-pfeiffer.de\/wp-content\/uploads\/2019\/02\/time-3222267_1920.jpg' href=\"https:\/\/andreas-pfeiffer.de\/wp-content\/uploads\/2019\/02\/time-3222267_1920.jpg\" data-fancybox=\"wpcp_view\">\n\t\t<figure>\n\t\t\t<img loading=\"lazy\" decoding=\"async\" class=\"skip-lazy\" src=\"https:\/\/andreas-pfeiffer.de\/wp-content\/uploads\/2019\/02\/time-3222267_1920.jpg\" alt=\"time-3222267_1920\" width=\"1920\" height=\"550\">\t\t<\/figure>\n\t<\/a>\n\t\t<\/div>\n<\/div>\n\t<div class=\"swiper-slide\">\n\t<div class=\"wpcp-single-item\">\n\t\t\t<a class=\"wcp-light-box\" data-buttons='[\"close\"]' data-wpc_url='https:\/\/andreas-pfeiffer.de\/wp-content\/uploads\/2019\/02\/venice-2928788_1920.jpg' href=\"https:\/\/andreas-pfeiffer.de\/wp-content\/uploads\/2019\/02\/venice-2928788_1920.jpg\" data-fancybox=\"wpcp_view\">\n\t\t<figure>\n\t\t\t<img loading=\"lazy\" decoding=\"async\" class=\"skip-lazy\" src=\"https:\/\/andreas-pfeiffer.de\/wp-content\/uploads\/2019\/02\/venice-2928788_1920.jpg\" alt=\"venice-2928788_1920\" width=\"1920\" height=\"550\">\t\t<\/figure>\n\t<\/a>\n\t\t<\/div>\n<\/div>\n\t<div class=\"swiper-slide\">\n\t<div class=\"wpcp-single-item\">\n\t\t\t<a class=\"wcp-light-box\" data-buttons='[\"close\"]' data-wpc_url='https:\/\/andreas-pfeiffer.de\/wp-content\/uploads\/2019\/02\/network-3139214_1920.jpg' href=\"https:\/\/andreas-pfeiffer.de\/wp-content\/uploads\/2019\/02\/network-3139214_1920.jpg\" data-fancybox=\"wpcp_view\">\n\t\t<figure>\n\t\t\t<img loading=\"lazy\" decoding=\"async\" class=\"skip-lazy\" src=\"https:\/\/andreas-pfeiffer.de\/wp-content\/uploads\/2019\/02\/network-3139214_1920.jpg\" alt=\"network-3139214_1920\" width=\"1920\" height=\"550\">\t\t<\/figure>\n\t<\/a>\n\t\t<\/div>\n<\/div>\n\t<div class=\"swiper-slide\">\n\t<div class=\"wpcp-single-item\">\n\t\t\t<a class=\"wcp-light-box\" data-buttons='[\"close\"]' data-wpc_url='https:\/\/andreas-pfeiffer.de\/wp-content\/uploads\/2019\/02\/bridge-10818_1920.jpg' href=\"https:\/\/andreas-pfeiffer.de\/wp-content\/uploads\/2019\/02\/bridge-10818_1920.jpg\" data-fancybox=\"wpcp_view\">\n\t\t<figure>\n\t\t\t<img loading=\"lazy\" decoding=\"async\" class=\"skip-lazy\" src=\"https:\/\/andreas-pfeiffer.de\/wp-content\/uploads\/2019\/02\/bridge-10818_1920.jpg\" alt=\"bridge-10818_1920\" width=\"1920\" height=\"550\">\t\t<\/figure>\n\t<\/a>\n\t\t<\/div>\n<\/div>\n\t<div class=\"swiper-slide\">\n\t<div class=\"wpcp-single-item\">\n\t\t\t<a class=\"wcp-light-box\" data-buttons='[\"close\"]' data-wpc_url='https:\/\/andreas-pfeiffer.de\/wp-content\/uploads\/2019\/02\/IMG_1329.jpeg' href=\"https:\/\/andreas-pfeiffer.de\/wp-content\/uploads\/2019\/02\/IMG_1329.jpeg\" data-fancybox=\"wpcp_view\">\n\t\t<figure>\n\t\t\t<img loading=\"lazy\" decoding=\"async\" class=\"skip-lazy\" src=\"https:\/\/andreas-pfeiffer.de\/wp-content\/uploads\/2019\/02\/IMG_1329.jpeg\" alt=\"IMG_1329\" width=\"1920\" height=\"550\">\t\t<\/figure>\n\t<\/a>\n\t\t<\/div>\n<\/div>\n\t\t\t<\/div>\n\t\t\t\t<!-- If we need navigation buttons -->\n\t\t\t<\/div>\n\t<\/div>\n<\/div>\n\r\n\r\n\r\n\r\n<p>&nbsp;<\/p>\r\n\r\n\r\n\r\n\r\n\r\n<h2 class=\"wp-block-heading\">auf meiner Internetseite!<\/h2>\r\n\r\n\r\n\r\n<p>Sch\u00f6n, dass Sie da sind.<\/p>\r\n<p>Hier erfahren Sie mehr \u00fcber mich, meine Arbeit und meine Aktivit\u00e4ten \u2013 schauen Sie sich gerne um!<\/p>\r\n<p><a href=\"http:\/\/www.dve.info\"><img loading=\"lazy\" decoding=\"async\" class=\"alignright wp-image-1306 \" src=\"https:\/\/andreas-pfeiffer.de\/wp-content\/uploads\/2021\/07\/DVE_Mitglied_Farbe_RGB-271x300.png\" alt=\"\" width=\"210\" height=\"232\" srcset=\"https:\/\/andreas-pfeiffer.de\/wp-content\/uploads\/2021\/07\/DVE_Mitglied_Farbe_RGB-271x300.png 271w, https:\/\/andreas-pfeiffer.de\/wp-content\/uploads\/2021\/07\/DVE_Mitglied_Farbe_RGB-925x1024.png 925w, https:\/\/andreas-pfeiffer.de\/wp-content\/uploads\/2021\/07\/DVE_Mitglied_Farbe_RGB-768x850.png 768w, https:\/\/andreas-pfeiffer.de\/wp-content\/uploads\/2021\/07\/DVE_Mitglied_Farbe_RGB-1387x1536.png 1387w, https:\/\/andreas-pfeiffer.de\/wp-content\/uploads\/2021\/07\/DVE_Mitglied_Farbe_RGB-1850x2048.png 1850w\" sizes=\"auto, (max-width: 210px) 100vw, 210px\" \/><\/a><\/p>\r\n<p>&nbsp;<\/p>\r\n","protected":false},"excerpt":{"rendered":"<p>&nbsp; auf meiner Internetseite! Sch\u00f6n, dass Sie da sind. Hier erfahren Sie mehr \u00fcber mich, meine Arbeit und meine Aktivit\u00e4ten \u2013 schauen Sie sich gerne um! &nbsp;<\/p>\n","protected":false},"author":1,"featured_media":0,"parent":0,"menu_order":0,"comment_status":"closed","ping_status":"closed","template":"","meta":{"footnotes":""},"class_list":["post-5","page","type-page","status-publish","hentry"],"yoast_head":"<!-- This site is optimized with the Yoast SEO plugin v27.4 - https:\/\/yoast.com\/product\/yoast-seo-wordpress\/ -->\n<title>Willkommen - Andreas Pfeiffer<\/title>\n<meta name=\"description\" content=\"Andreas Pfeiffer, Ergotherapeut, Lehrer und Leiter f\u00fcr Gesundheitsfachschulen. Informationen zur Person, Aktivit\u00e4ten und Kontaktm\u00f6glichkeit\" \/>\n<meta name=\"robots\" content=\"index, follow, max-snippet:-1, max-image-preview:large, max-video-preview:-1\" \/>\n<link rel=\"canonical\" href=\"https:\/\/andreas-pfeiffer.de\/\" \/>\n<meta property=\"og:locale\" content=\"de_DE\" \/>\n<meta property=\"og:type\" content=\"article\" \/>\n<meta property=\"og:title\" content=\"Willkommen - Andreas Pfeiffer\" \/>\n<meta property=\"og:description\" content=\"Andreas Pfeiffer, Ergotherapeut, Lehrer und Leiter f\u00fcr Gesundheitsfachschulen. Informationen zur Person, Aktivit\u00e4ten und Kontaktm\u00f6glichkeit\" \/>\n<meta property=\"og:url\" content=\"https:\/\/andreas-pfeiffer.de\/\" \/>\n<meta property=\"og:site_name\" content=\"Andreas Pfeiffer\" \/>\n<meta property=\"article:modified_time\" content=\"2025-12-15T15:39:43+00:00\" \/>\n<meta property=\"og:image\" content=\"http:\/\/andreas-pfeiffer.de\/wp-content\/uploads\/2021\/07\/DVE_Mitglied_Farbe_RGB-271x300.png\" \/>\n<meta name=\"twitter:card\" content=\"summary_large_image\" \/>\n<meta name=\"twitter:label1\" content=\"Gesch\u00e4tzte Lesezeit\" \/>\n\t<meta name=\"twitter:data1\" content=\"1\u00a0Minute\" \/>\n<script type=\"application\/ld+json\" class=\"yoast-schema-graph\">{\"@context\":\"https:\\\/\\\/schema.org\",\"@graph\":[{\"@type\":\"WebPage\",\"@id\":\"https:\\\/\\\/andreas-pfeiffer.de\\\/\",\"url\":\"https:\\\/\\\/andreas-pfeiffer.de\\\/\",\"name\":\"Willkommen - Andreas Pfeiffer\",\"isPartOf\":{\"@id\":\"https:\\\/\\\/andreas-pfeiffer.de\\\/#website\"},\"primaryImageOfPage\":{\"@id\":\"https:\\\/\\\/andreas-pfeiffer.de\\\/#primaryimage\"},\"image\":{\"@id\":\"https:\\\/\\\/andreas-pfeiffer.de\\\/#primaryimage\"},\"thumbnailUrl\":\"http:\\\/\\\/andreas-pfeiffer.de\\\/wp-content\\\/uploads\\\/2021\\\/07\\\/DVE_Mitglied_Farbe_RGB-271x300.png\",\"datePublished\":\"2019-02-04T09:26:41+00:00\",\"dateModified\":\"2025-12-15T15:39:43+00:00\",\"description\":\"Andreas Pfeiffer, Ergotherapeut, Lehrer und Leiter f\u00fcr Gesundheitsfachschulen. Informationen zur Person, Aktivit\u00e4ten und Kontaktm\u00f6glichkeit\",\"breadcrumb\":{\"@id\":\"https:\\\/\\\/andreas-pfeiffer.de\\\/#breadcrumb\"},\"inLanguage\":\"de\",\"potentialAction\":[{\"@type\":\"ReadAction\",\"target\":[\"https:\\\/\\\/andreas-pfeiffer.de\\\/\"]}]},{\"@type\":\"ImageObject\",\"inLanguage\":\"de\",\"@id\":\"https:\\\/\\\/andreas-pfeiffer.de\\\/#primaryimage\",\"url\":\"http:\\\/\\\/andreas-pfeiffer.de\\\/wp-content\\\/uploads\\\/2021\\\/07\\\/DVE_Mitglied_Farbe_RGB-271x300.png\",\"contentUrl\":\"http:\\\/\\\/andreas-pfeiffer.de\\\/wp-content\\\/uploads\\\/2021\\\/07\\\/DVE_Mitglied_Farbe_RGB-271x300.png\"},{\"@type\":\"BreadcrumbList\",\"@id\":\"https:\\\/\\\/andreas-pfeiffer.de\\\/#breadcrumb\",\"itemListElement\":[{\"@type\":\"ListItem\",\"position\":1,\"name\":\"Startseite\",\"item\":\"https:\\\/\\\/andreas-pfeiffer.de\\\/\"},{\"@type\":\"ListItem\",\"position\":2,\"name\":\"Willkommen\"}]},{\"@type\":\"WebSite\",\"@id\":\"https:\\\/\\\/andreas-pfeiffer.de\\\/#website\",\"url\":\"https:\\\/\\\/andreas-pfeiffer.de\\\/\",\"name\":\"Andreas Pfeiffer\",\"description\":\"Ergotherapeut\",\"publisher\":{\"@id\":\"https:\\\/\\\/andreas-pfeiffer.de\\\/#\\\/schema\\\/person\\\/faf4c19532443b2c6dab5f647e1e4a99\"},\"potentialAction\":[{\"@type\":\"SearchAction\",\"target\":{\"@type\":\"EntryPoint\",\"urlTemplate\":\"https:\\\/\\\/andreas-pfeiffer.de\\\/?s={search_term_string}\"},\"query-input\":{\"@type\":\"PropertyValueSpecification\",\"valueRequired\":true,\"valueName\":\"search_term_string\"}}],\"inLanguage\":\"de\"},{\"@type\":[\"Person\",\"Organization\"],\"@id\":\"https:\\\/\\\/andreas-pfeiffer.de\\\/#\\\/schema\\\/person\\\/faf4c19532443b2c6dab5f647e1e4a99\",\"name\":\"Andreas Pfeiffer\",\"image\":{\"@type\":\"ImageObject\",\"inLanguage\":\"de\",\"@id\":\"http:\\\/\\\/andreas-pfeiffer.de\\\/wp-content\\\/uploads\\\/2019\\\/02\\\/Bild2018.jpg\",\"url\":\"http:\\\/\\\/andreas-pfeiffer.de\\\/wp-content\\\/uploads\\\/2019\\\/02\\\/Bild2018.jpg\",\"contentUrl\":\"http:\\\/\\\/andreas-pfeiffer.de\\\/wp-content\\\/uploads\\\/2019\\\/02\\\/Bild2018.jpg\",\"width\":1072,\"height\":712,\"caption\":\"Andreas Pfeiffer\"},\"logo\":{\"@id\":\"http:\\\/\\\/andreas-pfeiffer.de\\\/wp-content\\\/uploads\\\/2019\\\/02\\\/Bild2018.jpg\"}}]}<\/script>\n<!-- \/ Yoast SEO plugin. -->","yoast_head_json":{"title":"Willkommen - Andreas Pfeiffer","description":"Andreas Pfeiffer, Ergotherapeut, Lehrer und Leiter f\u00fcr Gesundheitsfachschulen. Informationen zur Person, Aktivit\u00e4ten und Kontaktm\u00f6glichkeit","robots":{"index":"index","follow":"follow","max-snippet":"max-snippet:-1","max-image-preview":"max-image-preview:large","max-video-preview":"max-video-preview:-1"},"canonical":"https:\/\/andreas-pfeiffer.de\/","og_locale":"de_DE","og_type":"article","og_title":"Willkommen - Andreas Pfeiffer","og_description":"Andreas Pfeiffer, Ergotherapeut, Lehrer und Leiter f\u00fcr Gesundheitsfachschulen. Informationen zur Person, Aktivit\u00e4ten und Kontaktm\u00f6glichkeit","og_url":"https:\/\/andreas-pfeiffer.de\/","og_site_name":"Andreas Pfeiffer","article_modified_time":"2025-12-15T15:39:43+00:00","og_image":[{"url":"http:\/\/andreas-pfeiffer.de\/wp-content\/uploads\/2021\/07\/DVE_Mitglied_Farbe_RGB-271x300.png","type":"","width":"","height":""}],"twitter_card":"summary_large_image","twitter_misc":{"Gesch\u00e4tzte Lesezeit":"1\u00a0Minute"},"schema":{"@context":"https:\/\/schema.org","@graph":[{"@type":"WebPage","@id":"https:\/\/andreas-pfeiffer.de\/","url":"https:\/\/andreas-pfeiffer.de\/","name":"Willkommen - Andreas Pfeiffer","isPartOf":{"@id":"https:\/\/andreas-pfeiffer.de\/#website"},"primaryImageOfPage":{"@id":"https:\/\/andreas-pfeiffer.de\/#primaryimage"},"image":{"@id":"https:\/\/andreas-pfeiffer.de\/#primaryimage"},"thumbnailUrl":"http:\/\/andreas-pfeiffer.de\/wp-content\/uploads\/2021\/07\/DVE_Mitglied_Farbe_RGB-271x300.png","datePublished":"2019-02-04T09:26:41+00:00","dateModified":"2025-12-15T15:39:43+00:00","description":"Andreas Pfeiffer, Ergotherapeut, Lehrer und Leiter f\u00fcr Gesundheitsfachschulen. Informationen zur Person, Aktivit\u00e4ten und Kontaktm\u00f6glichkeit","breadcrumb":{"@id":"https:\/\/andreas-pfeiffer.de\/#breadcrumb"},"inLanguage":"de","potentialAction":[{"@type":"ReadAction","target":["https:\/\/andreas-pfeiffer.de\/"]}]},{"@type":"ImageObject","inLanguage":"de","@id":"https:\/\/andreas-pfeiffer.de\/#primaryimage","url":"http:\/\/andreas-pfeiffer.de\/wp-content\/uploads\/2021\/07\/DVE_Mitglied_Farbe_RGB-271x300.png","contentUrl":"http:\/\/andreas-pfeiffer.de\/wp-content\/uploads\/2021\/07\/DVE_Mitglied_Farbe_RGB-271x300.png"},{"@type":"BreadcrumbList","@id":"https:\/\/andreas-pfeiffer.de\/#breadcrumb","itemListElement":[{"@type":"ListItem","position":1,"name":"Startseite","item":"https:\/\/andreas-pfeiffer.de\/"},{"@type":"ListItem","position":2,"name":"Willkommen"}]},{"@type":"WebSite","@id":"https:\/\/andreas-pfeiffer.de\/#website","url":"https:\/\/andreas-pfeiffer.de\/","name":"Andreas Pfeiffer","description":"Ergotherapeut","publisher":{"@id":"https:\/\/andreas-pfeiffer.de\/#\/schema\/person\/faf4c19532443b2c6dab5f647e1e4a99"},"potentialAction":[{"@type":"SearchAction","target":{"@type":"EntryPoint","urlTemplate":"https:\/\/andreas-pfeiffer.de\/?s={search_term_string}"},"query-input":{"@type":"PropertyValueSpecification","valueRequired":true,"valueName":"search_term_string"}}],"inLanguage":"de"},{"@type":["Person","Organization"],"@id":"https:\/\/andreas-pfeiffer.de\/#\/schema\/person\/faf4c19532443b2c6dab5f647e1e4a99","name":"Andreas Pfeiffer","image":{"@type":"ImageObject","inLanguage":"de","@id":"http:\/\/andreas-pfeiffer.de\/wp-content\/uploads\/2019\/02\/Bild2018.jpg","url":"http:\/\/andreas-pfeiffer.de\/wp-content\/uploads\/2019\/02\/Bild2018.jpg","contentUrl":"http:\/\/andreas-pfeiffer.de\/wp-content\/uploads\/2019\/02\/Bild2018.jpg","width":1072,"height":712,"caption":"Andreas Pfeiffer"},"logo":{"@id":"http:\/\/andreas-pfeiffer.de\/wp-content\/uploads\/2019\/02\/Bild2018.jpg"}}]}},"_links":{"self":[{"href":"https:\/\/andreas-pfeiffer.de\/index.php?rest_route=\/wp\/v2\/pages\/5","targetHints":{"allow":["GET"]}}],"collection":[{"href":"https:\/\/andreas-pfeiffer.de\/index.php?rest_route=\/wp\/v2\/pages"}],"about":[{"href":"https:\/\/andreas-pfeiffer.de\/index.php?rest_route=\/wp\/v2\/types\/page"}],"author":[{"embeddable":true,"href":"https:\/\/andreas-pfeiffer.de\/index.php?rest_route=\/wp\/v2\/users\/1"}],"replies":[{"embeddable":true,"href":"https:\/\/andreas-pfeiffer.de\/index.php?rest_route=%2Fwp%2Fv2%2Fcomments&post=5"}],"version-history":[{"count":30,"href":"https:\/\/andreas-pfeiffer.de\/index.php?rest_route=\/wp\/v2\/pages\/5\/revisions"}],"predecessor-version":[{"id":2007,"href":"https:\/\/andreas-pfeiffer.de\/index.php?rest_route=\/wp\/v2\/pages\/5\/revisions\/2007"}],"wp:attachment":[{"href":"https:\/\/andreas-pfeiffer.de\/index.php?rest_route=%2Fwp%2Fv2%2Fmedia&parent=5"}],"curies":[{"name":"wp","href":"https:\/\/api.w.org\/{rel}","templated":true}]}}