{"id":55,"date":"2019-02-04T11:29:24","date_gmt":"2019-02-04T11:29:24","guid":{"rendered":"http:\/\/wordpress.andreas-pfeiffer.de\/?page_id=55"},"modified":"2024-05-13T16:07:54","modified_gmt":"2024-05-13T16:07:54","slug":"weiterfuehrende-links-zum-thema-ergotherapie","status":"publish","type":"page","link":"https:\/\/andreas-pfeiffer.de\/?page_id=55","title":{"rendered":"Links"},"content":{"rendered":"\r\n<figure class=\"wp-block-image\"><span style=\"color: #000000;\"><img loading=\"lazy\" decoding=\"async\" width=\"1024\" height=\"293\" class=\"wp-image-128\" src=\"http:\/\/wordpress.andreas-pfeiffer.de\/wp-content\/uploads\/2019\/02\/directory-1161965_1920-1024x293.jpg\" alt=\"\" srcset=\"https:\/\/andreas-pfeiffer.de\/wp-content\/uploads\/2019\/02\/directory-1161965_1920-1024x293.jpg 1024w, https:\/\/andreas-pfeiffer.de\/wp-content\/uploads\/2019\/02\/directory-1161965_1920-300x86.jpg 300w, https:\/\/andreas-pfeiffer.de\/wp-content\/uploads\/2019\/02\/directory-1161965_1920-768x220.jpg 768w, https:\/\/andreas-pfeiffer.de\/wp-content\/uploads\/2019\/02\/directory-1161965_1920.jpg 1920w\" sizes=\"auto, (max-width: 1024px) 100vw, 1024px\" \/><\/span><\/figure>\r\n<p><span style=\"color: #000000;\">\r\n\r\n<\/span><\/p>\r\n<h2><span style=\"color: #000000;\">Nachfolgend eine Auswahl spezieller Seiten zum Thema Ergotherapie:<\/span><\/h2>\r\n<p><span style=\"color: #000000;\">\r\n\r\n<\/span><\/p>\r\n<ul class=\"wp-block-list\">\r\n<li><span style=\"color: #000000;\"><a style=\"color: #000000;\" href=\"https:\/\/www.gesundheitsinformation.de\/was-ist-eine-ergotherapie.3590.de.html\" target=\"_blank\" rel=\"noopener noreferrer\">Was ist eine Ergotherapie? &#8211;\u00a0Institut f\u00fcr Qualit\u00e4t und Wirtschaftlichkeit im Gesundheitswesen (IQWiG)<\/a><\/span><br \/><br \/><\/li>\r\n<li><span style=\"color: #000000;\"><a style=\"color: #000000;\" href=\"https:\/\/www.youtube.com\/watch?v=JwXx0aCvOB8&amp;feature=youtu.be\" target=\"_blank\" rel=\"noopener noreferrer\">Was ist eigentlich Ergotherapie? &#8211; Sch\u00f6ner Video zum Welt-Ergotherapietag 2019<\/a><\/span><br \/><br \/><\/li>\r\n<li><span style=\"color: #000000;\"><a style=\"color: #000000;\" href=\"http:\/\/www.dve.info\" target=\"_blank\" rel=\"noreferrer noopener\" aria-label=\"Deutscher Verband der Ergotherapeuten (DVE) (\u00f6ffnet in neuem Tab)\">Deutscher Verband Ergotherapie (DVE)<\/a><br \/><br \/><\/span><\/li>\r\n<li><a href=\"https:\/\/www.youtube.com\/watch?v=Csj5BskyIuU\" target=\"_blank\" rel=\"noopener\">Erkl\u00e4rfilm vom DVE (YouTube)<\/a><span style=\"color: #000000;\"><br \/><br \/><\/span><\/li>\r\n<li><span style=\"color: #000000;\"><a style=\"color: #000000;\" href=\"https:\/\/www.ergowas.info\" target=\"_blank\" rel=\"noopener\">Ergo&#8230; Was?<\/a> Sch\u00f6ne Seite mit einem beeindruckenden Kurzfilm (in Schweizerdeutsch)<br \/><br \/><\/span><\/li>\r\n<li><span style=\"color: #000000;\"><a style=\"color: #000000;\" href=\"https:\/\/www.youtube.com\/watch?v=5B4QrhpAihI\" target=\"_blank\" rel=\"noreferrer noopener\" aria-label=\"Was ist denn Ergotherapie? Der Song auf Youtube (\u00f6ffnet in neuem Tab)\">Was ist denn Ergotherapie? Der Song auf YouTube<\/a><br \/><br \/><\/span><\/li>\r\n<li><span style=\"color: #000000;\"><a style=\"color: #000000;\" href=\"https:\/\/www.youtube.com\/watch?v=AVnjpnG02Kw\" target=\"_blank\" rel=\"noreferrer noopener\" aria-label=\"Der Ergotherapie Rap auf Youtube (\u00f6ffnet in neuem Tab)\">Der Ergotherapie Rap (YouTube)<\/a><br \/><br \/><\/span><\/li>\r\n<li><span style=\"color: #000000;\"><a style=\"color: #000000;\" href=\"https:\/\/www.google.com\/maps\/d\/viewer?mid=1qVejCNX2bWUtMT5E5-EED3-NFbs&amp;hl=en&amp;ie=UTF8&amp;msa=0&amp;ll=32.84267399999996%2C5.976562999999942&amp;spn=113.115506%2C316.054688&amp;z=2\" target=\"_blank\" rel=\"noreferrer noopener\" aria-label=\"Ergotherapeuten in der Welt (\u00f6ffnet in neuem Tab)\">Ergotherapeuten in der Welt (Google Maps)<\/a><br \/><\/span><\/li>\r\n<\/ul>\r\n<p><span style=\"color: #000000;\">\r\n\r\n<\/span><\/p>\r\n<p><span style=\"color: #000000;\">\r\n\r\n<\/span><\/p>\r\n<p><span style=\"color: #000000;\">\r\n\r\n<\/span><\/p>\r\n<p><span style=\"color: #000000;\">\r\n\r\n\r\n\r\n<\/span><\/p>\r\n<p><span style=\"color: #000000;\">\r\n\r\n<\/span><\/p>\r\n<p><br \/><span style=\"color: #000000;\">Bitte teilen Sie mir nicht mehr funktionierende Links \u00fcber das <a style=\"color: #000000;\" href=\"http:\/\/wordpress.andreas-pfeiffer.de\/?page_id=52\">Kontaktformular<\/a> mit &#8211; Danke!<\/span><\/p>\r\n<p><span style=\"color: #000000;\">\r\n\r\n<\/span><\/p>\r\n<p><span style=\"color: #000000;\">Beachten Sie den Haftungsausschluss f\u00fcr <strong>externe Links<\/strong> auf der Seite <a style=\"color: #000000;\" href=\"http:\/\/wordpress.andreas-pfeiffer.de\/?page_id=7\">Impressum<\/a><\/span><\/p>\r\n","protected":false},"excerpt":{"rendered":"<p>Nachfolgend eine Auswahl spezieller Seiten zum Thema Ergotherapie: Was ist eine Ergotherapie? &#8211;\u00a0Institut f\u00fcr Qualit\u00e4t und Wirtschaftlichkeit im Gesundheitswesen (IQWiG) Was ist eigentlich Ergotherapie? &#8211; Sch\u00f6ner Video zum Welt-Ergotherapietag 2019 Deutscher Verband Ergotherapie (DVE) Erkl\u00e4rfilm vom DVE (YouTube) Ergo&#8230; Was? Sch\u00f6ne Seite mit einem beeindruckenden Kurzfilm (in Schweizerdeutsch) Was ist denn Ergotherapie? Der Song auf [&hellip;]<\/p>\n","protected":false},"author":1,"featured_media":0,"parent":0,"menu_order":0,"comment_status":"closed","ping_status":"closed","template":"","meta":{"footnotes":""},"class_list":["post-55","page","type-page","status-publish","hentry"],"yoast_head":"<!-- This site is optimized with the Yoast SEO plugin v27.4 - https:\/\/yoast.com\/product\/yoast-seo-wordpress\/ -->\n<title>Links - Andreas Pfeiffer<\/title>\n<meta name=\"description\" content=\"Auf dieser Seite finden Sie eine Auswahl spezieller Seiten zum Thema Ergotherapie. Es handelt sich um externe Angebote.\" \/>\n<meta name=\"robots\" content=\"index, follow, max-snippet:-1, max-image-preview:large, max-video-preview:-1\" \/>\n<link rel=\"canonical\" href=\"https:\/\/andreas-pfeiffer.de\/?page_id=55\" \/>\n<meta property=\"og:locale\" content=\"de_DE\" \/>\n<meta property=\"og:type\" content=\"article\" \/>\n<meta property=\"og:title\" content=\"Links - Andreas Pfeiffer\" \/>\n<meta property=\"og:description\" content=\"Auf dieser Seite finden Sie eine Auswahl spezieller Seiten zum Thema Ergotherapie. Es handelt sich um externe Angebote.\" \/>\n<meta property=\"og:url\" content=\"https:\/\/andreas-pfeiffer.de\/?page_id=55\" \/>\n<meta property=\"og:site_name\" content=\"Andreas Pfeiffer\" \/>\n<meta property=\"article:modified_time\" content=\"2024-05-13T16:07:54+00:00\" \/>\n<meta property=\"og:image\" content=\"http:\/\/wordpress.andreas-pfeiffer.de\/wp-content\/uploads\/2019\/02\/directory-1161965_1920-1024x293.jpg\" \/>\n<meta name=\"twitter:card\" content=\"summary_large_image\" \/>\n<meta name=\"twitter:label1\" content=\"Gesch\u00e4tzte Lesezeit\" \/>\n\t<meta name=\"twitter:data1\" content=\"1\u00a0Minute\" \/>\n<script type=\"application\/ld+json\" class=\"yoast-schema-graph\">{\"@context\":\"https:\\\/\\\/schema.org\",\"@graph\":[{\"@type\":\"WebPage\",\"@id\":\"https:\\\/\\\/andreas-pfeiffer.de\\\/?page_id=55\",\"url\":\"https:\\\/\\\/andreas-pfeiffer.de\\\/?page_id=55\",\"name\":\"Links - Andreas Pfeiffer\",\"isPartOf\":{\"@id\":\"https:\\\/\\\/andreas-pfeiffer.de\\\/#website\"},\"primaryImageOfPage\":{\"@id\":\"https:\\\/\\\/andreas-pfeiffer.de\\\/?page_id=55#primaryimage\"},\"image\":{\"@id\":\"https:\\\/\\\/andreas-pfeiffer.de\\\/?page_id=55#primaryimage\"},\"thumbnailUrl\":\"http:\\\/\\\/wordpress.andreas-pfeiffer.de\\\/wp-content\\\/uploads\\\/2019\\\/02\\\/directory-1161965_1920-1024x293.jpg\",\"datePublished\":\"2019-02-04T11:29:24+00:00\",\"dateModified\":\"2024-05-13T16:07:54+00:00\",\"description\":\"Auf dieser Seite finden Sie eine Auswahl spezieller Seiten zum Thema Ergotherapie. Es handelt sich um externe Angebote.\",\"breadcrumb\":{\"@id\":\"https:\\\/\\\/andreas-pfeiffer.de\\\/?page_id=55#breadcrumb\"},\"inLanguage\":\"de\",\"potentialAction\":[{\"@type\":\"ReadAction\",\"target\":[\"https:\\\/\\\/andreas-pfeiffer.de\\\/?page_id=55\"]}]},{\"@type\":\"ImageObject\",\"inLanguage\":\"de\",\"@id\":\"https:\\\/\\\/andreas-pfeiffer.de\\\/?page_id=55#primaryimage\",\"url\":\"http:\\\/\\\/wordpress.andreas-pfeiffer.de\\\/wp-content\\\/uploads\\\/2019\\\/02\\\/directory-1161965_1920-1024x293.jpg\",\"contentUrl\":\"http:\\\/\\\/wordpress.andreas-pfeiffer.de\\\/wp-content\\\/uploads\\\/2019\\\/02\\\/directory-1161965_1920-1024x293.jpg\"},{\"@type\":\"BreadcrumbList\",\"@id\":\"https:\\\/\\\/andreas-pfeiffer.de\\\/?page_id=55#breadcrumb\",\"itemListElement\":[{\"@type\":\"ListItem\",\"position\":1,\"name\":\"Startseite\",\"item\":\"https:\\\/\\\/andreas-pfeiffer.de\\\/\"},{\"@type\":\"ListItem\",\"position\":2,\"name\":\"Links\"}]},{\"@type\":\"WebSite\",\"@id\":\"https:\\\/\\\/andreas-pfeiffer.de\\\/#website\",\"url\":\"https:\\\/\\\/andreas-pfeiffer.de\\\/\",\"name\":\"Andreas Pfeiffer\",\"description\":\"Ergotherapeut\",\"publisher\":{\"@id\":\"https:\\\/\\\/andreas-pfeiffer.de\\\/#\\\/schema\\\/person\\\/faf4c19532443b2c6dab5f647e1e4a99\"},\"potentialAction\":[{\"@type\":\"SearchAction\",\"target\":{\"@type\":\"EntryPoint\",\"urlTemplate\":\"https:\\\/\\\/andreas-pfeiffer.de\\\/?s={search_term_string}\"},\"query-input\":{\"@type\":\"PropertyValueSpecification\",\"valueRequired\":true,\"valueName\":\"search_term_string\"}}],\"inLanguage\":\"de\"},{\"@type\":[\"Person\",\"Organization\"],\"@id\":\"https:\\\/\\\/andreas-pfeiffer.de\\\/#\\\/schema\\\/person\\\/faf4c19532443b2c6dab5f647e1e4a99\",\"name\":\"Andreas Pfeiffer\",\"image\":{\"@type\":\"ImageObject\",\"inLanguage\":\"de\",\"@id\":\"http:\\\/\\\/andreas-pfeiffer.de\\\/wp-content\\\/uploads\\\/2019\\\/02\\\/Bild2018.jpg\",\"url\":\"http:\\\/\\\/andreas-pfeiffer.de\\\/wp-content\\\/uploads\\\/2019\\\/02\\\/Bild2018.jpg\",\"contentUrl\":\"http:\\\/\\\/andreas-pfeiffer.de\\\/wp-content\\\/uploads\\\/2019\\\/02\\\/Bild2018.jpg\",\"width\":1072,\"height\":712,\"caption\":\"Andreas Pfeiffer\"},\"logo\":{\"@id\":\"http:\\\/\\\/andreas-pfeiffer.de\\\/wp-content\\\/uploads\\\/2019\\\/02\\\/Bild2018.jpg\"}}]}<\/script>\n<!-- \/ Yoast SEO plugin. -->","yoast_head_json":{"title":"Links - Andreas Pfeiffer","description":"Auf dieser Seite finden Sie eine Auswahl spezieller Seiten zum Thema Ergotherapie. Es handelt sich um externe Angebote.","robots":{"index":"index","follow":"follow","max-snippet":"max-snippet:-1","max-image-preview":"max-image-preview:large","max-video-preview":"max-video-preview:-1"},"canonical":"https:\/\/andreas-pfeiffer.de\/?page_id=55","og_locale":"de_DE","og_type":"article","og_title":"Links - Andreas Pfeiffer","og_description":"Auf dieser Seite finden Sie eine Auswahl spezieller Seiten zum Thema Ergotherapie. Es handelt sich um externe Angebote.","og_url":"https:\/\/andreas-pfeiffer.de\/?page_id=55","og_site_name":"Andreas Pfeiffer","article_modified_time":"2024-05-13T16:07:54+00:00","og_image":[{"url":"http:\/\/wordpress.andreas-pfeiffer.de\/wp-content\/uploads\/2019\/02\/directory-1161965_1920-1024x293.jpg","type":"","width":"","height":""}],"twitter_card":"summary_large_image","twitter_misc":{"Gesch\u00e4tzte Lesezeit":"1\u00a0Minute"},"schema":{"@context":"https:\/\/schema.org","@graph":[{"@type":"WebPage","@id":"https:\/\/andreas-pfeiffer.de\/?page_id=55","url":"https:\/\/andreas-pfeiffer.de\/?page_id=55","name":"Links - Andreas Pfeiffer","isPartOf":{"@id":"https:\/\/andreas-pfeiffer.de\/#website"},"primaryImageOfPage":{"@id":"https:\/\/andreas-pfeiffer.de\/?page_id=55#primaryimage"},"image":{"@id":"https:\/\/andreas-pfeiffer.de\/?page_id=55#primaryimage"},"thumbnailUrl":"http:\/\/wordpress.andreas-pfeiffer.de\/wp-content\/uploads\/2019\/02\/directory-1161965_1920-1024x293.jpg","datePublished":"2019-02-04T11:29:24+00:00","dateModified":"2024-05-13T16:07:54+00:00","description":"Auf dieser Seite finden Sie eine Auswahl spezieller Seiten zum Thema Ergotherapie. Es handelt sich um externe Angebote.","breadcrumb":{"@id":"https:\/\/andreas-pfeiffer.de\/?page_id=55#breadcrumb"},"inLanguage":"de","potentialAction":[{"@type":"ReadAction","target":["https:\/\/andreas-pfeiffer.de\/?page_id=55"]}]},{"@type":"ImageObject","inLanguage":"de","@id":"https:\/\/andreas-pfeiffer.de\/?page_id=55#primaryimage","url":"http:\/\/wordpress.andreas-pfeiffer.de\/wp-content\/uploads\/2019\/02\/directory-1161965_1920-1024x293.jpg","contentUrl":"http:\/\/wordpress.andreas-pfeiffer.de\/wp-content\/uploads\/2019\/02\/directory-1161965_1920-1024x293.jpg"},{"@type":"BreadcrumbList","@id":"https:\/\/andreas-pfeiffer.de\/?page_id=55#breadcrumb","itemListElement":[{"@type":"ListItem","position":1,"name":"Startseite","item":"https:\/\/andreas-pfeiffer.de\/"},{"@type":"ListItem","position":2,"name":"Links"}]},{"@type":"WebSite","@id":"https:\/\/andreas-pfeiffer.de\/#website","url":"https:\/\/andreas-pfeiffer.de\/","name":"Andreas Pfeiffer","description":"Ergotherapeut","publisher":{"@id":"https:\/\/andreas-pfeiffer.de\/#\/schema\/person\/faf4c19532443b2c6dab5f647e1e4a99"},"potentialAction":[{"@type":"SearchAction","target":{"@type":"EntryPoint","urlTemplate":"https:\/\/andreas-pfeiffer.de\/?s={search_term_string}"},"query-input":{"@type":"PropertyValueSpecification","valueRequired":true,"valueName":"search_term_string"}}],"inLanguage":"de"},{"@type":["Person","Organization"],"@id":"https:\/\/andreas-pfeiffer.de\/#\/schema\/person\/faf4c19532443b2c6dab5f647e1e4a99","name":"Andreas Pfeiffer","image":{"@type":"ImageObject","inLanguage":"de","@id":"http:\/\/andreas-pfeiffer.de\/wp-content\/uploads\/2019\/02\/Bild2018.jpg","url":"http:\/\/andreas-pfeiffer.de\/wp-content\/uploads\/2019\/02\/Bild2018.jpg","contentUrl":"http:\/\/andreas-pfeiffer.de\/wp-content\/uploads\/2019\/02\/Bild2018.jpg","width":1072,"height":712,"caption":"Andreas Pfeiffer"},"logo":{"@id":"http:\/\/andreas-pfeiffer.de\/wp-content\/uploads\/2019\/02\/Bild2018.jpg"}}]}},"_links":{"self":[{"href":"https:\/\/andreas-pfeiffer.de\/index.php?rest_route=\/wp\/v2\/pages\/55","targetHints":{"allow":["GET"]}}],"collection":[{"href":"https:\/\/andreas-pfeiffer.de\/index.php?rest_route=\/wp\/v2\/pages"}],"about":[{"href":"https:\/\/andreas-pfeiffer.de\/index.php?rest_route=\/wp\/v2\/types\/page"}],"author":[{"embeddable":true,"href":"https:\/\/andreas-pfeiffer.de\/index.php?rest_route=\/wp\/v2\/users\/1"}],"replies":[{"embeddable":true,"href":"https:\/\/andreas-pfeiffer.de\/index.php?rest_route=%2Fwp%2Fv2%2Fcomments&post=55"}],"version-history":[{"count":20,"href":"https:\/\/andreas-pfeiffer.de\/index.php?rest_route=\/wp\/v2\/pages\/55\/revisions"}],"predecessor-version":[{"id":1749,"href":"https:\/\/andreas-pfeiffer.de\/index.php?rest_route=\/wp\/v2\/pages\/55\/revisions\/1749"}],"wp:attachment":[{"href":"https:\/\/andreas-pfeiffer.de\/index.php?rest_route=%2Fwp%2Fv2%2Fmedia&parent=55"}],"curies":[{"name":"wp","href":"https:\/\/api.w.org\/{rel}","templated":true}]}}