{"id":62,"date":"2019-02-04T11:33:44","date_gmt":"2019-02-04T11:33:44","guid":{"rendered":"http:\/\/wordpress.andreas-pfeiffer.de\/?page_id=62"},"modified":"2023-08-01T11:34:51","modified_gmt":"2023-08-01T11:34:51","slug":"teilnehmer","status":"publish","type":"page","link":"https:\/\/andreas-pfeiffer.de\/?page_id=62","title":{"rendered":"Teilnehmerbereich"},"content":{"rendered":"\r\n<figure class=\"wp-block-image\"><img loading=\"lazy\" decoding=\"async\" width=\"1024\" height=\"293\" class=\"wp-image-126\" src=\"http:\/\/wordpress.andreas-pfeiffer.de\/wp-content\/uploads\/2019\/02\/adult-education-2706977_1920-1024x293.jpg\" alt=\"\" srcset=\"https:\/\/andreas-pfeiffer.de\/wp-content\/uploads\/2019\/02\/adult-education-2706977_1920-1024x293.jpg 1024w, https:\/\/andreas-pfeiffer.de\/wp-content\/uploads\/2019\/02\/adult-education-2706977_1920-300x86.jpg 300w, https:\/\/andreas-pfeiffer.de\/wp-content\/uploads\/2019\/02\/adult-education-2706977_1920-768x220.jpg 768w, https:\/\/andreas-pfeiffer.de\/wp-content\/uploads\/2019\/02\/adult-education-2706977_1920.jpg 1920w\" sizes=\"auto, (max-width: 1024px) 100vw, 1024px\" \/><\/figure>\r\n\r\n\r\n\r\n<p>Als besonderen Service biete ich <strong>exklusiv<\/strong> den Teilnehmerinnen und Teilnehmern zu meinen im folgenden aufgef\u00fchrten Veranstaltungen weiterf\u00fchrende Informationen an.<\/p>\r\n\r\n\r\n\r\n<p>Die Seiten zu diesen Seminaren werden regelm\u00e4\u00dfig aktualisiert.<\/p>\r\n\r\n\r\n\r\n<p>F\u00fcr den Zugang ist ein Passwort erforderlich, dass ich auf der Veranstaltung und im Handout mitgeteilt habe.<\/p>\r\n\r\n\r\n\r\n<p>Zu den folgenden Veranstaltungen liegen Beitr\u00e4ge vor:<\/p>\r\n\r\n\r\n\r\n<ul class=\"wp-block-list\">\r\n<li><a href=\"https:\/\/andreas-pfeiffer.de\/?page_id=261\">Seminar affektive St\u00f6rungen<\/a><\/li>\r\n<li><a href=\"https:\/\/andreas-pfeiffer.de\/?page_id=258\">Seminar wahnhafte St\u00f6rungen<\/a><\/li>\r\n<li><a href=\"https:\/\/andreas-pfeiffer.de\/?page_id=59\">Seminar Genusstraining<\/a><\/li>\r\n<li><a href=\"https:\/\/andreas-pfeiffer.de\/?page_id=249\">Seminar Cogpac<\/a>k<\/li>\r\n<li><a href=\"https:\/\/andreas-pfeiffer.de\/?page_id=246\">Seminar &#8222;Handeln gegen Tr\u00e4gheit&#8220;<\/a><\/li>\r\n<li><a href=\"https:\/\/andreas-pfeiffer.de\/?page_id=252\">Seminar Leitlinien<\/a><\/li>\r\n<li><a href=\"https:\/\/andreas-pfeiffer.de\/?page_id=255\">Unterricht evidenzbasierten Praxis<\/a><\/li>\r\n<\/ul>\r\n\r\n\r\n\r\n<p>Die Passw\u00f6rter werden nicht ver\u00e4ndert. Teilnehmerinnen und Teilnehmer k\u00f6nnen dadurch regelm\u00e4\u00dfig ihr Wissen aktualisieren.<\/p>\r\n<p><strong>Bitte gebt das Passwort <span style=\"text-decoration: underline;\">nicht<\/span> weiter, da ich es sonst \u00e4ndern oder den Zugang individualisieren m\u00fcsste &#8211; Danke!<\/strong><\/p>\r\n\r\n\r\n\r\n<h2 class=\"wp-block-heading\"><br \/>Hinweis an Seminarteilnehmer vor 2019<\/h2>\r\n\r\n\r\n\r\n<p>Durch die neue Webseite ben\u00f6tigen Sie nun keinen Benutzernamen mehr. Das Passwort wurde <strong>nicht<\/strong> ver\u00e4ndert &#8211; Sie k\u00f6nnen es weiter verwenden!<\/p>\r\n","protected":false},"excerpt":{"rendered":"<p>Als besonderen Service biete ich exklusiv den Teilnehmerinnen und Teilnehmern zu meinen im folgenden aufgef\u00fchrten Veranstaltungen weiterf\u00fchrende Informationen an. Die Seiten zu diesen Seminaren werden regelm\u00e4\u00dfig aktualisiert. F\u00fcr den Zugang ist ein Passwort erforderlich, dass ich auf der Veranstaltung und im Handout mitgeteilt habe. Zu den folgenden Veranstaltungen liegen Beitr\u00e4ge vor: Seminar affektive St\u00f6rungen Seminar [&hellip;]<\/p>\n","protected":false},"author":1,"featured_media":0,"parent":0,"menu_order":0,"comment_status":"closed","ping_status":"closed","template":"","meta":{"footnotes":""},"class_list":["post-62","page","type-page","status-publish","hentry"],"yoast_head":"<!-- This site is optimized with the Yoast SEO plugin v27.4 - https:\/\/yoast.com\/product\/yoast-seo-wordpress\/ -->\n<title>Teilnehmerbereich - Andreas Pfeiffer<\/title>\n<meta name=\"robots\" content=\"index, follow, max-snippet:-1, max-image-preview:large, max-video-preview:-1\" \/>\n<link rel=\"canonical\" href=\"https:\/\/andreas-pfeiffer.de\/?page_id=62\" \/>\n<meta property=\"og:locale\" content=\"de_DE\" \/>\n<meta property=\"og:type\" content=\"article\" \/>\n<meta property=\"og:title\" content=\"Teilnehmerbereich - Andreas Pfeiffer\" \/>\n<meta property=\"og:description\" content=\"Als besonderen Service biete ich exklusiv den Teilnehmerinnen und Teilnehmern zu meinen im folgenden aufgef\u00fchrten Veranstaltungen weiterf\u00fchrende Informationen an. Die Seiten zu diesen Seminaren werden regelm\u00e4\u00dfig aktualisiert. F\u00fcr den Zugang ist ein Passwort erforderlich, dass ich auf der Veranstaltung und im Handout mitgeteilt habe. Zu den folgenden Veranstaltungen liegen Beitr\u00e4ge vor: Seminar affektive St\u00f6rungen Seminar [&hellip;]\" \/>\n<meta property=\"og:url\" content=\"https:\/\/andreas-pfeiffer.de\/?page_id=62\" \/>\n<meta property=\"og:site_name\" content=\"Andreas Pfeiffer\" \/>\n<meta property=\"article:modified_time\" content=\"2023-08-01T11:34:51+00:00\" \/>\n<meta property=\"og:image\" content=\"http:\/\/wordpress.andreas-pfeiffer.de\/wp-content\/uploads\/2019\/02\/adult-education-2706977_1920-1024x293.jpg\" \/>\n<meta name=\"twitter:card\" content=\"summary_large_image\" \/>\n<meta name=\"twitter:label1\" content=\"Gesch\u00e4tzte Lesezeit\" \/>\n\t<meta name=\"twitter:data1\" content=\"1\u00a0Minute\" \/>\n<script type=\"application\/ld+json\" class=\"yoast-schema-graph\">{\"@context\":\"https:\\\/\\\/schema.org\",\"@graph\":[{\"@type\":\"WebPage\",\"@id\":\"https:\\\/\\\/andreas-pfeiffer.de\\\/?page_id=62\",\"url\":\"https:\\\/\\\/andreas-pfeiffer.de\\\/?page_id=62\",\"name\":\"Teilnehmerbereich - Andreas Pfeiffer\",\"isPartOf\":{\"@id\":\"https:\\\/\\\/andreas-pfeiffer.de\\\/#website\"},\"primaryImageOfPage\":{\"@id\":\"https:\\\/\\\/andreas-pfeiffer.de\\\/?page_id=62#primaryimage\"},\"image\":{\"@id\":\"https:\\\/\\\/andreas-pfeiffer.de\\\/?page_id=62#primaryimage\"},\"thumbnailUrl\":\"http:\\\/\\\/wordpress.andreas-pfeiffer.de\\\/wp-content\\\/uploads\\\/2019\\\/02\\\/adult-education-2706977_1920-1024x293.jpg\",\"datePublished\":\"2019-02-04T11:33:44+00:00\",\"dateModified\":\"2023-08-01T11:34:51+00:00\",\"breadcrumb\":{\"@id\":\"https:\\\/\\\/andreas-pfeiffer.de\\\/?page_id=62#breadcrumb\"},\"inLanguage\":\"de\",\"potentialAction\":[{\"@type\":\"ReadAction\",\"target\":[\"https:\\\/\\\/andreas-pfeiffer.de\\\/?page_id=62\"]}]},{\"@type\":\"ImageObject\",\"inLanguage\":\"de\",\"@id\":\"https:\\\/\\\/andreas-pfeiffer.de\\\/?page_id=62#primaryimage\",\"url\":\"http:\\\/\\\/wordpress.andreas-pfeiffer.de\\\/wp-content\\\/uploads\\\/2019\\\/02\\\/adult-education-2706977_1920-1024x293.jpg\",\"contentUrl\":\"http:\\\/\\\/wordpress.andreas-pfeiffer.de\\\/wp-content\\\/uploads\\\/2019\\\/02\\\/adult-education-2706977_1920-1024x293.jpg\"},{\"@type\":\"BreadcrumbList\",\"@id\":\"https:\\\/\\\/andreas-pfeiffer.de\\\/?page_id=62#breadcrumb\",\"itemListElement\":[{\"@type\":\"ListItem\",\"position\":1,\"name\":\"Startseite\",\"item\":\"https:\\\/\\\/andreas-pfeiffer.de\\\/\"},{\"@type\":\"ListItem\",\"position\":2,\"name\":\"Teilnehmerbereich\"}]},{\"@type\":\"WebSite\",\"@id\":\"https:\\\/\\\/andreas-pfeiffer.de\\\/#website\",\"url\":\"https:\\\/\\\/andreas-pfeiffer.de\\\/\",\"name\":\"Andreas Pfeiffer\",\"description\":\"Ergotherapeut\",\"publisher\":{\"@id\":\"https:\\\/\\\/andreas-pfeiffer.de\\\/#\\\/schema\\\/person\\\/faf4c19532443b2c6dab5f647e1e4a99\"},\"potentialAction\":[{\"@type\":\"SearchAction\",\"target\":{\"@type\":\"EntryPoint\",\"urlTemplate\":\"https:\\\/\\\/andreas-pfeiffer.de\\\/?s={search_term_string}\"},\"query-input\":{\"@type\":\"PropertyValueSpecification\",\"valueRequired\":true,\"valueName\":\"search_term_string\"}}],\"inLanguage\":\"de\"},{\"@type\":[\"Person\",\"Organization\"],\"@id\":\"https:\\\/\\\/andreas-pfeiffer.de\\\/#\\\/schema\\\/person\\\/faf4c19532443b2c6dab5f647e1e4a99\",\"name\":\"Andreas Pfeiffer\",\"image\":{\"@type\":\"ImageObject\",\"inLanguage\":\"de\",\"@id\":\"http:\\\/\\\/andreas-pfeiffer.de\\\/wp-content\\\/uploads\\\/2019\\\/02\\\/Bild2018.jpg\",\"url\":\"http:\\\/\\\/andreas-pfeiffer.de\\\/wp-content\\\/uploads\\\/2019\\\/02\\\/Bild2018.jpg\",\"contentUrl\":\"http:\\\/\\\/andreas-pfeiffer.de\\\/wp-content\\\/uploads\\\/2019\\\/02\\\/Bild2018.jpg\",\"width\":1072,\"height\":712,\"caption\":\"Andreas Pfeiffer\"},\"logo\":{\"@id\":\"http:\\\/\\\/andreas-pfeiffer.de\\\/wp-content\\\/uploads\\\/2019\\\/02\\\/Bild2018.jpg\"}}]}<\/script>\n<!-- \/ Yoast SEO plugin. -->","yoast_head_json":{"title":"Teilnehmerbereich - Andreas Pfeiffer","robots":{"index":"index","follow":"follow","max-snippet":"max-snippet:-1","max-image-preview":"max-image-preview:large","max-video-preview":"max-video-preview:-1"},"canonical":"https:\/\/andreas-pfeiffer.de\/?page_id=62","og_locale":"de_DE","og_type":"article","og_title":"Teilnehmerbereich - Andreas Pfeiffer","og_description":"Als besonderen Service biete ich exklusiv den Teilnehmerinnen und Teilnehmern zu meinen im folgenden aufgef\u00fchrten Veranstaltungen weiterf\u00fchrende Informationen an. Die Seiten zu diesen Seminaren werden regelm\u00e4\u00dfig aktualisiert. F\u00fcr den Zugang ist ein Passwort erforderlich, dass ich auf der Veranstaltung und im Handout mitgeteilt habe. Zu den folgenden Veranstaltungen liegen Beitr\u00e4ge vor: Seminar affektive St\u00f6rungen Seminar [&hellip;]","og_url":"https:\/\/andreas-pfeiffer.de\/?page_id=62","og_site_name":"Andreas Pfeiffer","article_modified_time":"2023-08-01T11:34:51+00:00","og_image":[{"url":"http:\/\/wordpress.andreas-pfeiffer.de\/wp-content\/uploads\/2019\/02\/adult-education-2706977_1920-1024x293.jpg","type":"","width":"","height":""}],"twitter_card":"summary_large_image","twitter_misc":{"Gesch\u00e4tzte Lesezeit":"1\u00a0Minute"},"schema":{"@context":"https:\/\/schema.org","@graph":[{"@type":"WebPage","@id":"https:\/\/andreas-pfeiffer.de\/?page_id=62","url":"https:\/\/andreas-pfeiffer.de\/?page_id=62","name":"Teilnehmerbereich - Andreas Pfeiffer","isPartOf":{"@id":"https:\/\/andreas-pfeiffer.de\/#website"},"primaryImageOfPage":{"@id":"https:\/\/andreas-pfeiffer.de\/?page_id=62#primaryimage"},"image":{"@id":"https:\/\/andreas-pfeiffer.de\/?page_id=62#primaryimage"},"thumbnailUrl":"http:\/\/wordpress.andreas-pfeiffer.de\/wp-content\/uploads\/2019\/02\/adult-education-2706977_1920-1024x293.jpg","datePublished":"2019-02-04T11:33:44+00:00","dateModified":"2023-08-01T11:34:51+00:00","breadcrumb":{"@id":"https:\/\/andreas-pfeiffer.de\/?page_id=62#breadcrumb"},"inLanguage":"de","potentialAction":[{"@type":"ReadAction","target":["https:\/\/andreas-pfeiffer.de\/?page_id=62"]}]},{"@type":"ImageObject","inLanguage":"de","@id":"https:\/\/andreas-pfeiffer.de\/?page_id=62#primaryimage","url":"http:\/\/wordpress.andreas-pfeiffer.de\/wp-content\/uploads\/2019\/02\/adult-education-2706977_1920-1024x293.jpg","contentUrl":"http:\/\/wordpress.andreas-pfeiffer.de\/wp-content\/uploads\/2019\/02\/adult-education-2706977_1920-1024x293.jpg"},{"@type":"BreadcrumbList","@id":"https:\/\/andreas-pfeiffer.de\/?page_id=62#breadcrumb","itemListElement":[{"@type":"ListItem","position":1,"name":"Startseite","item":"https:\/\/andreas-pfeiffer.de\/"},{"@type":"ListItem","position":2,"name":"Teilnehmerbereich"}]},{"@type":"WebSite","@id":"https:\/\/andreas-pfeiffer.de\/#website","url":"https:\/\/andreas-pfeiffer.de\/","name":"Andreas Pfeiffer","description":"Ergotherapeut","publisher":{"@id":"https:\/\/andreas-pfeiffer.de\/#\/schema\/person\/faf4c19532443b2c6dab5f647e1e4a99"},"potentialAction":[{"@type":"SearchAction","target":{"@type":"EntryPoint","urlTemplate":"https:\/\/andreas-pfeiffer.de\/?s={search_term_string}"},"query-input":{"@type":"PropertyValueSpecification","valueRequired":true,"valueName":"search_term_string"}}],"inLanguage":"de"},{"@type":["Person","Organization"],"@id":"https:\/\/andreas-pfeiffer.de\/#\/schema\/person\/faf4c19532443b2c6dab5f647e1e4a99","name":"Andreas Pfeiffer","image":{"@type":"ImageObject","inLanguage":"de","@id":"http:\/\/andreas-pfeiffer.de\/wp-content\/uploads\/2019\/02\/Bild2018.jpg","url":"http:\/\/andreas-pfeiffer.de\/wp-content\/uploads\/2019\/02\/Bild2018.jpg","contentUrl":"http:\/\/andreas-pfeiffer.de\/wp-content\/uploads\/2019\/02\/Bild2018.jpg","width":1072,"height":712,"caption":"Andreas Pfeiffer"},"logo":{"@id":"http:\/\/andreas-pfeiffer.de\/wp-content\/uploads\/2019\/02\/Bild2018.jpg"}}]}},"_links":{"self":[{"href":"https:\/\/andreas-pfeiffer.de\/index.php?rest_route=\/wp\/v2\/pages\/62","targetHints":{"allow":["GET"]}}],"collection":[{"href":"https:\/\/andreas-pfeiffer.de\/index.php?rest_route=\/wp\/v2\/pages"}],"about":[{"href":"https:\/\/andreas-pfeiffer.de\/index.php?rest_route=\/wp\/v2\/types\/page"}],"author":[{"embeddable":true,"href":"https:\/\/andreas-pfeiffer.de\/index.php?rest_route=\/wp\/v2\/users\/1"}],"replies":[{"embeddable":true,"href":"https:\/\/andreas-pfeiffer.de\/index.php?rest_route=%2Fwp%2Fv2%2Fcomments&post=62"}],"version-history":[{"count":19,"href":"https:\/\/andreas-pfeiffer.de\/index.php?rest_route=\/wp\/v2\/pages\/62\/revisions"}],"predecessor-version":[{"id":1601,"href":"https:\/\/andreas-pfeiffer.de\/index.php?rest_route=\/wp\/v2\/pages\/62\/revisions\/1601"}],"wp:attachment":[{"href":"https:\/\/andreas-pfeiffer.de\/index.php?rest_route=%2Fwp%2Fv2%2Fmedia&parent=62"}],"curies":[{"name":"wp","href":"https:\/\/api.w.org\/{rel}","templated":true}]}}