{"id":7,"date":"2019-02-04T09:35:02","date_gmt":"2019-02-04T09:35:02","guid":{"rendered":"http:\/\/wordpress.andreas-pfeiffer.de\/?page_id=7"},"modified":"2025-12-31T12:13:12","modified_gmt":"2025-12-31T12:13:12","slug":"impressum","status":"publish","type":"page","link":"https:\/\/andreas-pfeiffer.de\/?page_id=7","title":{"rendered":"Impressum"},"content":{"rendered":"\r\n<figure class=\"wp-block-image\"><img loading=\"lazy\" decoding=\"async\" width=\"1024\" height=\"293\" class=\"wp-image-120\" src=\"http:\/\/wordpress.andreas-pfeiffer.de\/wp-content\/uploads\/2019\/02\/imprint-1186346_1920-1024x293.jpg\" alt=\"\" srcset=\"https:\/\/andreas-pfeiffer.de\/wp-content\/uploads\/2019\/02\/imprint-1186346_1920-1024x293.jpg 1024w, https:\/\/andreas-pfeiffer.de\/wp-content\/uploads\/2019\/02\/imprint-1186346_1920-300x86.jpg 300w, https:\/\/andreas-pfeiffer.de\/wp-content\/uploads\/2019\/02\/imprint-1186346_1920-768x220.jpg 768w, https:\/\/andreas-pfeiffer.de\/wp-content\/uploads\/2019\/02\/imprint-1186346_1920.jpg 1920w\" sizes=\"auto, (max-width: 1024px) 100vw, 1024px\" \/><\/figure>\r\n\r\n\r\n\r\n<h2 class=\"wp-block-heading\">Angaben gem\u00e4\u00df \u00a7 5 TMG<\/h2>\r\n\r\n\r\n\r\n<h3 class=\"wp-block-heading\">Anschrift und Kontaktdaten:<\/h3>\r\n\r\n\r\n\r\n<p>Andreas Pfeiffer<br \/>Friedrich-Fr\u00f6bel-Str. 2 <br \/>47804 Krefeld<br \/>Telefon: +49 (0) 2151 6001355<\/p>\r\n\r\n\r\n\r\n<p>E-Mail: <a href=\"mailto:postmaster@andreas-pfeiffer.de\">postmaster(a)andreas-pfeiffer.de<\/a><\/p>\r\n\r\n\r\n\r\n<h3 class=\"wp-block-heading\">Gesetzliche Berufsbezeichnung:<\/h3>\r\n\r\n\r\n\r\n<p>Staatlich anerkannter Ergotherapeut &#8211; in der Bundesrepublik Deutschland zugelassen<\/p>\r\n\r\n\r\n\r\n<h3 class=\"wp-block-heading\">Zust\u00e4ndige Aufsichtsbeh\u00f6rde:<\/h3>\r\n\r\n\r\n\r\n<p>Stadt D\u00fcsseldorf <br \/>Gesundheitsamt<br \/>40200 D\u00fcsseldorf<br \/><a href=\"https:\/\/www.duesseldorf.de\/gesundheitsamt.html\" target=\"_blank\" rel=\"noreferrer noopener\" aria-label=\"https:\/\/www.duesseldorf.de\/gesundheitsamt.html (\u00f6ffnet in neuem Tab)\">https:\/\/www.duesseldorf.de\/gesundheitsamt.html<\/a><\/p>\r\n\r\n\r\n\r\n<h3 class=\"wp-block-heading\">Berufsrechtliche Regelungen:<\/h3>\r\n\r\n\r\n\r\n<p><a href=\"http:\/\/www.dve.info\" target=\"_blank\" rel=\"noopener\">Deutscher Verband Ergotherapie e. V. (DVE<\/a>)<\/p>\r\n\r\n\r\n\r\n<p>Regelungen einsehbar unter Gesetze im Internet:<\/p>\r\n\r\n\r\n\r\n<p><a href=\"https:\/\/www.gesetze-im-internet.de\/bearbthg\/BJNR012460976.html\" target=\"_blank\" rel=\"noreferrer noopener\" aria-label=\"Ergotherapeutengesetz \u2013 ErgThG (\u00f6ffnet in neuem Tab)\">Ergotherapeutengesetz \u2013 ErgThG<\/a><br \/><a href=\"https:\/\/www.gesetze-im-internet.de\/ergthaprv\/BJNR173100999.html\" target=\"_blank\" rel=\"noreferrer noopener\" aria-label=\"Ergotherapeuten- Ausbildungs- und Pr\u00fcfungsverordnung \u2013 ErgThAPrV (\u00f6ffnet in neuem Tab)\">Ergotherapeuten- Ausbildungs- und Pr\u00fcfungsverordnung \u2013 ErgThAPrV<\/a><\/p>\r\n\r\n\r\n\r\n<h3 class=\"wp-block-heading\">Umsatzsteuer-Identifikationsnummer:<\/h3>\r\n\r\n\r\n\r\n<p>74 986 251 237<\/p>\r\n\r\n\r\n\r\n\r\n\r\n<h3 class=\"wp-block-heading\">Haftungshinweis:<\/h3>\r\n\r\n\r\n\r\n<p>Trotz sorgf\u00e4ltiger inhaltlicher Kontrolle \u00fcbernehmen wir keine Haftung f\u00fcr die Inhalte externer Links. F\u00fcr den Inhalt der verlinkten Seiten sind ausschlie\u00dflich deren Betreiber verantwortlich.<\/p>\r\n\r\n\r\n\r\n<h3 class=\"wp-block-heading\">Erkl\u00e4rung zu Schutzrechtsverletzungen:<\/h3>\r\n\r\n\r\n\r\n<p>Sollte der Inhalt oder die Aufmachung dieser Internetseite gesetzliche Bestimmungen oder Rechte Dritter verletzen, bitte ich um vorherige Kontaktaufnahme ohne Kostennote per elektronischer Post an die oben genannte Emailadresse. Ich versichere, dass zu Recht beanstandete Passagen unverz\u00fcglich entfernt oder berichtigt werden, ohne dass von Ihrer Seite die Einschaltung eines Rechtsbeistandes erforderlich wird. Die zeitaufw\u00e4ndige Einschaltung eines Anwaltes, die zu einer f\u00fcr mich kostenpflichtigen Abmahnung f\u00fchrt, entspricht nicht meinem wirklichem oder mutma\u00dflichem Willen. Entstandene Kosten ohne vorherige Kontaktaufnahme werden vollumf\u00e4nglich zur\u00fcckgewiesen. Ich behalte mir das Recht einer eventuellen Gegenklage wegen Verletzung vorgenannter Bedingungen vor.<\/p>\r\n\r\n\r\n\r\n<h2 class=\"wp-block-heading\">Copyright:<\/h2>\r\n\r\n\r\n\r\n<p><strong>\u00a9 1997-2026 bei Andreas Pfeiffer<\/strong> <strong>alle Rechte vorbehalten\/all rights reserved<\/strong><\/p>\r\n\r\n\r\n\r\n<p>Diese Seiten sind urheberechtlich gesch\u00fctzt. Jede Art und Form der Vervielf\u00e4ltigung des Inhaltes und jede Art der Nutzung f\u00fcr Unterrichts-, Schulungszwecke oder \u00e4hnliches bedarf der schriftlichen Zustimmung des Verfassers!<\/p>\r\n\r\n\r\n\r\n<h2 class=\"wp-block-heading\">Quellennachweise:<\/h2>\r\n\r\n\r\n\r\n<p>&#8222;Mitglied im DVE&#8220; auf der Seite\u00a0<em>Home\u00a0<\/em>mit freundlicher Genehmigung vom Deutscher Verband Ergotherapie.<\/p>\r\n\r\n\r\n\r\n<p>Bild auf der Seite\u00a0<em>Vortr\u00e4ge\u00a0<\/em>mit freundlicher Genehmigung des\u00a0Instituts f\u00fcr Strukturpolitik und Wirtschaftsf\u00f6rderung gemeinn\u00fctzige\u00a0Gesellschaft mbH (ISW) Magdeburg.<\/p>\r\n\r\n\r\n\r\n<p>Das Klimaschutz Logo\u00a0<em>auf dieser Seite unten\u00a0<\/em>mit freundlicher Genehmigung von Strato.<\/p>\r\n\r\n\r\n\r\n<p>Die auf der Seiten\u00a0<em>Vita <\/em>und<em> Studium\u00a0<\/em>verwendeten Logos und genannten Markennamen geh\u00f6ren den genannten Einrichtungen und sind von ihnen gesch\u00fctzt.<\/p>\r\n<p>Die auf der Seite <em>Podcast<\/em> verwendeten Logos und genannten Markennamen geh\u00f6ren den genannten Podcast-Anbietern und sind von ihnen gesch\u00fctzt. Die Verwendung ist Podcast-Creatern in dieser Form gestattet.<\/p>\r\n\r\n\r\n\r\n<p>Bilder auf den Seiten <em> Ausbildung, Leitlinien, Beruflich:\u00a0<\/em>Nutzungsrechte erworben bei www.polylooks.de (Dienst wurde eingestellt)<\/p>\r\n\r\n\r\n\r\n<p>Oberstes Bild auf den Seiten\u00a0<em>Startseite <\/em>(Slider)<em>, Aktivit\u00e4ten, Seminare<\/em> (auch Service unten), <em>Ver\u00f6ffentlichungen<\/em>, <em>Vorlesungen<\/em>, <em>Ausbildung<\/em>, <em>Studium,\u00a0Forschung, Tipps,<\/em> <em>Links, Kontakt, Teilnehmer, HgT, wahnhafte St\u00f6rungen, Cogpack, Impressum, Datenschutzerkl\u00e4rung\u00a0<\/em>(lizenzfrei) von <a href=\"http:\/\/www.pixabay.com\" target=\"_blank\" rel=\"noreferrer noopener\" aria-label=\"www.pixabay.com (\u00f6ffnet in neuem Tab)\">Pixabay<\/a><\/p>\r\n\r\n\r\n\r\n<p>Researchgate-Logo auf der Seite\u00a0<em>Ver\u00f6ffentlichungen\u00a0<\/em>von <a href=\"https:\/\/www.researchgate.net\" target=\"_blank\" rel=\"noreferrer noopener\" aria-label=\"www.researchgate.net (\u00f6ffnet in neuem Tab)\">www.researchgate.net<\/a><\/p>\r\n\r\n\r\n\r\n<p>Bild auf der Seite\u00a0<em>Masterarbeit<\/em>: Nutzungsrechte erworben bei\u00a0<a href=\"https:\/\/de.fotolia.com\" target=\"_blank\" rel=\"noreferrer noopener\" aria-label=\"www.fotolia.de (\u00f6ffnet in neuem Tab)\">www.fotolia.de<\/a> (jetzt Adobe Stock)<\/p>\r\n\r\n\r\n\r\n<p>Bild mit f\u00fcnf Sinnen im Slider der Startseite und auf der Seite Genusstraining erworben bei <a href=\"https:\/\/stock.adobe.com\/de\/\" target=\"_blank\" rel=\"noreferrer noopener\" aria-label=\"Adobe Stock (\u00f6ffnet in neuem Tab)\">Adobe Stock<\/a>.<\/p>\r\n\r\n\r\n\r\n<p>Hier nicht aufgez\u00e4hlten Bilder geh\u00f6ren dem Autor dieser Seite.<\/p>\r\n\r\n\r\n\r\n<p>Diese Seite ist bei\u00a0<a href=\"http:\/\/www.strato.de\/\" target=\"_blank\" rel=\"noreferrer noopener\" aria-label=\" (\u00f6ffnet in neuem Tab)\">Strato<\/a>\u00a0gehostet<\/p>\r\n\r\n\r\n\r\n<div class=\"wp-block-image\">\r\n<figure class=\"alignright\"><img loading=\"lazy\" decoding=\"async\" width=\"167\" height=\"56\" class=\"wp-image-136\" src=\"http:\/\/wordpress.andreas-pfeiffer.de\/wp-content\/uploads\/2019\/02\/klimaschutz.gif\" alt=\"\" \/><\/figure>\r\n<\/div>\r\n\r\n\r\n\r\n<p>&nbsp;<\/p>\r\n","protected":false},"excerpt":{"rendered":"<p>Angaben gem\u00e4\u00df \u00a7 5 TMG Anschrift und Kontaktdaten: Andreas PfeifferFriedrich-Fr\u00f6bel-Str. 2 47804 KrefeldTelefon: +49 (0) 2151 6001355 E-Mail: postmaster(a)andreas-pfeiffer.de Gesetzliche Berufsbezeichnung: Staatlich anerkannter Ergotherapeut &#8211; in der Bundesrepublik Deutschland zugelassen Zust\u00e4ndige Aufsichtsbeh\u00f6rde: Stadt D\u00fcsseldorf Gesundheitsamt40200 D\u00fcsseldorfhttps:\/\/www.duesseldorf.de\/gesundheitsamt.html Berufsrechtliche Regelungen: Deutscher Verband Ergotherapie e. V. (DVE) Regelungen einsehbar unter Gesetze im Internet: Ergotherapeutengesetz \u2013 ErgThGErgotherapeuten- Ausbildungs- und [&hellip;]<\/p>\n","protected":false},"author":1,"featured_media":0,"parent":0,"menu_order":0,"comment_status":"closed","ping_status":"closed","template":"","meta":{"footnotes":""},"class_list":["post-7","page","type-page","status-publish","hentry"],"yoast_head":"<!-- This site is optimized with the Yoast SEO plugin v27.4 - https:\/\/yoast.com\/product\/yoast-seo-wordpress\/ -->\n<title>Impressum - Andreas Pfeiffer<\/title>\n<meta name=\"description\" content=\"Auf dieser Seite finden Sie das Impressum zum meiner Homepage mit allen rechtlich erforderlichen Angaben und Hinweisen.\" \/>\n<meta name=\"robots\" content=\"index, follow, max-snippet:-1, max-image-preview:large, max-video-preview:-1\" \/>\n<link rel=\"canonical\" href=\"https:\/\/andreas-pfeiffer.de\/?page_id=7\" \/>\n<meta property=\"og:locale\" content=\"de_DE\" \/>\n<meta property=\"og:type\" content=\"article\" \/>\n<meta property=\"og:title\" content=\"Impressum - Andreas Pfeiffer\" \/>\n<meta property=\"og:description\" content=\"Auf dieser Seite finden Sie das Impressum zum meiner Homepage mit allen rechtlich erforderlichen Angaben und Hinweisen.\" \/>\n<meta property=\"og:url\" content=\"https:\/\/andreas-pfeiffer.de\/?page_id=7\" \/>\n<meta property=\"og:site_name\" content=\"Andreas Pfeiffer\" \/>\n<meta property=\"article:modified_time\" content=\"2025-12-31T12:13:12+00:00\" \/>\n<meta property=\"og:image\" content=\"https:\/\/andreas-pfeiffer.de\/wp-content\/uploads\/2019\/02\/imprint-1186346_1920.jpg\" \/>\n\t<meta property=\"og:image:width\" content=\"1920\" \/>\n\t<meta property=\"og:image:height\" content=\"550\" \/>\n\t<meta property=\"og:image:type\" content=\"image\/jpeg\" \/>\n<meta name=\"twitter:card\" content=\"summary_large_image\" \/>\n<meta name=\"twitter:label1\" content=\"Gesch\u00e4tzte Lesezeit\" \/>\n\t<meta name=\"twitter:data1\" content=\"3\u00a0Minuten\" \/>\n<script type=\"application\/ld+json\" class=\"yoast-schema-graph\">{\"@context\":\"https:\\\/\\\/schema.org\",\"@graph\":[{\"@type\":\"WebPage\",\"@id\":\"https:\\\/\\\/andreas-pfeiffer.de\\\/?page_id=7\",\"url\":\"https:\\\/\\\/andreas-pfeiffer.de\\\/?page_id=7\",\"name\":\"Impressum - Andreas Pfeiffer\",\"isPartOf\":{\"@id\":\"https:\\\/\\\/andreas-pfeiffer.de\\\/#website\"},\"primaryImageOfPage\":{\"@id\":\"https:\\\/\\\/andreas-pfeiffer.de\\\/?page_id=7#primaryimage\"},\"image\":{\"@id\":\"https:\\\/\\\/andreas-pfeiffer.de\\\/?page_id=7#primaryimage\"},\"thumbnailUrl\":\"http:\\\/\\\/wordpress.andreas-pfeiffer.de\\\/wp-content\\\/uploads\\\/2019\\\/02\\\/imprint-1186346_1920-1024x293.jpg\",\"datePublished\":\"2019-02-04T09:35:02+00:00\",\"dateModified\":\"2025-12-31T12:13:12+00:00\",\"description\":\"Auf dieser Seite finden Sie das Impressum zum meiner Homepage mit allen rechtlich erforderlichen Angaben und Hinweisen.\",\"breadcrumb\":{\"@id\":\"https:\\\/\\\/andreas-pfeiffer.de\\\/?page_id=7#breadcrumb\"},\"inLanguage\":\"de\",\"potentialAction\":[{\"@type\":\"ReadAction\",\"target\":[\"https:\\\/\\\/andreas-pfeiffer.de\\\/?page_id=7\"]}]},{\"@type\":\"ImageObject\",\"inLanguage\":\"de\",\"@id\":\"https:\\\/\\\/andreas-pfeiffer.de\\\/?page_id=7#primaryimage\",\"url\":\"http:\\\/\\\/wordpress.andreas-pfeiffer.de\\\/wp-content\\\/uploads\\\/2019\\\/02\\\/imprint-1186346_1920-1024x293.jpg\",\"contentUrl\":\"http:\\\/\\\/wordpress.andreas-pfeiffer.de\\\/wp-content\\\/uploads\\\/2019\\\/02\\\/imprint-1186346_1920-1024x293.jpg\"},{\"@type\":\"BreadcrumbList\",\"@id\":\"https:\\\/\\\/andreas-pfeiffer.de\\\/?page_id=7#breadcrumb\",\"itemListElement\":[{\"@type\":\"ListItem\",\"position\":1,\"name\":\"Startseite\",\"item\":\"https:\\\/\\\/andreas-pfeiffer.de\\\/\"},{\"@type\":\"ListItem\",\"position\":2,\"name\":\"Impressum\"}]},{\"@type\":\"WebSite\",\"@id\":\"https:\\\/\\\/andreas-pfeiffer.de\\\/#website\",\"url\":\"https:\\\/\\\/andreas-pfeiffer.de\\\/\",\"name\":\"Andreas Pfeiffer\",\"description\":\"Ergotherapeut\",\"publisher\":{\"@id\":\"https:\\\/\\\/andreas-pfeiffer.de\\\/#\\\/schema\\\/person\\\/faf4c19532443b2c6dab5f647e1e4a99\"},\"potentialAction\":[{\"@type\":\"SearchAction\",\"target\":{\"@type\":\"EntryPoint\",\"urlTemplate\":\"https:\\\/\\\/andreas-pfeiffer.de\\\/?s={search_term_string}\"},\"query-input\":{\"@type\":\"PropertyValueSpecification\",\"valueRequired\":true,\"valueName\":\"search_term_string\"}}],\"inLanguage\":\"de\"},{\"@type\":[\"Person\",\"Organization\"],\"@id\":\"https:\\\/\\\/andreas-pfeiffer.de\\\/#\\\/schema\\\/person\\\/faf4c19532443b2c6dab5f647e1e4a99\",\"name\":\"Andreas Pfeiffer\",\"image\":{\"@type\":\"ImageObject\",\"inLanguage\":\"de\",\"@id\":\"http:\\\/\\\/andreas-pfeiffer.de\\\/wp-content\\\/uploads\\\/2019\\\/02\\\/Bild2018.jpg\",\"url\":\"http:\\\/\\\/andreas-pfeiffer.de\\\/wp-content\\\/uploads\\\/2019\\\/02\\\/Bild2018.jpg\",\"contentUrl\":\"http:\\\/\\\/andreas-pfeiffer.de\\\/wp-content\\\/uploads\\\/2019\\\/02\\\/Bild2018.jpg\",\"width\":1072,\"height\":712,\"caption\":\"Andreas Pfeiffer\"},\"logo\":{\"@id\":\"http:\\\/\\\/andreas-pfeiffer.de\\\/wp-content\\\/uploads\\\/2019\\\/02\\\/Bild2018.jpg\"}}]}<\/script>\n<!-- \/ Yoast SEO plugin. -->","yoast_head_json":{"title":"Impressum - Andreas Pfeiffer","description":"Auf dieser Seite finden Sie das Impressum zum meiner Homepage mit allen rechtlich erforderlichen Angaben und Hinweisen.","robots":{"index":"index","follow":"follow","max-snippet":"max-snippet:-1","max-image-preview":"max-image-preview:large","max-video-preview":"max-video-preview:-1"},"canonical":"https:\/\/andreas-pfeiffer.de\/?page_id=7","og_locale":"de_DE","og_type":"article","og_title":"Impressum - Andreas Pfeiffer","og_description":"Auf dieser Seite finden Sie das Impressum zum meiner Homepage mit allen rechtlich erforderlichen Angaben und Hinweisen.","og_url":"https:\/\/andreas-pfeiffer.de\/?page_id=7","og_site_name":"Andreas Pfeiffer","article_modified_time":"2025-12-31T12:13:12+00:00","og_image":[{"width":1920,"height":550,"url":"https:\/\/andreas-pfeiffer.de\/wp-content\/uploads\/2019\/02\/imprint-1186346_1920.jpg","type":"image\/jpeg"}],"twitter_card":"summary_large_image","twitter_misc":{"Gesch\u00e4tzte Lesezeit":"3\u00a0Minuten"},"schema":{"@context":"https:\/\/schema.org","@graph":[{"@type":"WebPage","@id":"https:\/\/andreas-pfeiffer.de\/?page_id=7","url":"https:\/\/andreas-pfeiffer.de\/?page_id=7","name":"Impressum - Andreas Pfeiffer","isPartOf":{"@id":"https:\/\/andreas-pfeiffer.de\/#website"},"primaryImageOfPage":{"@id":"https:\/\/andreas-pfeiffer.de\/?page_id=7#primaryimage"},"image":{"@id":"https:\/\/andreas-pfeiffer.de\/?page_id=7#primaryimage"},"thumbnailUrl":"http:\/\/wordpress.andreas-pfeiffer.de\/wp-content\/uploads\/2019\/02\/imprint-1186346_1920-1024x293.jpg","datePublished":"2019-02-04T09:35:02+00:00","dateModified":"2025-12-31T12:13:12+00:00","description":"Auf dieser Seite finden Sie das Impressum zum meiner Homepage mit allen rechtlich erforderlichen Angaben und Hinweisen.","breadcrumb":{"@id":"https:\/\/andreas-pfeiffer.de\/?page_id=7#breadcrumb"},"inLanguage":"de","potentialAction":[{"@type":"ReadAction","target":["https:\/\/andreas-pfeiffer.de\/?page_id=7"]}]},{"@type":"ImageObject","inLanguage":"de","@id":"https:\/\/andreas-pfeiffer.de\/?page_id=7#primaryimage","url":"http:\/\/wordpress.andreas-pfeiffer.de\/wp-content\/uploads\/2019\/02\/imprint-1186346_1920-1024x293.jpg","contentUrl":"http:\/\/wordpress.andreas-pfeiffer.de\/wp-content\/uploads\/2019\/02\/imprint-1186346_1920-1024x293.jpg"},{"@type":"BreadcrumbList","@id":"https:\/\/andreas-pfeiffer.de\/?page_id=7#breadcrumb","itemListElement":[{"@type":"ListItem","position":1,"name":"Startseite","item":"https:\/\/andreas-pfeiffer.de\/"},{"@type":"ListItem","position":2,"name":"Impressum"}]},{"@type":"WebSite","@id":"https:\/\/andreas-pfeiffer.de\/#website","url":"https:\/\/andreas-pfeiffer.de\/","name":"Andreas Pfeiffer","description":"Ergotherapeut","publisher":{"@id":"https:\/\/andreas-pfeiffer.de\/#\/schema\/person\/faf4c19532443b2c6dab5f647e1e4a99"},"potentialAction":[{"@type":"SearchAction","target":{"@type":"EntryPoint","urlTemplate":"https:\/\/andreas-pfeiffer.de\/?s={search_term_string}"},"query-input":{"@type":"PropertyValueSpecification","valueRequired":true,"valueName":"search_term_string"}}],"inLanguage":"de"},{"@type":["Person","Organization"],"@id":"https:\/\/andreas-pfeiffer.de\/#\/schema\/person\/faf4c19532443b2c6dab5f647e1e4a99","name":"Andreas Pfeiffer","image":{"@type":"ImageObject","inLanguage":"de","@id":"http:\/\/andreas-pfeiffer.de\/wp-content\/uploads\/2019\/02\/Bild2018.jpg","url":"http:\/\/andreas-pfeiffer.de\/wp-content\/uploads\/2019\/02\/Bild2018.jpg","contentUrl":"http:\/\/andreas-pfeiffer.de\/wp-content\/uploads\/2019\/02\/Bild2018.jpg","width":1072,"height":712,"caption":"Andreas Pfeiffer"},"logo":{"@id":"http:\/\/andreas-pfeiffer.de\/wp-content\/uploads\/2019\/02\/Bild2018.jpg"}}]}},"_links":{"self":[{"href":"https:\/\/andreas-pfeiffer.de\/index.php?rest_route=\/wp\/v2\/pages\/7","targetHints":{"allow":["GET"]}}],"collection":[{"href":"https:\/\/andreas-pfeiffer.de\/index.php?rest_route=\/wp\/v2\/pages"}],"about":[{"href":"https:\/\/andreas-pfeiffer.de\/index.php?rest_route=\/wp\/v2\/types\/page"}],"author":[{"embeddable":true,"href":"https:\/\/andreas-pfeiffer.de\/index.php?rest_route=\/wp\/v2\/users\/1"}],"replies":[{"embeddable":true,"href":"https:\/\/andreas-pfeiffer.de\/index.php?rest_route=%2Fwp%2Fv2%2Fcomments&post=7"}],"version-history":[{"count":43,"href":"https:\/\/andreas-pfeiffer.de\/index.php?rest_route=\/wp\/v2\/pages\/7\/revisions"}],"predecessor-version":[{"id":2015,"href":"https:\/\/andreas-pfeiffer.de\/index.php?rest_route=\/wp\/v2\/pages\/7\/revisions\/2015"}],"wp:attachment":[{"href":"https:\/\/andreas-pfeiffer.de\/index.php?rest_route=%2Fwp%2Fv2%2Fmedia&parent=7"}],"curies":[{"name":"wp","href":"https:\/\/api.w.org\/{rel}","templated":true}]}}